{"id":279461,"date":"2025-06-18T00:36:15","date_gmt":"2025-06-17T22:36:15","guid":{"rendered":"https:\/\/www.huntersfriend.eu\/product\/browning-titan-xl-feldbett\/"},"modified":"2025-08-26T10:34:45","modified_gmt":"2025-08-26T08:34:45","slug":"browning-titan-xl-feldbett","status":"publish","type":"product","link":"https:\/\/www.huntersfriend.eu\/de\/produkt\/browning-titan-xl-feldbett\/","title":{"rendered":"Browning Titan XL Feldbett"},"content":{"rendered":"<p data-start=\"0\" data-end=\"70\"><strong data-start=\"0\" data-end=\"70\">Browning Titan Cot XP \u2013 extrem robustes Feldbett f\u00fcr gr\u00f6\u00dfere Benutzer<\/strong><\/p>\n<p data-start=\"72\" data-end=\"491\">Das <em data-start=\"76\" data-end=\"99\">Browning Titan Cot XP<\/em> ist ein erstklassiges Feldbett \u2013 speziell f\u00fcr diejenigen entwickelt, die Wert auf maximale Stabilit\u00e4t, Ger\u00e4umigkeit und Komfort beim Schlafen im Freien legen. Dieses au\u00dfergew\u00f6hnlich stabile Bett ist die perfekte Wahl f\u00fcr J\u00e4ger, Camper und Milit\u00e4r- oder \u00dcberlebenslager. Seine breite und lange Liegefl\u00e4che sorgt auch f\u00fcr gr\u00f6\u00dfere Benutzer f\u00fcr einen guten Schlaf, und die Struktur tr\u00e4gt bis zu <strong data-start=\"460\" data-end=\"480\">204 kg<\/strong> Gewicht.  <\/p>\n<hr data-start=\"493\" data-end=\"496\">\n<h3 data-start=\"498\" data-end=\"518\"><strong data-start=\"502\" data-end=\"518\">Hauptmerkmale<\/strong><\/h3>\n<ul data-start=\"519\" data-end=\"661\">\n<li data-start=\"519\" data-end=\"547\">\n<p data-start=\"521\" data-end=\"547\">Robuster und breiter XL-Rahmen<\/p>\n<\/li>\n<li data-start=\"548\" data-end=\"580\">\n<p data-start=\"550\" data-end=\"580\">Extragro\u00dfe Liegefl\u00e4che<\/p>\n<\/li>\n<li data-start=\"581\" data-end=\"611\">\n<p data-start=\"583\" data-end=\"611\">F\u00fcr schwerere Benutzer entwickelt<\/p>\n<\/li>\n<li data-start=\"612\" data-end=\"638\">\n<p data-start=\"614\" data-end=\"638\">Zusammenklappbar f\u00fcr den Transport<\/p>\n<\/li>\n<li data-start=\"639\" data-end=\"661\">\n<p data-start=\"641\" data-end=\"661\">Inklusive Tragetasche<\/p>\n<\/li>\n<\/ul>\n<hr data-start=\"663\" data-end=\"666\">\n<h3 data-start=\"668\" data-end=\"694\"><strong data-start=\"672\" data-end=\"694\">Verwendung und Funktionen<\/strong><\/h3>\n<p data-start=\"695\" data-end=\"1164\">Das <strong data-start=\"699\" data-end=\"715\">Titan Cot XP<\/strong> ist so gebaut, dass es starker Beanspruchung standh\u00e4lt und gleichzeitig eine komfortable Schlafplattform im Gel\u00e4nde bietet. Sein Stahl- und Aluminiumrahmen macht es au\u00dfergew\u00f6hnlich stabil \u2013 kein Wackeln oder Durchh\u00e4ngen w\u00e4hrend des Gebrauchs. Die gro\u00dfe Liegefl\u00e4che bietet viel Platz zum Ausstrecken \u2013 egal, ob Sie gro\u00df, breit gebaut sind oder schwere Ausr\u00fcstung tragen. Die erh\u00f6hte H\u00f6he erleichtert das Ein- und Aussteigen. Es l\u00e4sst sich f\u00fcr den Transport zusammenklappen und passt in die mitgelieferte, strapazierf\u00e4hige Tragetasche.    <\/p>\n<hr data-start=\"1166\" data-end=\"1169\">\n<h3 data-start=\"1171\" data-end=\"1203\"><strong data-start=\"1175\" data-end=\"1203\">Technische Daten<\/strong><\/h3>\n<ul data-start=\"1204\" data-end=\"1532\">\n<li data-start=\"1204\" data-end=\"1238\">\n<p data-start=\"1206\" data-end=\"1238\"><strong data-start=\"1206\" data-end=\"1216\">Farbe:<\/strong> Charcoal (Aschgrau)<\/p>\n<\/li>\n<li data-start=\"1239\" data-end=\"1272\">\n<p data-start=\"1241\" data-end=\"1272\"><strong data-start=\"1241\" data-end=\"1251\">Rahmen:<\/strong> Stahl und Aluminium<\/p>\n<\/li>\n<li data-start=\"1273\" data-end=\"1311\">\n<p data-start=\"1275\" data-end=\"1311\"><strong data-start=\"1275\" data-end=\"1286\">Material:<\/strong> Strapazierf\u00e4higes 600D-Polyester<\/p>\n<\/li>\n<li data-start=\"1312\" data-end=\"1348\">\n<p data-start=\"1314\" data-end=\"1348\"><strong data-start=\"1314\" data-end=\"1325\">Gewicht:<\/strong> 9,3 kg<\/p>\n<\/li>\n<li data-start=\"1349\" data-end=\"1390\">\n<p data-start=\"1351\" data-end=\"1390\"><strong data-start=\"1351\" data-end=\"1371\">Gewichtskapazit\u00e4t:<\/strong> 204 kg<\/p>\n<\/li>\n<li data-start=\"1391\" data-end=\"1449\">\n<p data-start=\"1393\" data-end=\"1449\"><strong data-start=\"1393\" data-end=\"1417\">Abmessungen (aufgeklappt):<\/strong> 216 x 102 x 53 cm (L x B x H)<\/p>\n<\/li>\n<li data-start=\"1450\" data-end=\"1493\">\n<p data-start=\"1452\" data-end=\"1493\"><strong data-start=\"1452\" data-end=\"1474\">Abmessungen (verpackt):<\/strong> 122 x 13 x 23 cm<\/p>\n<\/li>\n<li data-start=\"1494\" data-end=\"1532\">\n<p data-start=\"1496\" data-end=\"1532\"><strong data-start=\"1496\" data-end=\"1509\">Inklusive:<\/strong> Robuste Tragetasche<\/p>\n<\/li>\n<\/ul>\n<hr data-start=\"1534\" data-end=\"1537\">\n<p data-start=\"1539\" data-end=\"1739\" data-is-last-node=\"\" data-is-only-node=\"\">Das <strong data-start=\"1543\" data-end=\"1568\">Browning Titan Cot XP<\/strong> ist die richtige Wahl, wenn Sie ein Feldbett ben\u00f6tigen, auf das Sie sich verlassen k\u00f6nnen \u2013 egal unter welchen Bedingungen. Es bringt Komfort wie zu Hause ins Freie und ist f\u00fcr jahrelangen Gebrauch gebaut. <\/p>\n","protected":false},"excerpt":{"rendered":"<p>Browning Titan Cot XP \u2013 extrem robustes Feldbett f\u00fcr gr\u00f6\u00dfere Benutzer Das Browning Titan Cot XP ist ein erstklassiges Feldbett \u2013 speziell f\u00fcr diejenigen entwickelt, die Wert auf maximale Stabilit\u00e4t, Ger\u00e4umigkeit und Komfort beim Schlafen im Freien legen. Dieses au\u00dfergew\u00f6hnlich stabile Bett ist die perfekte Wahl f\u00fcr J\u00e4ger, Camper und Milit\u00e4r- oder \u00dcberlebenslager. Seine breite [&#8230;]\n","protected":false},"featured_media":284980,"comment_status":"open","ping_status":"closed","template":"","meta":[],"product_brand":[],"product_cat":[2068],"product_tag":[],"class_list":{"0":"post-279461","1":"product","2":"type-product","3":"status-publish","4":"has-post-thumbnail","6":"product_cat-campingliegen-und-matten","8":"first","9":"outofstock","10":"taxable","11":"shipping-taxable","12":"purchasable","13":"product-type-simple"},"composite_virtual":false,"composite_layout":"","composite_add_to_cart_form_location":"","composite_editable_in_cart":false,"composite_sold_individually_context":"","composite_shop_price_calc":"","composite_components":[],"composite_scenarios":[],"group_of_quantity":0,"min_quantity":0,"max_quantity":"","exclude_order_quantity_value_rules":"no","exclude_category_quantity_rules":"no","combine_variations":"no","exclude_global_add_ons":[],"addons":[],"_links":{"self":[{"href":"https:\/\/www.huntersfriend.eu\/de\/wp-json\/wp\/v2\/product\/279461","targetHints":{"allow":["GET"]}}],"collection":[{"href":"https:\/\/www.huntersfriend.eu\/de\/wp-json\/wp\/v2\/product"}],"about":[{"href":"https:\/\/www.huntersfriend.eu\/de\/wp-json\/wp\/v2\/types\/product"}],"replies":[{"embeddable":true,"href":"https:\/\/www.huntersfriend.eu\/de\/wp-json\/wp\/v2\/comments?post=279461"}],"wp:featuredmedia":[{"embeddable":true,"href":"https:\/\/www.huntersfriend.eu\/de\/wp-json\/wp\/v2\/media\/284980"}],"wp:attachment":[{"href":"https:\/\/www.huntersfriend.eu\/de\/wp-json\/wp\/v2\/media?parent=279461"}],"wp:term":[{"taxonomy":"product_brand","embeddable":true,"href":"https:\/\/www.huntersfriend.eu\/de\/wp-json\/wp\/v2\/product_brand?post=279461"},{"taxonomy":"product_cat","embeddable":true,"href":"https:\/\/www.huntersfriend.eu\/de\/wp-json\/wp\/v2\/product_cat?post=279461"},{"taxonomy":"product_tag","embeddable":true,"href":"https:\/\/www.huntersfriend.eu\/de\/wp-json\/wp\/v2\/product_tag?post=279461"}],"curies":[{"name":"wp","href":"https:\/\/api.w.org\/{rel}","templated":true}]}}