{"id":279458,"date":"2025-06-18T00:36:14","date_gmt":"2025-06-18T05:23:00","guid":{"rendered":"https:\/\/www.huntersfriend.eu\/product\/braeunende-beckenstuhl\/"},"modified":"2025-08-14T12:37:31","modified_gmt":"2025-08-14T10:37:31","slug":"braeunende-beckenstuhl","status":"publish","type":"product","link":"https:\/\/www.huntersfriend.eu\/de\/produkt\/braeunende-beckenstuhl\/","title":{"rendered":"Br\u00e4unende Beckenstuhl"},"content":{"rendered":"<p>Der Browning Camping Basin Chair kann auf jedes Abenteuer mitgenommen werden. Der Basin wiegt weniger als 5 lbs. und l\u00e4sst sich in der mitgelieferten 15&#8243; L x 5&#8243; B x 5&#8243; H Tragetasche verstauen. Der robuste, pulverbeschichtete Stahlrahmen ist mit einem Shockcord verbunden, um einen schnellen, frustfreien Aufbau zu erm\u00f6glichen. Die mitgelieferte Tragetasche kann auch am Stuhl befestigt werden und dient gleichzeitig als Zubeh\u00f6rtasche mit Rei\u00dfverschluss.    <\/p>\n<ul>\n<li>8511501 schwarz<\/li>\n<\/ul>\n<ul>\n<li>Robustes, kompaktes, zusammenklappbares Design<\/li>\n<li>420D Polyester-Honeycomb-Ripstop-Gewebe<\/li>\n<li>Strapazierf\u00e4higer Stahlrahmen<\/li>\n<li>Nylon-Mesh-Gewebe in der Mitte<\/li>\n<li>Die praktische Tragetasche mit Rei\u00dfverschluss kann einfach am Stuhl befestigt werden, sodass sie nicht verloren geht und gleichzeitig als praktische Zubeh\u00f6rtasche dient<\/li>\n<\/ul>\n<table>\n<tbody>\n<tr>\n<th scope=\"row\">Sitzbreite vorne<\/th>\n<td>21&#8243;<\/td>\n<\/tr>\n<tr>\n<th scope=\"row\">Sitzbreite hinten<\/th>\n<td>15&#8243;<\/td>\n<\/tr>\n<tr>\n<th scope=\"row\">Sitztiefe<\/th>\n<td>16&#8243;<\/td>\n<\/tr>\n<tr>\n<th scope=\"row\">Sitzh\u00f6he vorne<\/th>\n<td>14&#8243;<\/td>\n<\/tr>\n<tr>\n<th scope=\"row\">Sitzh\u00f6he hinten<\/th>\n<td>12&#8243;<\/td>\n<\/tr>\n<tr>\n<th scope=\"row\">H\u00f6he der R\u00fcckenlehne<\/th>\n<td>16&#8243;<\/td>\n<\/tr>\n<tr>\n<th scope=\"row\">Verpackungsgr\u00f6\u00dfe<\/th>\n<td>15&#8243; L x 5&#8243; B x 5&#8243; H<\/td>\n<\/tr>\n<tr>\n<th scope=\"row\">Gewicht<\/th>\n<td>1,99 kg <\/td>\n<\/tr>\n<tr>\n<th scope=\"row\">Gewichtskapazit\u00e4t<\/th>\n<td>275 lbs.<\/td>\n<\/tr>\n<\/tbody>\n<\/table>\n","protected":false},"excerpt":{"rendered":"<p>Der Browning Camping Basin Chair kann auf jedes Abenteuer mitgenommen werden. Der Basin wiegt weniger als 5 lbs. und l\u00e4sst sich in der mitgelieferten 15&#8243; L x 5&#8243; B x 5&#8243; H Tragetasche verstauen. Der robuste, pulverbeschichtete Stahlrahmen ist mit einem Shockcord verbunden, um einen schnellen, frustfreien Aufbau zu erm\u00f6glichen. Die mitgelieferte Tragetasche kann auch [&#8230;]\n","protected":false},"featured_media":284939,"comment_status":"open","ping_status":"closed","template":"","meta":[],"product_brand":[],"product_cat":[2050],"product_tag":[],"class_list":{"0":"post-279458","1":"product","2":"type-product","3":"status-publish","4":"has-post-thumbnail","6":"product_cat-campingzubehor","8":"first","9":"instock","10":"taxable","11":"shipping-taxable","12":"purchasable","13":"product-type-simple"},"composite_virtual":false,"composite_layout":"","composite_add_to_cart_form_location":"","composite_editable_in_cart":false,"composite_sold_individually_context":"","composite_shop_price_calc":"","composite_components":[],"composite_scenarios":[],"group_of_quantity":0,"min_quantity":0,"max_quantity":"","exclude_order_quantity_value_rules":"no","exclude_category_quantity_rules":"no","combine_variations":"no","exclude_global_add_ons":[],"addons":[],"_links":{"self":[{"href":"https:\/\/www.huntersfriend.eu\/de\/wp-json\/wp\/v2\/product\/279458","targetHints":{"allow":["GET"]}}],"collection":[{"href":"https:\/\/www.huntersfriend.eu\/de\/wp-json\/wp\/v2\/product"}],"about":[{"href":"https:\/\/www.huntersfriend.eu\/de\/wp-json\/wp\/v2\/types\/product"}],"replies":[{"embeddable":true,"href":"https:\/\/www.huntersfriend.eu\/de\/wp-json\/wp\/v2\/comments?post=279458"}],"wp:featuredmedia":[{"embeddable":true,"href":"https:\/\/www.huntersfriend.eu\/de\/wp-json\/wp\/v2\/media\/284939"}],"wp:attachment":[{"href":"https:\/\/www.huntersfriend.eu\/de\/wp-json\/wp\/v2\/media?parent=279458"}],"wp:term":[{"taxonomy":"product_brand","embeddable":true,"href":"https:\/\/www.huntersfriend.eu\/de\/wp-json\/wp\/v2\/product_brand?post=279458"},{"taxonomy":"product_cat","embeddable":true,"href":"https:\/\/www.huntersfriend.eu\/de\/wp-json\/wp\/v2\/product_cat?post=279458"},{"taxonomy":"product_tag","embeddable":true,"href":"https:\/\/www.huntersfriend.eu\/de\/wp-json\/wp\/v2\/product_tag?post=279458"}],"curies":[{"name":"wp","href":"https:\/\/api.w.org\/{rel}","templated":true}]}}