{"id":279206,"date":"2025-05-07T13:12:15","date_gmt":"2025-06-04T10:13:26","guid":{"rendered":"https:\/\/www.huntersfriend.eu\/product\/meopta-meohunter-r5-3-15x50-rd-sfp-bdc-3\/"},"modified":"2025-06-04T12:13:26","modified_gmt":"2025-06-04T10:13:26","slug":"meopta-meohunter-r5-3-15x50-rd-sfp-bdc-3","status":"publish","type":"product","link":"https:\/\/www.huntersfriend.eu\/de\/produkt\/meopta-meohunter-r5-3-15x50-rd-sfp-bdc-3\/","title":{"rendered":"Meopta MeoHunter R5 3-15&#215;50 RD SFP &#8211; BDC-3"},"content":{"rendered":"<p class=\"\" data-start=\"0\" data-end=\"24\"><strong data-start=\"0\" data-end=\"24\">Meopta Neuheit f\u00fcr 2025!<\/strong><\/p>\n<p class=\"\" data-start=\"26\" data-end=\"447\">Das <strong data-start=\"30\" data-end=\"53\">Meopta MeoHunter R5<\/strong> ist eine brandneue Zielfernrohrserie mit einem 30-mm-Haupttubus, einem 5-fachen Zoombereich und hervorragenden Benutzerfreundlichkeitsmerkmalen. Das Zielfernrohr verf\u00fcgt \u00fcber eine 11-stufige Beleuchtungseinstellung des Absehens, die sowohl bei Jagdbedingungen mit schwachem Licht als auch bei hellem Tageslicht Sichtbarkeit bietet. Das Beleuchtungssystem umfasst Zwischenstufen und eine 2-Stunden-AUTO-OFF-Funktion f\u00fcr den Fall, dass der rote Punkt versehentlich w\u00e4hrend der Lagerung eingeschaltet bleibt.  <\/p>\n<p class=\"\" data-start=\"449\" data-end=\"761\">Die Schnellverriegelungs-H\u00f6hen- und Seitenverstellt\u00fcrme erm\u00f6glichen ein schnelles Einschie\u00dfen und einfache Anpassungen beim Schie\u00dfen auf verschiedene Entfernungen. Das Zielfernrohr verf\u00fcgt zudem \u00fcber eine einstellbare Parallaxe. Sein schlankes, stromlinienf\u00f6rmiges Design mit strukturierten Grifffl\u00e4chen gew\u00e4hrleistet eine komfortable Handhabung. Geliefert wird es mit robusten Klapplinsendeckeln aus Aluminium.   <\/p>\n<p class=\"\" data-start=\"763\" data-end=\"855\">Das Zielfernrohr ist mit verschiedenen Absehen-Optionen sowohl in der ersten als auch in der zweiten Bildebene erh\u00e4ltlich.<\/p>\n<p class=\"\" data-start=\"857\" data-end=\"886\"><strong data-start=\"857\" data-end=\"886\">Technische Spezifikationen:<\/strong><\/p>\n<ul data-start=\"888\" data-end=\"1466\">\n<li class=\"\" data-start=\"888\" data-end=\"916\">\n<p class=\"\" data-start=\"890\" data-end=\"916\"><strong data-start=\"890\" data-end=\"908\">Vergr\u00f6\u00dferung:<\/strong> 3\u201315x<\/p>\n<\/li>\n<li class=\"\" data-start=\"917\" data-end=\"955\">\n<p class=\"\" data-start=\"919\" data-end=\"955\"><strong data-start=\"919\" data-end=\"947\">Objektivdurchmesser:<\/strong> 50 mm<\/p>\n<\/li>\n<li class=\"\" data-start=\"956\" data-end=\"989\">\n<p class=\"\" data-start=\"958\" data-end=\"989\"><strong data-start=\"958\" data-end=\"981\">Haupttubusdurchmesser:<\/strong> 30 mm<\/p>\n<\/li>\n<li class=\"\" data-start=\"990\" data-end=\"1072\">\n<p class=\"\" data-start=\"992\" data-end=\"1072\"><strong data-start=\"992\" data-end=\"1010\">Absehen-Typ:<\/strong> BDC-3<\/p>\n<\/li>\n<li class=\"\" data-start=\"1073\" data-end=\"1119\">\n<p class=\"\" data-start=\"1075\" data-end=\"1119\"><strong data-start=\"1075\" data-end=\"1088\">Inklusive:<\/strong> Klapplinsendeckel aus Aluminium<\/p>\n<\/li>\n<li class=\"\" data-start=\"1120\" data-end=\"1151\">\n<p class=\"\" data-start=\"1122\" data-end=\"1151\"><strong data-start=\"1122\" data-end=\"1145\">Lichtdurchl\u00e4ssigkeit:<\/strong> 84%<\/p>\n<\/li>\n<li class=\"\" data-start=\"1152\" data-end=\"1196\">\n<p class=\"\" data-start=\"1154\" data-end=\"1196\"><strong data-start=\"1154\" data-end=\"1181\">Sehfeld (auf 100 m):<\/strong> 12,5 \u2013 2,5 m<\/p>\n<\/li>\n<li class=\"\" data-start=\"1197\" data-end=\"1251\">\n<p class=\"\" data-start=\"1199\" data-end=\"1251\"><strong data-start=\"1199\" data-end=\"1219\">Beleuchteter Punkt:<\/strong> 11-stufige Helligkeitseinstellung<\/p>\n<\/li>\n<li class=\"\" data-start=\"1252\" data-end=\"1290\">\n<p class=\"\" data-start=\"1254\" data-end=\"1290\"><strong data-start=\"1254\" data-end=\"1278\">Parallaxeneinstellung:<\/strong> 10 m bis \u221e<\/p>\n<\/li>\n<li class=\"\" data-start=\"1291\" data-end=\"1327\">\n<p class=\"\" data-start=\"1293\" data-end=\"1327\"><strong data-start=\"1293\" data-end=\"1316\">Dioptrieneinstellung:<\/strong> -3 bis +2<\/p>\n<\/li>\n<li class=\"\" data-start=\"1328\" data-end=\"1356\">\n<p class=\"\" data-start=\"1330\" data-end=\"1356\"><strong data-start=\"1330\" data-end=\"1345\">Augenabstand:<\/strong> 95\u201398 mm<\/p>\n<\/li>\n<li class=\"\" data-start=\"1357\" data-end=\"1378\">\n<p class=\"\" data-start=\"1359\" data-end=\"1378\"><strong data-start=\"1359\" data-end=\"1370\">Gewicht:<\/strong> 635 g<\/p>\n<\/li>\n<li class=\"\" data-start=\"1379\" data-end=\"1401\">\n<p class=\"\" data-start=\"1381\" data-end=\"1401\"><strong data-start=\"1381\" data-end=\"1392\">L\u00e4nge:<\/strong> 340 mm<\/p>\n<\/li>\n<li class=\"\" data-start=\"1402\" data-end=\"1466\">\n<p class=\"\" data-start=\"1404\" data-end=\"1466\"><strong data-start=\"1404\" data-end=\"1417\">Garantie:<\/strong> 2 Jahre (erweiterbar auf 10 Jahre bei Registrierung)<\/p>\n<\/li>\n<\/ul>\n","protected":false},"excerpt":{"rendered":"<p>Meopta Neuheit f\u00fcr 2025! Das Meopta MeoHunter R5 ist eine brandneue Zielfernrohrserie mit einem 30-mm-Haupttubus, einem 5-fachen Zoombereich und hervorragenden Benutzerfreundlichkeitsmerkmalen. Das Zielfernrohr verf\u00fcgt \u00fcber eine 11-stufige Beleuchtungseinstellung des Absehens, die sowohl bei Jagdbedingungen mit schwachem Licht als auch bei hellem Tageslicht Sichtbarkeit bietet. Das Beleuchtungssystem umfasst Zwischenstufen und eine 2-Stunden-AUTO-OFF-Funktion f\u00fcr den Fall, dass [&#8230;]\n","protected":false},"featured_media":278553,"comment_status":"open","ping_status":"closed","template":"","meta":[],"product_brand":[],"product_cat":[1132],"product_tag":[],"class_list":{"0":"post-279206","1":"product","2":"type-product","3":"status-publish","4":"has-post-thumbnail","6":"product_cat-zielfernrohre","8":"first","9":"instock","10":"taxable","11":"shipping-taxable","12":"purchasable","13":"product-type-simple"},"composite_virtual":false,"composite_layout":"","composite_add_to_cart_form_location":"","composite_editable_in_cart":false,"composite_sold_individually_context":"","composite_shop_price_calc":"","composite_components":[],"composite_scenarios":[],"group_of_quantity":0,"min_quantity":0,"max_quantity":"","exclude_order_quantity_value_rules":"no","exclude_category_quantity_rules":"no","combine_variations":"no","exclude_global_add_ons":[],"addons":[],"_links":{"self":[{"href":"https:\/\/www.huntersfriend.eu\/de\/wp-json\/wp\/v2\/product\/279206","targetHints":{"allow":["GET"]}}],"collection":[{"href":"https:\/\/www.huntersfriend.eu\/de\/wp-json\/wp\/v2\/product"}],"about":[{"href":"https:\/\/www.huntersfriend.eu\/de\/wp-json\/wp\/v2\/types\/product"}],"replies":[{"embeddable":true,"href":"https:\/\/www.huntersfriend.eu\/de\/wp-json\/wp\/v2\/comments?post=279206"}],"wp:featuredmedia":[{"embeddable":true,"href":"https:\/\/www.huntersfriend.eu\/de\/wp-json\/wp\/v2\/media\/278553"}],"wp:attachment":[{"href":"https:\/\/www.huntersfriend.eu\/de\/wp-json\/wp\/v2\/media?parent=279206"}],"wp:term":[{"taxonomy":"product_brand","embeddable":true,"href":"https:\/\/www.huntersfriend.eu\/de\/wp-json\/wp\/v2\/product_brand?post=279206"},{"taxonomy":"product_cat","embeddable":true,"href":"https:\/\/www.huntersfriend.eu\/de\/wp-json\/wp\/v2\/product_cat?post=279206"},{"taxonomy":"product_tag","embeddable":true,"href":"https:\/\/www.huntersfriend.eu\/de\/wp-json\/wp\/v2\/product_tag?post=279206"}],"curies":[{"name":"wp","href":"https:\/\/api.w.org\/{rel}","templated":true}]}}