{"id":279205,"date":"2025-05-07T13:12:15","date_gmt":"2025-06-04T10:13:25","guid":{"rendered":"https:\/\/www.huntersfriend.eu\/product\/meopta-meohunter-r5-4-20x50-rd-sfp-4c\/"},"modified":"2025-11-12T22:39:21","modified_gmt":"2025-11-12T20:39:21","slug":"meopta-meohunter-r5-4-20x50-rd-sfp-4c","status":"publish","type":"product","link":"https:\/\/www.huntersfriend.eu\/de\/produkt\/meopta-meohunter-r5-4-20x50-rd-sfp-4c\/","title":{"rendered":"Meopta MeoHunter R5 4-20&#215;50 RD SFP &#8211; 4C"},"content":{"rendered":"<p class=\"\" data-start=\"0\" data-end=\"24\"><strong data-start=\"0\" data-end=\"24\">Meopta Neuheit f\u00fcr 2025!<\/strong><\/p>\n<p class=\"\" data-start=\"26\" data-end=\"447\">Der <strong data-start=\"30\" data-end=\"53\">Meopta MeoHunter R5<\/strong> ist eine brandneue Zielfernrohrserie mit einem 30-mm-Haupttubus, 5-fachem Zoombereich und exzellenten Benutzerfreundlichkeitsmerkmalen. Das Zielfernrohr ist mit einer 11-stufigen beleuchteten Absehen-Einstellung ausgestattet, die sowohl f\u00fcr die Jagd bei schwachem Licht als auch bei hellem Tageslicht geeignet ist. Die Beleuchtungssteuerung umfasst Zwischenstufen und eine 2-Stunden-Abschaltautomatik f\u00fcr den Fall, dass der rote Punkt w\u00e4hrend der Lagerung versehentlich eingeschaltet bleibt.  <\/p>\n<p class=\"\" data-start=\"449\" data-end=\"744\">Schnellverriegelbare H\u00f6hen- und Seitenverstellt\u00fcrme erm\u00f6glichen eine rasche Nullstellung und einfache Anpassung beim Schie\u00dfen auf verschiedene Entfernungen. Das Zielfernrohr verf\u00fcgt zudem \u00fcber eine einstellbare Parallaxe. Es hat ein schlankes, stromlinienf\u00f6rmiges Design mit strukturierten Grifffl\u00e4chen f\u00fcr bessere Handhabung. Geliefert wird es mit Klappdeckeln aus Aluminium f\u00fcr die Linsen.   <\/p>\n<p class=\"\" data-start=\"746\" data-end=\"775\"><strong data-start=\"746\" data-end=\"775\">Technische Spezifikationen:<\/strong><\/p>\n<ul data-start=\"777\" data-end=\"1348\">\n<li class=\"\" data-start=\"777\" data-end=\"805\">\n<p class=\"\" data-start=\"779\" data-end=\"805\"><strong data-start=\"779\" data-end=\"797\">Vergr\u00f6\u00dferung:<\/strong> 4\u201320x<\/p>\n<\/li>\n<li class=\"\" data-start=\"806\" data-end=\"844\">\n<p class=\"\" data-start=\"808\" data-end=\"844\"><strong data-start=\"808\" data-end=\"836\">Objektivdurchmesser:<\/strong> 50 mm<\/p>\n<\/li>\n<li class=\"\" data-start=\"845\" data-end=\"878\">\n<p class=\"\" data-start=\"847\" data-end=\"878\"><strong data-start=\"847\" data-end=\"870\">Haupttubusdurchmesser:<\/strong> 30 mm<\/p>\n<\/li>\n<li class=\"\" data-start=\"879\" data-end=\"911\">\n<p class=\"\" data-start=\"881\" data-end=\"911\"><strong data-start=\"881\" data-end=\"899\">Absehen-Typ:<\/strong> 4C<\/p>\n<\/li>\n<li class=\"\" data-start=\"912\" data-end=\"956\">\n<p class=\"\" data-start=\"914\" data-end=\"956\"><strong data-start=\"914\" data-end=\"935\">Absehen-Position:<\/strong> Zweite Bildebene<\/p>\n<\/li>\n<li class=\"\" data-start=\"957\" data-end=\"1003\">\n<p class=\"\" data-start=\"959\" data-end=\"1003\"><strong data-start=\"959\" data-end=\"972\">Inklusive:<\/strong> Klappdeckel aus Aluminium f\u00fcr die Linsen<\/p>\n<\/li>\n<li class=\"\" data-start=\"1004\" data-end=\"1035\">\n<p class=\"\" data-start=\"1006\" data-end=\"1035\"><strong data-start=\"1006\" data-end=\"1029\">Lichtdurchl\u00e4ssigkeit:<\/strong> 84%<\/p>\n<\/li>\n<li class=\"\" data-start=\"1036\" data-end=\"1081\">\n<p class=\"\" data-start=\"1038\" data-end=\"1081\"><strong data-start=\"1038\" data-end=\"1065\">Sehfeld (auf 100 m):<\/strong> 9,17 \u2013 1,82 m<\/p>\n<\/li>\n<li class=\"\" data-start=\"1082\" data-end=\"1133\">\n<p class=\"\" data-start=\"1084\" data-end=\"1133\"><strong data-start=\"1084\" data-end=\"1104\">Beleuchteter Punkt:<\/strong> 11-stufige Helligkeitsregelung<\/p>\n<\/li>\n<li class=\"\" data-start=\"1134\" data-end=\"1172\">\n<p class=\"\" data-start=\"1136\" data-end=\"1172\"><strong data-start=\"1136\" data-end=\"1160\">Parallaxeneinstellung:<\/strong> 15 m bis \u221e<\/p>\n<\/li>\n<li class=\"\" data-start=\"1173\" data-end=\"1209\">\n<p class=\"\" data-start=\"1175\" data-end=\"1209\"><strong data-start=\"1175\" data-end=\"1198\">Dioptrieneinstellung:<\/strong> -3 bis +2<\/p>\n<\/li>\n<li class=\"\" data-start=\"1210\" data-end=\"1238\">\n<p class=\"\" data-start=\"1212\" data-end=\"1238\"><strong data-start=\"1212\" data-end=\"1227\">Augenabstand:<\/strong> 94\u201396 mm<\/p>\n<\/li>\n<li class=\"\" data-start=\"1239\" data-end=\"1260\">\n<p class=\"\" data-start=\"1241\" data-end=\"1260\"><strong data-start=\"1241\" data-end=\"1252\">Gewicht:<\/strong> 620 g<\/p>\n<\/li>\n<li class=\"\" data-start=\"1261\" data-end=\"1283\">\n<p class=\"\" data-start=\"1263\" data-end=\"1283\"><strong data-start=\"1263\" data-end=\"1274\">L\u00e4nge:<\/strong> 340 mm<\/p>\n<\/li>\n<li class=\"\" data-start=\"1284\" data-end=\"1348\">\n<p class=\"\" data-start=\"1286\" data-end=\"1348\"><strong data-start=\"1286\" data-end=\"1299\">Garantie:<\/strong> 2 Jahre (erweiterbar auf 10 Jahre bei Registrierung)<\/p>\n<\/li>\n<\/ul>\n","protected":false},"excerpt":{"rendered":"<p>Meopta Neuheit f\u00fcr 2025! Der Meopta MeoHunter R5 ist eine brandneue Zielfernrohrserie mit einem 30-mm-Haupttubus, 5-fachem Zoombereich und exzellenten Benutzerfreundlichkeitsmerkmalen. Das Zielfernrohr ist mit einer 11-stufigen beleuchteten Absehen-Einstellung ausgestattet, die sowohl f\u00fcr die Jagd bei schwachem Licht als auch bei hellem Tageslicht geeignet ist. Die Beleuchtungssteuerung umfasst Zwischenstufen und eine 2-Stunden-Abschaltautomatik f\u00fcr den Fall, dass [&#8230;]\n","protected":false},"featured_media":278542,"comment_status":"open","ping_status":"closed","template":"","meta":[],"product_brand":[],"product_cat":[1132],"product_tag":[],"class_list":{"0":"post-279205","1":"product","2":"type-product","3":"status-publish","4":"has-post-thumbnail","6":"product_cat-zielfernrohre","8":"first","9":"instock","10":"taxable","11":"shipping-taxable","12":"purchasable","13":"product-type-simple"},"composite_virtual":false,"composite_layout":"","composite_add_to_cart_form_location":"","composite_editable_in_cart":false,"composite_sold_individually_context":"","composite_shop_price_calc":"","composite_components":[],"composite_scenarios":[],"group_of_quantity":0,"min_quantity":0,"max_quantity":"","exclude_order_quantity_value_rules":"no","exclude_category_quantity_rules":"no","combine_variations":"no","exclude_global_add_ons":[],"addons":[],"_links":{"self":[{"href":"https:\/\/www.huntersfriend.eu\/de\/wp-json\/wp\/v2\/product\/279205","targetHints":{"allow":["GET"]}}],"collection":[{"href":"https:\/\/www.huntersfriend.eu\/de\/wp-json\/wp\/v2\/product"}],"about":[{"href":"https:\/\/www.huntersfriend.eu\/de\/wp-json\/wp\/v2\/types\/product"}],"replies":[{"embeddable":true,"href":"https:\/\/www.huntersfriend.eu\/de\/wp-json\/wp\/v2\/comments?post=279205"}],"wp:featuredmedia":[{"embeddable":true,"href":"https:\/\/www.huntersfriend.eu\/de\/wp-json\/wp\/v2\/media\/278542"}],"wp:attachment":[{"href":"https:\/\/www.huntersfriend.eu\/de\/wp-json\/wp\/v2\/media?parent=279205"}],"wp:term":[{"taxonomy":"product_brand","embeddable":true,"href":"https:\/\/www.huntersfriend.eu\/de\/wp-json\/wp\/v2\/product_brand?post=279205"},{"taxonomy":"product_cat","embeddable":true,"href":"https:\/\/www.huntersfriend.eu\/de\/wp-json\/wp\/v2\/product_cat?post=279205"},{"taxonomy":"product_tag","embeddable":true,"href":"https:\/\/www.huntersfriend.eu\/de\/wp-json\/wp\/v2\/product_tag?post=279205"}],"curies":[{"name":"wp","href":"https:\/\/api.w.org\/{rel}","templated":true}]}}