{"id":279204,"date":"2025-05-20T14:42:16","date_gmt":"2025-05-20T12:42:16","guid":{"rendered":"https:\/\/www.huntersfriend.eu\/product\/alps-mountaineering-cirrus-haengematte\/"},"modified":"2026-03-18T22:00:27","modified_gmt":"2026-03-18T20:00:27","slug":"alps-mountaineering-cirrus-haengematte","status":"publish","type":"product","link":"https:\/\/www.huntersfriend.eu\/de\/produkt\/alps-mountaineering-cirrus-haengematte\/","title":{"rendered":"Alps Mountaineering Cirrus H\u00e4ngematte"},"content":{"rendered":"<p>Die Cirrus H\u00e4ngematte bietet eine Alternative zum traditionellen Zelten. In Kombination mit dem ALPS <a href=\"https:\/\/alpsmountaineering.com\/ultra-light-tarp.html\">Ultra-Light Tarp Shelter<\/a> oder dem ALPS <a href=\"https:\/\/alpsmountaineering.com\/utility-tarp-shelter.html\">Utility Tarp<\/a> verwendet, bietet der Cirrus Schutz vor den Elementen und zugleich den Komfort, wie eine Wolke in der Luft zu schweben. Da sie aus recyceltem Material hergestellt ist, ist sie sowohl f\u00fcr Sie als auch f\u00fcr die Umwelt vorteilhaft. Die Aufh\u00e4ngung \u00fcber dem Boden eliminiert die Notwendigkeit, eine Liege oder eine dicke Matte auf Ihr Abenteuer mitzunehmen. Der Cirrus ist eine perfekte Wahl f\u00fcr Wanderer oder Camper, die unn\u00f6tiges Gewicht vermeiden m\u00f6chten. Wenn Sie nicht campen oder wandern, nutzen Sie den Cirrus in Ihrem Garten. Lehnen Sie sich zur\u00fcck, entspannen Sie und schaukeln Sie in der Brise &#8211; Sie haben es sich verdient.      <\/p>\n<ul>\n<li>210T recyceltes Nylon<\/li>\n<li>Tragf\u00e4higkeit bis zu 272 kg<\/li>\n<li>Ein Paar 8 mm Karabiner<\/li>\n<li>Ein Paar 2,74 m \u201ex 3,81 cm\u201c Polyester-Aufh\u00e4ngegurte mit jeweils 12 Schlaufen f\u00fcr verschiedene Aufh\u00e4ngeoptionen<\/li>\n<li>Seitentasche f\u00fcr kleine Gegenst\u00e4nde w\u00e4hrend der Nutzung und zur kompakten Aufbewahrung der H\u00e4ngematte beim Reisen<\/li>\n<li>Passt gut zu <a href=\"https:\/\/alpsmountaineering.com\/cinch-20.html\">Cinch +20\u00b0, <\/a><a href=\"https:\/\/alpsmountaineering.com\/cinch-40.html\">Cinch +40\u00b0,<\/a> und <a href=\"https:\/\/alpsmountaineering.com\/ultra-light-tarp.html\">Ultra-Light Tarp<\/a><\/li>\n<\/ul>\n<table>\n<tbody>\n<tr>\n<th scope=\"row\">Abmessungen<\/th>\n<td>3 m \u201eL x 1,98 m\u201c B<\/td>\n<\/tr>\n<tr>\n<th scope=\"row\">Packma\u00df<\/th>\n<td>22,86 cm L x 17,78 cm B x 7,62 cm H<\/td>\n<\/tr>\n<tr>\n<th scope=\"row\">Gewicht<\/th>\n<td>0,91 kg<\/td>\n<\/tr>\n<tr>\n<th scope=\"row\">Tragf\u00e4higkeit<\/th>\n<td>272 kg<\/td>\n<\/tr>\n<\/tbody>\n<\/table>\n","protected":false},"excerpt":{"rendered":"<p>Die Cirrus H\u00e4ngematte bietet eine Alternative zum traditionellen Zelten. In Kombination mit dem ALPS Ultra-Light Tarp Shelter oder dem ALPS Utility Tarp verwendet, bietet der Cirrus Schutz vor den Elementen und zugleich den Komfort, wie eine Wolke in der Luft zu schweben. Da sie aus recyceltem Material hergestellt ist, ist sie sowohl f\u00fcr Sie als [&#8230;]\n","protected":false},"featured_media":278729,"comment_status":"open","ping_status":"closed","template":"","meta":[],"product_brand":[],"product_cat":[2068,2050],"product_tag":[],"class_list":{"0":"post-279204","1":"product","2":"type-product","3":"status-publish","4":"has-post-thumbnail","6":"product_cat-campingliegen-und-matten","7":"product_cat-campingzubehor","9":"first","10":"instock","11":"sale","12":"taxable","13":"shipping-taxable","14":"purchasable","15":"product-type-simple"},"composite_virtual":false,"composite_layout":"","composite_add_to_cart_form_location":"","composite_editable_in_cart":false,"composite_sold_individually_context":"","composite_shop_price_calc":"","composite_components":[],"composite_scenarios":[],"group_of_quantity":0,"min_quantity":0,"max_quantity":"","exclude_order_quantity_value_rules":"no","exclude_category_quantity_rules":"no","combine_variations":"no","exclude_global_add_ons":[],"addons":[],"_links":{"self":[{"href":"https:\/\/www.huntersfriend.eu\/de\/wp-json\/wp\/v2\/product\/279204","targetHints":{"allow":["GET"]}}],"collection":[{"href":"https:\/\/www.huntersfriend.eu\/de\/wp-json\/wp\/v2\/product"}],"about":[{"href":"https:\/\/www.huntersfriend.eu\/de\/wp-json\/wp\/v2\/types\/product"}],"replies":[{"embeddable":true,"href":"https:\/\/www.huntersfriend.eu\/de\/wp-json\/wp\/v2\/comments?post=279204"}],"wp:featuredmedia":[{"embeddable":true,"href":"https:\/\/www.huntersfriend.eu\/de\/wp-json\/wp\/v2\/media\/278729"}],"wp:attachment":[{"href":"https:\/\/www.huntersfriend.eu\/de\/wp-json\/wp\/v2\/media?parent=279204"}],"wp:term":[{"taxonomy":"product_brand","embeddable":true,"href":"https:\/\/www.huntersfriend.eu\/de\/wp-json\/wp\/v2\/product_brand?post=279204"},{"taxonomy":"product_cat","embeddable":true,"href":"https:\/\/www.huntersfriend.eu\/de\/wp-json\/wp\/v2\/product_cat?post=279204"},{"taxonomy":"product_tag","embeddable":true,"href":"https:\/\/www.huntersfriend.eu\/de\/wp-json\/wp\/v2\/product_tag?post=279204"}],"curies":[{"name":"wp","href":"https:\/\/api.w.org\/{rel}","templated":true}]}}