{"id":279203,"date":"2025-05-20T14:42:15","date_gmt":"2025-06-04T10:13:23","guid":{"rendered":"https:\/\/www.huntersfriend.eu\/product\/alps-mountaineering-tri-leg-xt\/"},"modified":"2026-03-26T13:45:45","modified_gmt":"2026-03-26T11:45:45","slug":"alps-mountaineering-tri-leg-xt","status":"publish","type":"product","link":"https:\/\/www.huntersfriend.eu\/de\/produkt\/alps-mountaineering-tri-leg-xt\/","title":{"rendered":"Alps mountaineering Tri-leg XT"},"content":{"rendered":"<p>Der Tri-Leg XT ist ideal f\u00fcr Situationen, in denen Platz begrenzt und Gewicht ein entscheidender Faktor ist. Die besonders hohe Sitzh\u00f6he erm\u00f6glicht ein komfortableres Sitzen \u00fcber l\u00e4ngere Zeitr\u00e4ume. Der Tri-Leg XT l\u00e4sst sich zusammenklappen und passt kompakt in eine Tragetasche. Der 1,1 Kilogramm schwere Hocker besteht aus einem pulverbeschichteten Stahlrahmen und verf\u00fcgt \u00fcber ein verst\u00e4rkendes zus\u00e4tzliches Mittelst\u00fctzsystem, das bis zu 113 Kilogramm tragen kann. Der Sitz aus Nylongewebe sorgt f\u00fcr Komfort und Atmungsaktivit\u00e4t. Zus\u00e4tzlich ist ein Trageriemen am Tri-Leg XT befestigt, falls Sie die Tragetasche nicht mitnehmen m\u00f6chten.     <\/p>\n<ul>\n<li>Sitz aus Nylongewebe<\/li>\n<li>Pulverbeschichteter Stahlrahmen<\/li>\n<li>Zus\u00e4tzliche Mittelst\u00fctze und Gurtband<\/li>\n<li>Tragetasche mit Zugband<\/li>\n<\/ul>\n<table>\n<tbody>\n<tr>\n<th scope=\"row\">Sitzbreite<\/th>\n<td>40,6 cm<\/td>\n<\/tr>\n<tr>\n<th scope=\"row\">Sitztiefe<\/th>\n<td>38,1 cm<\/td>\n<\/tr>\n<tr>\n<th scope=\"row\">Sitzh\u00f6he<\/th>\n<td>55,9 cm<\/td>\n<\/tr>\n<tr>\n<th scope=\"row\">Verpackungsma\u00dfe<br \/>\nAbmessungen<\/th>\n<td>71,1 cm L x 7,6 cm B x 7,6 cm H<\/td>\n<\/tr>\n<tr>\n<th scope=\"row\">Gewicht<\/th>\n<td>1,1 kg <\/td>\n<\/tr>\n<tr>\n<th scope=\"row\">Belastbarkeit<\/th>\n<td>113 kg<\/td>\n<\/tr>\n<\/tbody>\n<\/table>\n","protected":false},"excerpt":{"rendered":"<p>Der Tri-Leg XT ist ideal f\u00fcr Situationen, in denen Platz begrenzt und Gewicht ein entscheidender Faktor ist. Die besonders hohe Sitzh\u00f6he erm\u00f6glicht ein komfortableres Sitzen \u00fcber l\u00e4ngere Zeitr\u00e4ume. Der Tri-Leg XT l\u00e4sst sich zusammenklappen und passt kompakt in eine Tragetasche. Der 1,1 Kilogramm schwere Hocker besteht aus einem pulverbeschichteten Stahlrahmen und verf\u00fcgt \u00fcber ein verst\u00e4rkendes [&#8230;]\n","protected":false},"featured_media":278708,"comment_status":"open","ping_status":"closed","template":"","meta":[],"product_brand":[],"product_cat":[2567,2574,2563],"product_tag":[],"class_list":{"0":"post-279203","1":"product","2":"type-product","3":"status-publish","4":"has-post-thumbnail","6":"product_cat-campingtillbehor","7":"product_cat-stolar-och-pallar-for-gomslen","8":"product_cat-tillbehor-for-jakt-torn-och-gomslen","10":"first","11":"instock","12":"taxable","13":"shipping-taxable","14":"purchasable","15":"product-type-simple"},"composite_virtual":false,"composite_layout":"","composite_add_to_cart_form_location":"","composite_editable_in_cart":false,"composite_sold_individually_context":"","composite_shop_price_calc":"","composite_components":[],"composite_scenarios":[],"group_of_quantity":0,"min_quantity":0,"max_quantity":"","exclude_order_quantity_value_rules":"no","exclude_category_quantity_rules":"no","combine_variations":"no","exclude_global_add_ons":[],"addons":[],"_links":{"self":[{"href":"https:\/\/www.huntersfriend.eu\/de\/wp-json\/wp\/v2\/product\/279203","targetHints":{"allow":["GET"]}}],"collection":[{"href":"https:\/\/www.huntersfriend.eu\/de\/wp-json\/wp\/v2\/product"}],"about":[{"href":"https:\/\/www.huntersfriend.eu\/de\/wp-json\/wp\/v2\/types\/product"}],"replies":[{"embeddable":true,"href":"https:\/\/www.huntersfriend.eu\/de\/wp-json\/wp\/v2\/comments?post=279203"}],"wp:featuredmedia":[{"embeddable":true,"href":"https:\/\/www.huntersfriend.eu\/de\/wp-json\/wp\/v2\/media\/278708"}],"wp:attachment":[{"href":"https:\/\/www.huntersfriend.eu\/de\/wp-json\/wp\/v2\/media?parent=279203"}],"wp:term":[{"taxonomy":"product_brand","embeddable":true,"href":"https:\/\/www.huntersfriend.eu\/de\/wp-json\/wp\/v2\/product_brand?post=279203"},{"taxonomy":"product_cat","embeddable":true,"href":"https:\/\/www.huntersfriend.eu\/de\/wp-json\/wp\/v2\/product_cat?post=279203"},{"taxonomy":"product_tag","embeddable":true,"href":"https:\/\/www.huntersfriend.eu\/de\/wp-json\/wp\/v2\/product_tag?post=279203"}],"curies":[{"name":"wp","href":"https:\/\/api.w.org\/{rel}","templated":true}]}}