{"id":249785,"date":"2023-05-12T10:55:08","date_gmt":"2023-05-12T08:55:08","guid":{"rendered":"https:\/\/www.huntersfriend.eu\/product\/eberlestock-gepolsterte-zubehortasche-klein\/"},"modified":"2025-08-27T06:23:02","modified_gmt":"2025-08-27T04:23:02","slug":"eberlestock-gepolsterte-zubehortasche-klein","status":"publish","type":"product","link":"https:\/\/www.huntersfriend.eu\/de\/produkt\/eberlestock-gepolsterte-zubehortasche-klein\/","title":{"rendered":"Eberlestock gepolsterte Zubeh\u00f6rtasche, klein"},"content":{"rendered":"<p>Die kleine gepolsterte Zubeh\u00f6rtasche ist eine schlicht gestaltete, qualitativ hochwertige Tasche, die sich nahezu \u00fcberall befestigen l\u00e4sst, wo Sie MOLLE-Gurtb\u00e4nder an einem Eberlestock-Rucksack oder -Zubeh\u00f6r finden. Die zus\u00e4tzliche Polsterung macht sie optimal f\u00fcr den Transport kleiner, aber kostspieliger Gegenst\u00e4nde wie Entfernungsmesser, GPS und Kamerazubeh\u00f6r. <\/p>\n<p>Am h\u00e4ufigsten wird sie am H\u00fcftgurt f\u00fcr den schnellen Zugriff auf essenzielle Gegenst\u00e4nde oder an der Vorderseite eines Rucksacks getragen. Die kleine gepolsterte Zubeh\u00f6rtasche kann auch mit dem Brustgurtgeschirr kombiniert werden, um es in einen ultraleichten, minimalistischen Brustgurt umzuwandeln. <\/p>\n<ul>\n<li>Abmessungen: 12,7 cm H\u00f6he x 15,2 cm Breite x 5,1 cm Tiefe<\/li>\n<li>Gewicht: 113 Gramm<\/li>\n<li>YKK Ultrahaltbare Rei\u00dfverschl\u00fcsse<\/li>\n<li>450d Nylon<\/li>\n<\/ul>\n","protected":false},"excerpt":{"rendered":"<p>Die kleine gepolsterte Zubeh\u00f6rtasche ist eine schlicht gestaltete, qualitativ hochwertige Tasche, die sich nahezu \u00fcberall befestigen l\u00e4sst, wo Sie MOLLE-Gurtb\u00e4nder an einem Eberlestock-Rucksack oder -Zubeh\u00f6r finden. Die zus\u00e4tzliche Polsterung macht sie optimal f\u00fcr den Transport kleiner, aber kostspieliger Gegenst\u00e4nde wie Entfernungsmesser, GPS und Kamerazubeh\u00f6r. Am h\u00e4ufigsten wird sie am H\u00fcftgurt f\u00fcr den schnellen Zugriff auf [&#8230;]\n","protected":false},"featured_media":247869,"comment_status":"open","ping_status":"closed","template":"","meta":[],"product_brand":[],"product_cat":[1774],"product_tag":[],"class_list":{"0":"post-249785","1":"product","2":"type-product","3":"status-publish","4":"has-post-thumbnail","6":"product_cat-jagd-rucksacke","8":"first","9":"instock","10":"taxable","11":"shipping-taxable","12":"purchasable","13":"product-type-variable"},"composite_virtual":false,"composite_layout":"","composite_add_to_cart_form_location":"","composite_editable_in_cart":false,"composite_sold_individually_context":"","composite_shop_price_calc":"","composite_components":[],"composite_scenarios":[],"group_of_quantity":0,"min_quantity":0,"max_quantity":"","exclude_order_quantity_value_rules":"no","exclude_category_quantity_rules":"no","combine_variations":"no","exclude_global_add_ons":[],"addons":[],"_links":{"self":[{"href":"https:\/\/www.huntersfriend.eu\/de\/wp-json\/wp\/v2\/product\/249785","targetHints":{"allow":["GET"]}}],"collection":[{"href":"https:\/\/www.huntersfriend.eu\/de\/wp-json\/wp\/v2\/product"}],"about":[{"href":"https:\/\/www.huntersfriend.eu\/de\/wp-json\/wp\/v2\/types\/product"}],"replies":[{"embeddable":true,"href":"https:\/\/www.huntersfriend.eu\/de\/wp-json\/wp\/v2\/comments?post=249785"}],"wp:featuredmedia":[{"embeddable":true,"href":"https:\/\/www.huntersfriend.eu\/de\/wp-json\/wp\/v2\/media\/247869"}],"wp:attachment":[{"href":"https:\/\/www.huntersfriend.eu\/de\/wp-json\/wp\/v2\/media?parent=249785"}],"wp:term":[{"taxonomy":"product_brand","embeddable":true,"href":"https:\/\/www.huntersfriend.eu\/de\/wp-json\/wp\/v2\/product_brand?post=249785"},{"taxonomy":"product_cat","embeddable":true,"href":"https:\/\/www.huntersfriend.eu\/de\/wp-json\/wp\/v2\/product_cat?post=249785"},{"taxonomy":"product_tag","embeddable":true,"href":"https:\/\/www.huntersfriend.eu\/de\/wp-json\/wp\/v2\/product_tag?post=249785"}],"curies":[{"name":"wp","href":"https:\/\/api.w.org\/{rel}","templated":true}]}}