{"id":249781,"date":"2023-05-12T10:50:39","date_gmt":"2023-05-12T08:50:39","guid":{"rendered":"https:\/\/www.huntersfriend.eu\/product\/eberlestock-gepolsterte-zubehoertasche-gross\/"},"modified":"2025-08-27T06:22:58","modified_gmt":"2025-08-27T04:22:58","slug":"eberlestock-gepolsterte-zubehoertasche-gross","status":"publish","type":"product","link":"https:\/\/www.huntersfriend.eu\/de\/produkt\/eberlestock-gepolsterte-zubehoertasche-gross\/","title":{"rendered":"Eberlestock gepolsterte Zubeh\u00f6rtasche, gro\u00df"},"content":{"rendered":"<p>Die gro\u00dfe gepolsterte Zubeh\u00f6rtasche ist eine schlicht gestaltete, qualitativ hochwertige Tasche, die nahezu \u00fcberall befestigt werden kann, wo Sie MOLLE-Gurtband an einem Eberlestock-Rucksack oder -Zubeh\u00f6r finden. Die zus\u00e4tzliche Polsterung macht sie optimal f\u00fcr den Transport kleiner, aber kostspieliger Gegenst\u00e4nde wie Entfernungsmesser, GPS und Kamerazubeh\u00f6r. <\/p>\n<p>Am h\u00e4ufigsten wird sie am H\u00fcftgurt f\u00fcr den schnellen Zugriff auf essenzielle Gegenst\u00e4nde oder an der Au\u00dfenfront eines Rucksacks getragen. Die gro\u00dfe gepolsterte Zubeh\u00f6rtasche kann auch mit dem Brustgurtgeschirr kombiniert werden, um es in einen ultraleichten, minimalistischen Brusttragegurt umzuwandeln. <\/p>\n<ul>\n<li>YKK Ultrahaltbare Rei\u00dfverschl\u00fcsse<\/li>\n<li>450d Nylon<\/li>\n<li>Abmessungen: 15,24 cm H x 20,32 cm B x 6,35 cm T<\/li>\n<li>Gewicht: 170 g<\/li>\n<\/ul>\n","protected":false},"excerpt":{"rendered":"<p>Die gro\u00dfe gepolsterte Zubeh\u00f6rtasche ist eine schlicht gestaltete, qualitativ hochwertige Tasche, die nahezu \u00fcberall befestigt werden kann, wo Sie MOLLE-Gurtband an einem Eberlestock-Rucksack oder -Zubeh\u00f6r finden. Die zus\u00e4tzliche Polsterung macht sie optimal f\u00fcr den Transport kleiner, aber kostspieliger Gegenst\u00e4nde wie Entfernungsmesser, GPS und Kamerazubeh\u00f6r. Am h\u00e4ufigsten wird sie am H\u00fcftgurt f\u00fcr den schnellen Zugriff auf [&#8230;]\n","protected":false},"featured_media":247878,"comment_status":"open","ping_status":"closed","template":"","meta":[],"product_brand":[],"product_cat":[1774],"product_tag":[],"class_list":{"0":"post-249781","1":"product","2":"type-product","3":"status-publish","4":"has-post-thumbnail","6":"product_cat-jagd-rucksacke","8":"first","9":"instock","10":"taxable","11":"shipping-taxable","12":"purchasable","13":"product-type-variable"},"composite_virtual":false,"composite_layout":"","composite_add_to_cart_form_location":"","composite_editable_in_cart":false,"composite_sold_individually_context":"","composite_shop_price_calc":"","composite_components":[],"composite_scenarios":[],"group_of_quantity":0,"min_quantity":0,"max_quantity":"","exclude_order_quantity_value_rules":"no","exclude_category_quantity_rules":"no","combine_variations":"no","exclude_global_add_ons":[],"addons":[],"_links":{"self":[{"href":"https:\/\/www.huntersfriend.eu\/de\/wp-json\/wp\/v2\/product\/249781","targetHints":{"allow":["GET"]}}],"collection":[{"href":"https:\/\/www.huntersfriend.eu\/de\/wp-json\/wp\/v2\/product"}],"about":[{"href":"https:\/\/www.huntersfriend.eu\/de\/wp-json\/wp\/v2\/types\/product"}],"replies":[{"embeddable":true,"href":"https:\/\/www.huntersfriend.eu\/de\/wp-json\/wp\/v2\/comments?post=249781"}],"wp:featuredmedia":[{"embeddable":true,"href":"https:\/\/www.huntersfriend.eu\/de\/wp-json\/wp\/v2\/media\/247878"}],"wp:attachment":[{"href":"https:\/\/www.huntersfriend.eu\/de\/wp-json\/wp\/v2\/media?parent=249781"}],"wp:term":[{"taxonomy":"product_brand","embeddable":true,"href":"https:\/\/www.huntersfriend.eu\/de\/wp-json\/wp\/v2\/product_brand?post=249781"},{"taxonomy":"product_cat","embeddable":true,"href":"https:\/\/www.huntersfriend.eu\/de\/wp-json\/wp\/v2\/product_cat?post=249781"},{"taxonomy":"product_tag","embeddable":true,"href":"https:\/\/www.huntersfriend.eu\/de\/wp-json\/wp\/v2\/product_tag?post=249781"}],"curies":[{"name":"wp","href":"https:\/\/api.w.org\/{rel}","templated":true}]}}