{"id":249778,"date":"2023-05-15T12:24:53","date_gmt":"2023-05-15T10:24:53","guid":{"rendered":"https:\/\/www.huntersfriend.eu\/product\/eberlestock-packtasche\/"},"modified":"2025-05-08T22:06:37","modified_gmt":"2025-05-08T20:06:37","slug":"eberlestock-packtasche","status":"publish","type":"product","link":"https:\/\/www.huntersfriend.eu\/de\/produkt\/eberlestock-packtasche\/","title":{"rendered":"Eberlestock Packtasche"},"content":{"rendered":"<p>Mit der Packtasche k\u00f6nnen Sie das Fassungsverm\u00f6gen unserer Rucks\u00e4cke um etwa 3 Liter erweitern. Verwenden Sie sie als zus\u00e4tzlichen Stauraum f\u00fcr Ausr\u00fcstung, oder in Kombination mit unseren Trinkblasen sind sie eine gro\u00dfartige M\u00f6glichkeit, die Trinkblase extern am Rucksack zu befestigen, sodass sie leicht zug\u00e4nglich ist. Sie ist MOLLE-kompatibel und kann an einer Vielzahl von Taschen und Plattformen befestigt werden, einschlie\u00dflich unseres EMOD\u2122-Systems. Die Packtasche hat die perfekte Gr\u00f6\u00dfe f\u00fcr unsere 3-Liter-Trinkblase.<\/p>\n<p>Abmessungen: 43 h x 12 b x 8 t<\/p>\n<p>Gewicht: 283 g<\/p>\n","protected":false},"excerpt":{"rendered":"<p>Mit der Packtasche k\u00f6nnen Sie das Fassungsverm\u00f6gen unserer Rucks\u00e4cke um etwa 3 Liter erweitern. Verwenden Sie sie als zus\u00e4tzlichen Stauraum f\u00fcr Ausr\u00fcstung, oder in Kombination mit unseren Trinkblasen sind sie eine gro\u00dfartige M\u00f6glichkeit, die Trinkblase extern am Rucksack zu befestigen, sodass sie leicht zug\u00e4nglich ist. Sie ist MOLLE-kompatibel und kann an einer Vielzahl von Taschen [&#8230;]\n","protected":false},"featured_media":247852,"comment_status":"open","ping_status":"closed","template":"","meta":[],"product_brand":[],"product_cat":[1145],"product_tag":[],"class_list":{"0":"post-249778","1":"product","2":"type-product","3":"status-publish","4":"has-post-thumbnail","6":"product_cat-sonstiges","8":"first","9":"outofstock","10":"taxable","11":"shipping-taxable","12":"product-type-simple"},"composite_virtual":false,"composite_layout":"","composite_add_to_cart_form_location":"","composite_editable_in_cart":false,"composite_sold_individually_context":"","composite_shop_price_calc":"","composite_components":[],"composite_scenarios":[],"group_of_quantity":0,"min_quantity":0,"max_quantity":"","exclude_order_quantity_value_rules":"no","exclude_category_quantity_rules":"no","combine_variations":"no","exclude_global_add_ons":[],"addons":[],"_links":{"self":[{"href":"https:\/\/www.huntersfriend.eu\/de\/wp-json\/wp\/v2\/product\/249778","targetHints":{"allow":["GET"]}}],"collection":[{"href":"https:\/\/www.huntersfriend.eu\/de\/wp-json\/wp\/v2\/product"}],"about":[{"href":"https:\/\/www.huntersfriend.eu\/de\/wp-json\/wp\/v2\/types\/product"}],"replies":[{"embeddable":true,"href":"https:\/\/www.huntersfriend.eu\/de\/wp-json\/wp\/v2\/comments?post=249778"}],"wp:featuredmedia":[{"embeddable":true,"href":"https:\/\/www.huntersfriend.eu\/de\/wp-json\/wp\/v2\/media\/247852"}],"wp:attachment":[{"href":"https:\/\/www.huntersfriend.eu\/de\/wp-json\/wp\/v2\/media?parent=249778"}],"wp:term":[{"taxonomy":"product_brand","embeddable":true,"href":"https:\/\/www.huntersfriend.eu\/de\/wp-json\/wp\/v2\/product_brand?post=249778"},{"taxonomy":"product_cat","embeddable":true,"href":"https:\/\/www.huntersfriend.eu\/de\/wp-json\/wp\/v2\/product_cat?post=249778"},{"taxonomy":"product_tag","embeddable":true,"href":"https:\/\/www.huntersfriend.eu\/de\/wp-json\/wp\/v2\/product_tag?post=249778"}],"curies":[{"name":"wp","href":"https:\/\/api.w.org\/{rel}","templated":true}]}}