{"id":249775,"date":"2023-05-12T10:34:32","date_gmt":"2023-05-12T08:34:32","guid":{"rendered":"https:\/\/www.huntersfriend.eu\/product\/eberlestock-2-liter-zubehortasche\/"},"modified":"2025-06-23T12:12:27","modified_gmt":"2025-06-23T10:12:27","slug":"eberlestock-2-liter-zubehortasche","status":"publish","type":"product","link":"https:\/\/www.huntersfriend.eu\/de\/produkt\/eberlestock-2-liter-zubehortasche\/","title":{"rendered":"Eberlestock 2-Liter-Beutel ohne Polsterung"},"content":{"rendered":"<p>Der 2-Liter-Zubeh\u00f6rbeutel ist ein ungepolsterter Zubeh\u00f6rbeutel mit einem Fassungsverm\u00f6gen von zwei Litern und schnell l\u00f6sbaren MOLLE-artigen Befestigungen. MOLLE\/PALS-Gurtband sowohl an der Vorder- als auch an der R\u00fcckseite. Leicht zu greifender Doppelschieber-Rei\u00dfverschluss f\u00fcr schnellen Zugriff.  <\/p>\n<p><strong>PRODUKTINFORMATIONEN<\/strong><\/p>\n<ul>\n<li>Abmessungen: 22,86 cm H\u00f6he x 12,7 cm Breite x 7,62 cm Tiefe<\/li>\n<li>Gewicht: 10 Unzen<\/li>\n<\/ul>\n","protected":false},"excerpt":{"rendered":"<p>Der 2-Liter-Zubeh\u00f6rbeutel ist ein ungepolsterter Zubeh\u00f6rbeutel mit einem Fassungsverm\u00f6gen von zwei Litern und schnell l\u00f6sbaren MOLLE-artigen Befestigungen. MOLLE\/PALS-Gurtband sowohl an der Vorder- als auch an der R\u00fcckseite. Leicht zu greifender Doppelschieber-Rei\u00dfverschluss f\u00fcr schnellen Zugriff. PRODUKTINFORMATIONEN Abmessungen: 22,86 cm H\u00f6he x 12,7 cm Breite x 7,62 cm Tiefe Gewicht: 10 Unzen<\/p>\n","protected":false},"featured_media":247859,"comment_status":"open","ping_status":"closed","template":"","meta":[],"product_brand":[],"product_cat":[1774],"product_tag":[],"class_list":{"0":"post-249775","1":"product","2":"type-product","3":"status-publish","4":"has-post-thumbnail","6":"product_cat-jagd-rucksacke","8":"first","9":"instock","10":"taxable","11":"shipping-taxable","12":"purchasable","13":"product-type-variable"},"composite_virtual":false,"composite_layout":"","composite_add_to_cart_form_location":"","composite_editable_in_cart":false,"composite_sold_individually_context":"","composite_shop_price_calc":"","composite_components":[],"composite_scenarios":[],"group_of_quantity":0,"min_quantity":0,"max_quantity":"","exclude_order_quantity_value_rules":"no","exclude_category_quantity_rules":"no","combine_variations":"no","exclude_global_add_ons":[],"addons":[],"_links":{"self":[{"href":"https:\/\/www.huntersfriend.eu\/de\/wp-json\/wp\/v2\/product\/249775","targetHints":{"allow":["GET"]}}],"collection":[{"href":"https:\/\/www.huntersfriend.eu\/de\/wp-json\/wp\/v2\/product"}],"about":[{"href":"https:\/\/www.huntersfriend.eu\/de\/wp-json\/wp\/v2\/types\/product"}],"replies":[{"embeddable":true,"href":"https:\/\/www.huntersfriend.eu\/de\/wp-json\/wp\/v2\/comments?post=249775"}],"wp:featuredmedia":[{"embeddable":true,"href":"https:\/\/www.huntersfriend.eu\/de\/wp-json\/wp\/v2\/media\/247859"}],"wp:attachment":[{"href":"https:\/\/www.huntersfriend.eu\/de\/wp-json\/wp\/v2\/media?parent=249775"}],"wp:term":[{"taxonomy":"product_brand","embeddable":true,"href":"https:\/\/www.huntersfriend.eu\/de\/wp-json\/wp\/v2\/product_brand?post=249775"},{"taxonomy":"product_cat","embeddable":true,"href":"https:\/\/www.huntersfriend.eu\/de\/wp-json\/wp\/v2\/product_cat?post=249775"},{"taxonomy":"product_tag","embeddable":true,"href":"https:\/\/www.huntersfriend.eu\/de\/wp-json\/wp\/v2\/product_tag?post=249775"}],"curies":[{"name":"wp","href":"https:\/\/api.w.org\/{rel}","templated":true}]}}