{"id":249761,"date":"2023-06-01T12:29:33","date_gmt":"2023-06-01T10:29:33","guid":{"rendered":"https:\/\/www.huntersfriend.eu\/product\/eberlestock-scout-fernglas-tasche-klein\/"},"modified":"2025-09-02T08:56:07","modified_gmt":"2025-09-02T06:56:07","slug":"eberlestock-scout-fernglas-tasche-klein","status":"publish","type":"product","link":"https:\/\/www.huntersfriend.eu\/de\/produkt\/eberlestock-scout-fernglas-tasche-klein\/","title":{"rendered":"Eberlestock Scout Bino Pack"},"content":{"rendered":"<p><span class=\"jCAhz ChMk0b\"><span class=\"ryNqvb\">Der Eberlestock Scout Bino Pack Fernglasgurt ist darauf ausgelegt, so funktional und simpel wie m\u00f6glich zu sein, ohne jegliche Extras.<\/span><\/span> <span class=\"jCAhz ChMk0b\"><span class=\"ryNqvb\">Die Haupttasche verf\u00fcgt \u00fcber einen Magnetverschluss, der einen ger\u00e4uschlosen und m\u00fchelosen Zugriff auf das Fernglas erm\u00f6glicht.<\/span><\/span> <span class=\"jCAhz ChMk0b\"><span class=\"ryNqvb\">Auf der R\u00fcckseite befindet sich eine Zusatztasche, in die beispielsweise ein Smartphone oder ein Entfernungsmesser eingeschoben werden kann.<\/span><\/span> <span class=\"jCAhz ChMk0b\"><span class=\"ryNqvb\">Der r\u00fcckw\u00e4rtige Teil des Gurtes besteht aus einem \u00e4u\u00dferst angenehmen und atmungsaktiven Netzstoff, der selbst an hei\u00dfen Tagen nicht scheuert.<\/span><\/span><\/p>\n<p>Abmessungen (16 x 13 x 5 cm)<\/p>\n","protected":false},"excerpt":{"rendered":"<p>Der Eberlestock Scout Bino Pack Fernglasgurt ist darauf ausgelegt, so funktional und simpel wie m\u00f6glich zu sein, ohne jegliche Extras. Die Haupttasche verf\u00fcgt \u00fcber einen Magnetverschluss, der einen ger\u00e4uschlosen und m\u00fchelosen Zugriff auf das Fernglas erm\u00f6glicht. Auf der R\u00fcckseite befindet sich eine Zusatztasche, in die beispielsweise ein Smartphone oder ein Entfernungsmesser eingeschoben werden kann. Der [&#8230;]\n","protected":false},"featured_media":249941,"comment_status":"open","ping_status":"closed","template":"","meta":[],"product_brand":[],"product_cat":[1773],"product_tag":[],"class_list":{"0":"post-249761","1":"product","2":"type-product","3":"status-publish","4":"has-post-thumbnail","6":"product_cat-bino-harnesses-de","8":"first","9":"outofstock","10":"taxable","11":"shipping-taxable","12":"product-type-simple"},"composite_virtual":false,"composite_layout":"","composite_add_to_cart_form_location":"","composite_editable_in_cart":false,"composite_sold_individually_context":"","composite_shop_price_calc":"","composite_components":[],"composite_scenarios":[],"group_of_quantity":0,"min_quantity":0,"max_quantity":"","exclude_order_quantity_value_rules":"no","exclude_category_quantity_rules":"no","combine_variations":"no","exclude_global_add_ons":[],"addons":[],"_links":{"self":[{"href":"https:\/\/www.huntersfriend.eu\/de\/wp-json\/wp\/v2\/product\/249761","targetHints":{"allow":["GET"]}}],"collection":[{"href":"https:\/\/www.huntersfriend.eu\/de\/wp-json\/wp\/v2\/product"}],"about":[{"href":"https:\/\/www.huntersfriend.eu\/de\/wp-json\/wp\/v2\/types\/product"}],"replies":[{"embeddable":true,"href":"https:\/\/www.huntersfriend.eu\/de\/wp-json\/wp\/v2\/comments?post=249761"}],"wp:featuredmedia":[{"embeddable":true,"href":"https:\/\/www.huntersfriend.eu\/de\/wp-json\/wp\/v2\/media\/249941"}],"wp:attachment":[{"href":"https:\/\/www.huntersfriend.eu\/de\/wp-json\/wp\/v2\/media?parent=249761"}],"wp:term":[{"taxonomy":"product_brand","embeddable":true,"href":"https:\/\/www.huntersfriend.eu\/de\/wp-json\/wp\/v2\/product_brand?post=249761"},{"taxonomy":"product_cat","embeddable":true,"href":"https:\/\/www.huntersfriend.eu\/de\/wp-json\/wp\/v2\/product_cat?post=249761"},{"taxonomy":"product_tag","embeddable":true,"href":"https:\/\/www.huntersfriend.eu\/de\/wp-json\/wp\/v2\/product_tag?post=249761"}],"curies":[{"name":"wp","href":"https:\/\/api.w.org\/{rel}","templated":true}]}}