{"id":249758,"date":"2023-06-01T12:51:17","date_gmt":"2023-06-01T10:51:17","guid":{"rendered":"https:\/\/www.huntersfriend.eu\/product\/eberlestock-2l-oder-3l-hydration-system\/"},"modified":"2026-01-14T15:27:23","modified_gmt":"2026-01-14T13:27:23","slug":"eberlestock-2l-oder-3l-hydration-system","status":"publish","type":"product","link":"https:\/\/www.huntersfriend.eu\/de\/produkt\/eberlestock-2l-oder-3l-hydration-system\/","title":{"rendered":"Eberlestock 2L oder 3L Hydratationssystem"},"content":{"rendered":"<p>2 oder 3 Liter Version<\/p>\n<p>Hergestellt von Source, sind die Eberlestock Premium-Trinkblasen BPA-frei und verwenden patentierte antibakterielle Technologie. Die glas\u00e4hnliche Innenbeschichtung tr\u00e4gt zur Erhaltung Ihrer Trinkblase bei und verhindert das Auftreten von Plastikgeschmack. Wir haben unsere eigenen Spezifikationen hinzugef\u00fcgt, damit diese Trinkblase optimal in unsere Rucks\u00e4cke passt und den anspruchsvollen Bedingungen standh\u00e4lt, denen unsere Kunden sie aussetzen. Zu den besonderen Standardmerkmalen geh\u00f6ren ein ummantelter, isolierter Trinkschlauch, ein verriegelbares Fahrradflaschen-\u00e4hnliches Dr\u00fcck-Zieh-Ventil mit Schmutzschutz. Duale Bef\u00fclloptionen erm\u00f6glichen den Zugang \u00fcber ein offenes Ende oder die Verwendung eines abschraubbaren Verschlusses in Nalgene-Gr\u00f6\u00dfe.    <\/p>\n<p><strong>PRODUKTINFORMATIONEN<\/strong><\/p>\n<ul>\n<li>Gewicht: 10 Unzen<\/li>\n<\/ul>\n","protected":false},"excerpt":{"rendered":"<p>2 oder 3 Liter Version Hergestellt von Source, sind die Eberlestock Premium-Trinkblasen BPA-frei und verwenden patentierte antibakterielle Technologie. Die glas\u00e4hnliche Innenbeschichtung tr\u00e4gt zur Erhaltung Ihrer Trinkblase bei und verhindert das Auftreten von Plastikgeschmack. Wir haben unsere eigenen Spezifikationen hinzugef\u00fcgt, damit diese Trinkblase optimal in unsere Rucks\u00e4cke passt und den anspruchsvollen Bedingungen standh\u00e4lt, denen unsere Kunden [&#8230;]\n","protected":false},"featured_media":248899,"comment_status":"open","ping_status":"closed","template":"","meta":[],"product_brand":[],"product_cat":[1407,1404],"product_tag":[],"class_list":{"0":"post-249758","1":"product","2":"type-product","3":"status-publish","4":"has-post-thumbnail","6":"product_cat-jagdrucksacke","7":"product_cat-jagdzubehor","9":"first","10":"instock","11":"taxable","12":"shipping-taxable","13":"purchasable","14":"product-type-variable"},"composite_virtual":false,"composite_layout":"","composite_add_to_cart_form_location":"","composite_editable_in_cart":false,"composite_sold_individually_context":"","composite_shop_price_calc":"","composite_components":[],"composite_scenarios":[],"group_of_quantity":0,"min_quantity":0,"max_quantity":"","exclude_order_quantity_value_rules":"no","exclude_category_quantity_rules":"no","combine_variations":"no","exclude_global_add_ons":[],"addons":[],"_links":{"self":[{"href":"https:\/\/www.huntersfriend.eu\/de\/wp-json\/wp\/v2\/product\/249758","targetHints":{"allow":["GET"]}}],"collection":[{"href":"https:\/\/www.huntersfriend.eu\/de\/wp-json\/wp\/v2\/product"}],"about":[{"href":"https:\/\/www.huntersfriend.eu\/de\/wp-json\/wp\/v2\/types\/product"}],"replies":[{"embeddable":true,"href":"https:\/\/www.huntersfriend.eu\/de\/wp-json\/wp\/v2\/comments?post=249758"}],"wp:featuredmedia":[{"embeddable":true,"href":"https:\/\/www.huntersfriend.eu\/de\/wp-json\/wp\/v2\/media\/248899"}],"wp:attachment":[{"href":"https:\/\/www.huntersfriend.eu\/de\/wp-json\/wp\/v2\/media?parent=249758"}],"wp:term":[{"taxonomy":"product_brand","embeddable":true,"href":"https:\/\/www.huntersfriend.eu\/de\/wp-json\/wp\/v2\/product_brand?post=249758"},{"taxonomy":"product_cat","embeddable":true,"href":"https:\/\/www.huntersfriend.eu\/de\/wp-json\/wp\/v2\/product_cat?post=249758"},{"taxonomy":"product_tag","embeddable":true,"href":"https:\/\/www.huntersfriend.eu\/de\/wp-json\/wp\/v2\/product_tag?post=249758"}],"curies":[{"name":"wp","href":"https:\/\/api.w.org\/{rel}","templated":true}]}}