{"id":249752,"date":"2023-06-06T10:51:01","date_gmt":"2023-06-06T08:51:01","guid":{"rendered":"https:\/\/www.huntersfriend.eu\/product\/eberlestock-bolt-action-scabbard-cover\/"},"modified":"2025-10-15T11:33:40","modified_gmt":"2025-10-15T09:33:40","slug":"eberlestock-bolt-action-scabbard-cover","status":"publish","type":"product","link":"https:\/\/www.huntersfriend.eu\/de\/produkt\/eberlestock-bolt-action-scabbard-cover\/","title":{"rendered":"Eberlestock Repetierb\u00fcchsen-Schaftabdeckung"},"content":{"rendered":"<p>Die Repetierb\u00fcchsen-Schaftabdeckung kann an die meisten Eberlestock-Rucks\u00e4cke angeschnallt werden, die \u00fcber einen integrierten Gewehrschaft verf\u00fcgen, oder an den modularen Repetierb\u00fcchsenschaft, um sicherzustellen, dass sie sicher und fest sitzt, w\u00e4hrend sie Ihr Gewehr vollst\u00e4ndig umschlie\u00dft.<\/p>\n<p>F\u00fcr Rucks\u00e4cke, die keine kompatiblen Schnallen aufweisen, verf\u00fcgt die Repetierb\u00fcchsen-Schaftabdeckung zus\u00e4tzlich \u00fcber einen ausziehbaren Schleier, der in den Schaft selbst eingesteckt werden kann, um die Sicherheit und den Schutz des Gewehrs zu gew\u00e4hrleisten.<\/p>\n<p>Abmessungen: 33 cm H\u00f6he x 15 cm Breite x 7,6 cm Tiefe<br \/>\nGewicht: 340 Gramm<\/p>\n","protected":false},"excerpt":{"rendered":"<p>Die Repetierb\u00fcchsen-Schaftabdeckung kann an die meisten Eberlestock-Rucks\u00e4cke angeschnallt werden, die \u00fcber einen integrierten Gewehrschaft verf\u00fcgen, oder an den modularen Repetierb\u00fcchsenschaft, um sicherzustellen, dass sie sicher und fest sitzt, w\u00e4hrend sie Ihr Gewehr vollst\u00e4ndig umschlie\u00dft. F\u00fcr Rucks\u00e4cke, die keine kompatiblen Schnallen aufweisen, verf\u00fcgt die Repetierb\u00fcchsen-Schaftabdeckung zus\u00e4tzlich \u00fcber einen ausziehbaren Schleier, der in den Schaft selbst eingesteckt [&#8230;]\n","protected":false},"featured_media":248872,"comment_status":"open","ping_status":"closed","template":"","meta":[],"product_brand":[],"product_cat":[1774,1407],"product_tag":[],"class_list":{"0":"post-249752","1":"product","2":"type-product","3":"status-publish","4":"has-post-thumbnail","6":"product_cat-jagd-rucksacke","7":"product_cat-jagdrucksacke","9":"first","10":"outofstock","11":"taxable","12":"shipping-taxable","13":"purchasable","14":"product-type-variable"},"composite_virtual":false,"composite_layout":"","composite_add_to_cart_form_location":"","composite_editable_in_cart":false,"composite_sold_individually_context":"","composite_shop_price_calc":"","composite_components":[],"composite_scenarios":[],"group_of_quantity":0,"min_quantity":0,"max_quantity":"","exclude_order_quantity_value_rules":"no","exclude_category_quantity_rules":"no","combine_variations":"no","exclude_global_add_ons":[],"addons":[],"_links":{"self":[{"href":"https:\/\/www.huntersfriend.eu\/de\/wp-json\/wp\/v2\/product\/249752","targetHints":{"allow":["GET"]}}],"collection":[{"href":"https:\/\/www.huntersfriend.eu\/de\/wp-json\/wp\/v2\/product"}],"about":[{"href":"https:\/\/www.huntersfriend.eu\/de\/wp-json\/wp\/v2\/types\/product"}],"replies":[{"embeddable":true,"href":"https:\/\/www.huntersfriend.eu\/de\/wp-json\/wp\/v2\/comments?post=249752"}],"wp:featuredmedia":[{"embeddable":true,"href":"https:\/\/www.huntersfriend.eu\/de\/wp-json\/wp\/v2\/media\/248872"}],"wp:attachment":[{"href":"https:\/\/www.huntersfriend.eu\/de\/wp-json\/wp\/v2\/media?parent=249752"}],"wp:term":[{"taxonomy":"product_brand","embeddable":true,"href":"https:\/\/www.huntersfriend.eu\/de\/wp-json\/wp\/v2\/product_brand?post=249752"},{"taxonomy":"product_cat","embeddable":true,"href":"https:\/\/www.huntersfriend.eu\/de\/wp-json\/wp\/v2\/product_cat?post=249752"},{"taxonomy":"product_tag","embeddable":true,"href":"https:\/\/www.huntersfriend.eu\/de\/wp-json\/wp\/v2\/product_tag?post=249752"}],"curies":[{"name":"wp","href":"https:\/\/api.w.org\/{rel}","templated":true}]}}