{"id":249713,"date":"2018-11-20T06:30:00","date_gmt":"2018-11-20T04:30:00","guid":{"rendered":"https:\/\/www.huntersfriend.eu\/product\/hawk-xtendible-cinch-wildgalgen\/"},"modified":"2026-02-03T22:00:24","modified_gmt":"2026-02-03T20:00:24","slug":"hawk-xtendible-cinch-wildgalgen","status":"publish","type":"product","link":"https:\/\/www.huntersfriend.eu\/de\/produkt\/hawk-xtendible-cinch-wildgalgen\/","title":{"rendered":"Hawk ausziehbarer Cinch-Gambrel"},"content":{"rendered":"<p>Der ultimative verstellbare Gambrel! Praktische CINCH-Kabel halten das Wild ohne zus\u00e4tzliche Schritte und Unordnung durch das Schneiden von L\u00f6chern. Gr\u00f6\u00dfenverstellungen von 16 \u201ebis 25\u201c sind hervorragend f\u00fcr die kleinsten Tiere bis hin zu 450 LBS gro\u00dfem Wild geeignet! Die zusammengelegte Gr\u00f6\u00dfe ist ideal f\u00fcr die Aufbewahrung.   <\/p>\n<p><strong>&#8211; VERSTELLBARE L\u00c4NGE <\/strong>16 \u201e- 25\u201c praktisch f\u00fcr kleines oder gro\u00dfes Wild<\/p>\n<p><strong>&#8211; EINFACH AUFZUH\u00c4NGEN <\/strong>Stahlkabel cinchen und halten das Wild ohne Schlitze zu schneiden oder andere Unordnung<\/p>\n<p><strong>&#8211; BEQUEME AUFBEWAHRUNG <\/strong>l\u00e4sst sich kompakt zusammenklappen und ist wesentlich kleiner als herk\u00f6mmliche Designs<\/p>\n<ul>\n<li>ROBUSTE 450 LBS Tragf\u00e4higkeit<\/li>\n<li>Geeignet f\u00fcr kleines oder gro\u00dfes Wild<\/li>\n<\/ul>\n","protected":false},"excerpt":{"rendered":"<p>Der ultimative verstellbare Gambrel! Praktische CINCH-Kabel halten das Wild ohne zus\u00e4tzliche Schritte und Unordnung durch das Schneiden von L\u00f6chern. Gr\u00f6\u00dfenverstellungen von 16 \u201ebis 25\u201c sind hervorragend f\u00fcr die kleinsten Tiere bis hin zu 450 LBS gro\u00dfem Wild geeignet! Die zusammengelegte Gr\u00f6\u00dfe ist ideal f\u00fcr die Aufbewahrung. &#8211; VERSTELLBARE L\u00c4NGE 16 \u201e- 25\u201c praktisch f\u00fcr kleines [&#8230;]\n","protected":false},"featured_media":210696,"comment_status":"open","ping_status":"closed","template":"","meta":[],"product_brand":[],"product_cat":[1405],"product_tag":[],"class_list":{"0":"post-249713","1":"product","2":"type-product","3":"status-publish","4":"has-post-thumbnail","6":"product_cat-wildtrager-taschen-und-hebevorrichtungen","8":"first","9":"instock","10":"taxable","11":"shipping-taxable","12":"purchasable","13":"product-type-simple"},"composite_virtual":false,"composite_layout":"","composite_add_to_cart_form_location":"","composite_editable_in_cart":false,"composite_sold_individually_context":"","composite_shop_price_calc":"","composite_components":[],"composite_scenarios":[],"group_of_quantity":0,"min_quantity":0,"max_quantity":"","exclude_order_quantity_value_rules":"no","exclude_category_quantity_rules":"no","combine_variations":"no","exclude_global_add_ons":[],"addons":[],"_links":{"self":[{"href":"https:\/\/www.huntersfriend.eu\/de\/wp-json\/wp\/v2\/product\/249713","targetHints":{"allow":["GET"]}}],"collection":[{"href":"https:\/\/www.huntersfriend.eu\/de\/wp-json\/wp\/v2\/product"}],"about":[{"href":"https:\/\/www.huntersfriend.eu\/de\/wp-json\/wp\/v2\/types\/product"}],"replies":[{"embeddable":true,"href":"https:\/\/www.huntersfriend.eu\/de\/wp-json\/wp\/v2\/comments?post=249713"}],"wp:featuredmedia":[{"embeddable":true,"href":"https:\/\/www.huntersfriend.eu\/de\/wp-json\/wp\/v2\/media\/210696"}],"wp:attachment":[{"href":"https:\/\/www.huntersfriend.eu\/de\/wp-json\/wp\/v2\/media?parent=249713"}],"wp:term":[{"taxonomy":"product_brand","embeddable":true,"href":"https:\/\/www.huntersfriend.eu\/de\/wp-json\/wp\/v2\/product_brand?post=249713"},{"taxonomy":"product_cat","embeddable":true,"href":"https:\/\/www.huntersfriend.eu\/de\/wp-json\/wp\/v2\/product_cat?post=249713"},{"taxonomy":"product_tag","embeddable":true,"href":"https:\/\/www.huntersfriend.eu\/de\/wp-json\/wp\/v2\/product_tag?post=249713"}],"curies":[{"name":"wp","href":"https:\/\/api.w.org\/{rel}","templated":true}]}}