{"id":249711,"date":"2022-03-24T12:00:50","date_gmt":"2022-03-24T10:00:50","guid":{"rendered":"https:\/\/www.huntersfriend.eu\/product\/hme-mega-game-hanging-galgen\/"},"modified":"2026-02-25T10:35:37","modified_gmt":"2026-02-25T08:35:37","slug":"hme-mega-game-hanging-galgen","status":"publish","type":"product","link":"https:\/\/www.huntersfriend.eu\/de\/produkt\/hme-mega-game-hanging-galgen\/","title":{"rendered":"HME Mega-Wildaufh\u00e4ngegalgen"},"content":{"rendered":"<p>Der HME Products Mega-Wildaufh\u00e4ngegalgen ist ideal zum Aufh\u00e4ngen von Rehen, B\u00e4ren, Elchen oder anderen gro\u00dfen Wildtieren geeignet. Er tr\u00e4gt bis zu 540 kg! <\/p>\n<ul>\n<li>Hochbelastbarer pulverbeschichteter Stahl<\/li>\n<li>Konstruiert aus 8 mm und 12,7 mm starken Stahlrohren<\/li>\n<li>Tragf\u00e4higkeit von 180 kg bis 540 kg<\/li>\n<\/ul>\n","protected":false},"excerpt":{"rendered":"<p>Der HME Products Mega-Wildaufh\u00e4ngegalgen ist ideal zum Aufh\u00e4ngen von Rehen, B\u00e4ren, Elchen oder anderen gro\u00dfen Wildtieren geeignet. Er tr\u00e4gt bis zu 540 kg! Hochbelastbarer pulverbeschichteter Stahl Konstruiert aus 8 mm und 12,7 mm starken Stahlrohren Tragf\u00e4higkeit von 180 kg bis 540 kg<\/p>\n","protected":false},"featured_media":226279,"comment_status":"open","ping_status":"closed","template":"","meta":[],"product_brand":[],"product_cat":[2620,1356],"product_tag":[],"class_list":{"0":"post-249711","1":"product","2":"type-product","3":"status-publish","4":"has-post-thumbnail","6":"product_cat-viltbearbetning","7":"product_cat-wildverwertung","9":"first","10":"instock","11":"taxable","12":"shipping-taxable","13":"purchasable","14":"product-type-simple"},"composite_virtual":false,"composite_layout":"","composite_add_to_cart_form_location":"","composite_editable_in_cart":false,"composite_sold_individually_context":"","composite_shop_price_calc":"","composite_components":[],"composite_scenarios":[],"group_of_quantity":0,"min_quantity":0,"max_quantity":"","exclude_order_quantity_value_rules":"no","exclude_category_quantity_rules":"no","combine_variations":"no","exclude_global_add_ons":[],"addons":[],"_links":{"self":[{"href":"https:\/\/www.huntersfriend.eu\/de\/wp-json\/wp\/v2\/product\/249711","targetHints":{"allow":["GET"]}}],"collection":[{"href":"https:\/\/www.huntersfriend.eu\/de\/wp-json\/wp\/v2\/product"}],"about":[{"href":"https:\/\/www.huntersfriend.eu\/de\/wp-json\/wp\/v2\/types\/product"}],"replies":[{"embeddable":true,"href":"https:\/\/www.huntersfriend.eu\/de\/wp-json\/wp\/v2\/comments?post=249711"}],"wp:featuredmedia":[{"embeddable":true,"href":"https:\/\/www.huntersfriend.eu\/de\/wp-json\/wp\/v2\/media\/226279"}],"wp:attachment":[{"href":"https:\/\/www.huntersfriend.eu\/de\/wp-json\/wp\/v2\/media?parent=249711"}],"wp:term":[{"taxonomy":"product_brand","embeddable":true,"href":"https:\/\/www.huntersfriend.eu\/de\/wp-json\/wp\/v2\/product_brand?post=249711"},{"taxonomy":"product_cat","embeddable":true,"href":"https:\/\/www.huntersfriend.eu\/de\/wp-json\/wp\/v2\/product_cat?post=249711"},{"taxonomy":"product_tag","embeddable":true,"href":"https:\/\/www.huntersfriend.eu\/de\/wp-json\/wp\/v2\/product_tag?post=249711"}],"curies":[{"name":"wp","href":"https:\/\/api.w.org\/{rel}","templated":true}]}}