{"id":247756,"date":"2022-07-21T12:54:52","date_gmt":"2022-07-21T10:54:52","guid":{"rendered":"https:\/\/www.huntersfriend.eu\/product\/eberlestock-6-pack-schnallenkit\/"},"modified":"2025-06-23T12:39:18","modified_gmt":"2025-06-23T10:39:18","slug":"eberlestock-6-pack-schnallenkit","status":"publish","type":"product","link":"https:\/\/www.huntersfriend.eu\/de\/produkt\/eberlestock-6-pack-schnallenkit\/","title":{"rendered":"Eberlestock 6er-Pack Feldreperatur-Schnallenset"},"content":{"rendered":"<p>Dieses Schnallenset beinhaltet 6 HD-Feldreparatur-Schnallen (weiblich) und 6 HD-Schnallen (m\u00e4nnlich). Dies erm\u00f6glicht die Umr\u00fcstung eines Rucksacks von Stealth-Schnallen auf HD-Schnallen. F\u00fcr die Installation der Feldreparatur-Schnallen sind keine Werkzeuge erforderlich. Zur Entfernung der weiblichen Stealth-Schnallen ben\u00f6tigen Sie jedoch einen Drahtschneider. Die Schnallenfarbe ist Dry Earth.<\/p>\n","protected":false},"excerpt":{"rendered":"<p>Dieses Schnallenset beinhaltet 6 HD-Feldreparatur-Schnallen (weiblich) und 6 HD-Schnallen (m\u00e4nnlich). Dies erm\u00f6glicht die Umr\u00fcstung eines Rucksacks von Stealth-Schnallen auf HD-Schnallen. F\u00fcr die Installation der Feldreparatur-Schnallen sind keine Werkzeuge erforderlich. Zur Entfernung der weiblichen Stealth-Schnallen ben\u00f6tigen Sie jedoch einen Drahtschneider. Die Schnallenfarbe ist Dry Earth.<\/p>\n","protected":false},"featured_media":236532,"comment_status":"open","ping_status":"closed","template":"","meta":[],"product_brand":[],"product_cat":[1407],"product_tag":[],"class_list":{"0":"post-247756","1":"product","2":"type-product","3":"status-publish","4":"has-post-thumbnail","6":"product_cat-jagdrucksacke","8":"first","9":"outofstock","10":"taxable","11":"shipping-taxable","12":"purchasable","13":"product-type-simple"},"composite_virtual":false,"composite_layout":"","composite_add_to_cart_form_location":"","composite_editable_in_cart":false,"composite_sold_individually_context":"","composite_shop_price_calc":"","composite_components":[],"composite_scenarios":[],"group_of_quantity":0,"min_quantity":0,"max_quantity":"","exclude_order_quantity_value_rules":"no","exclude_category_quantity_rules":"no","combine_variations":"no","exclude_global_add_ons":[],"addons":[],"_links":{"self":[{"href":"https:\/\/www.huntersfriend.eu\/de\/wp-json\/wp\/v2\/product\/247756","targetHints":{"allow":["GET"]}}],"collection":[{"href":"https:\/\/www.huntersfriend.eu\/de\/wp-json\/wp\/v2\/product"}],"about":[{"href":"https:\/\/www.huntersfriend.eu\/de\/wp-json\/wp\/v2\/types\/product"}],"replies":[{"embeddable":true,"href":"https:\/\/www.huntersfriend.eu\/de\/wp-json\/wp\/v2\/comments?post=247756"}],"wp:featuredmedia":[{"embeddable":true,"href":"https:\/\/www.huntersfriend.eu\/de\/wp-json\/wp\/v2\/media\/236532"}],"wp:attachment":[{"href":"https:\/\/www.huntersfriend.eu\/de\/wp-json\/wp\/v2\/media?parent=247756"}],"wp:term":[{"taxonomy":"product_brand","embeddable":true,"href":"https:\/\/www.huntersfriend.eu\/de\/wp-json\/wp\/v2\/product_brand?post=247756"},{"taxonomy":"product_cat","embeddable":true,"href":"https:\/\/www.huntersfriend.eu\/de\/wp-json\/wp\/v2\/product_cat?post=247756"},{"taxonomy":"product_tag","embeddable":true,"href":"https:\/\/www.huntersfriend.eu\/de\/wp-json\/wp\/v2\/product_tag?post=247756"}],"curies":[{"name":"wp","href":"https:\/\/api.w.org\/{rel}","templated":true}]}}