{"id":247747,"date":"2022-08-31T13:38:53","date_gmt":"2022-08-31T11:38:53","guid":{"rendered":"https:\/\/www.huntersfriend.eu\/product\/eberlestock-x1a3\/"},"modified":"2025-06-23T12:37:56","modified_gmt":"2025-06-23T10:37:56","slug":"eberlestock-x1a3","status":"publish","type":"product","link":"https:\/\/www.huntersfriend.eu\/de\/produkt\/eberlestock-x1a3\/","title":{"rendered":"Eberlestock X1A3"},"content":{"rendered":"<p>Der X1A3\u2122, der in der Lage ist, gleichzeitig einen Compound-Bogen und ein Gewehr zu tragen, ist der perfekte Tagesjagdrucksack f\u00fcr jede Saison. Zu den Merkmalen geh\u00f6ren eine \u00e4u\u00dfere Fronttasche f\u00fcr den schnellen Zugriff auf das Wesentliche, r\u00f6hrenf\u00f6rmige Seitentaschen f\u00fcr den Zugang zum Spektiv und ein gro\u00dfes Aufbewahrungsfach auf der R\u00fcckseite f\u00fcr eine Hydratationsblase oder eine Jacke. Die Gossamer Frame\u2122-Platte ist mit unserem Intex II\u2122-Rohrrahmen austauschbar, um die Tragf\u00e4higkeit zu erh\u00f6hen.  <\/p>\n<p><strong>MERKMALE:<\/strong><\/p>\n<ul>\n<li>Verbesserte Gewehraufnahme in der Mittellinie f\u00fcr alle Arten von Langwaffen, von Schrotflinten bis zu Sturmgewehren<\/li>\n<li>Gro\u00dfe r\u00f6hrenf\u00f6rmige Fronttaschen bilden eine stabile Aufnahme f\u00fcr Ihren Bogen<\/li>\n<li>Verbessertes Ripcord Bow Tether-System bietet exzellente Stabilit\u00e4t &amp; erm\u00f6glicht das Entfernen des Bogens w\u00e4hrend des Tragens des Rucksacks<\/li>\n<li>Spektiv-Taschen in voller Tiefe<\/li>\n<li>Die Gossamer-Polycarbonat-Rahmenplatte bietet zus\u00e4tzliche Unterst\u00fctzung f\u00fcr das Tragen schwererer Lasten und ist mit unserem r\u00f6hrenf\u00f6rmigen Aluminium-Intex-Rahmen austauschbar, sodass Sie Passform &amp; Funktion des Rucksacks an Ihre pers\u00f6nlichen Pr\u00e4ferenzen anpassen k\u00f6nnen<\/li>\n<li>Vertikal verstellbares Schultergurtsystem<\/li>\n<\/ul>\n<p><strong>TECHNISCHE DATEN:<\/strong><\/p>\n<ul>\n<li>Volumen: 1.725 Kubikzoll (ohne Ber\u00fccksichtigung des Aufnahmevolumens)<\/li>\n<li>Gewicht: 5,60 Pfund<\/li>\n<li>Abmessungen: 20H x 10,5B x 9,5T Zoll<\/li>\n<li>Holsterabmessungen: 34&#8243;L x 10&#8243;B, mit einer 24&#8243; Umfangs\u00f6ffnung<\/li>\n<\/ul>\n","protected":false},"excerpt":{"rendered":"<p>Verschiedene Farboptionen verf\u00fcgbar.<\/p>\n","protected":false},"featured_media":235997,"comment_status":"open","ping_status":"closed","template":"","meta":[],"product_brand":[],"product_cat":[1407],"product_tag":[],"class_list":{"0":"post-247747","1":"product","2":"type-product","3":"status-publish","4":"has-post-thumbnail","6":"product_cat-jagdrucksacke","7":"product_shipping_class-big-de","9":"first","10":"instock","11":"taxable","12":"shipping-taxable","13":"purchasable","14":"product-type-variable"},"composite_virtual":false,"composite_layout":"","composite_add_to_cart_form_location":"","composite_editable_in_cart":false,"composite_sold_individually_context":"","composite_shop_price_calc":"","composite_components":[],"composite_scenarios":[],"group_of_quantity":0,"min_quantity":0,"max_quantity":"","exclude_order_quantity_value_rules":"no","exclude_category_quantity_rules":"no","combine_variations":"no","exclude_global_add_ons":[],"addons":[],"_links":{"self":[{"href":"https:\/\/www.huntersfriend.eu\/de\/wp-json\/wp\/v2\/product\/247747","targetHints":{"allow":["GET"]}}],"collection":[{"href":"https:\/\/www.huntersfriend.eu\/de\/wp-json\/wp\/v2\/product"}],"about":[{"href":"https:\/\/www.huntersfriend.eu\/de\/wp-json\/wp\/v2\/types\/product"}],"replies":[{"embeddable":true,"href":"https:\/\/www.huntersfriend.eu\/de\/wp-json\/wp\/v2\/comments?post=247747"}],"wp:featuredmedia":[{"embeddable":true,"href":"https:\/\/www.huntersfriend.eu\/de\/wp-json\/wp\/v2\/media\/235997"}],"wp:attachment":[{"href":"https:\/\/www.huntersfriend.eu\/de\/wp-json\/wp\/v2\/media?parent=247747"}],"wp:term":[{"taxonomy":"product_brand","embeddable":true,"href":"https:\/\/www.huntersfriend.eu\/de\/wp-json\/wp\/v2\/product_brand?post=247747"},{"taxonomy":"product_cat","embeddable":true,"href":"https:\/\/www.huntersfriend.eu\/de\/wp-json\/wp\/v2\/product_cat?post=247747"},{"taxonomy":"product_tag","embeddable":true,"href":"https:\/\/www.huntersfriend.eu\/de\/wp-json\/wp\/v2\/product_tag?post=247747"}],"curies":[{"name":"wp","href":"https:\/\/api.w.org\/{rel}","templated":true}]}}