{"id":247743,"date":"2022-09-01T15:00:10","date_gmt":"2022-09-01T13:00:10","guid":{"rendered":"https:\/\/www.huntersfriend.eu\/product\/eberlestock-team-elk-rucksack\/"},"modified":"2025-06-23T12:37:51","modified_gmt":"2025-06-23T10:37:51","slug":"eberlestock-team-elk-rucksack","status":"publish","type":"product","link":"https:\/\/www.huntersfriend.eu\/de\/produkt\/eberlestock-team-elk-rucksack\/","title":{"rendered":"Eberlestock Team Elk Rucksack"},"content":{"rendered":"<p>Sie unterst\u00fctzen nicht nur eine gro\u00dfartige Sache, n\u00e4mlich den Schutz von Wildtieren und deren Lebensr\u00e4umen, sondern erwerben auch einen der vielseitigsten Allzweckrucks\u00e4cke auf dem Markt. Die M\u00f6glichkeit, entweder ein Gewehr oder einen Bogen oder beides zu tragen, macht diesen Rucksack zur perfekten Wahl f\u00fcr jede Jagdsaison. Er verf\u00fcgt \u00fcber tiefe Seitentaschen f\u00fcr Hydratationssysteme oder Spektive, Greifgurte zum Abtransport von Wildbret und unser hochgradig wasserabweisendes NT7\u2122-Gewebe, das Ihre Ausr\u00fcstung trocken h\u00e4lt und gleichzeitig beim Anpirschen an die Beute ger\u00e4uscharm bleibt.  <\/p>\n<p><strong>MERKMALE<\/strong><\/p>\n<ul>\n<li>Front- und Toploading-Zugang<\/li>\n<li>Taschen f\u00fcr Spektiv \/ Hydratationssystem<\/li>\n<li>Bogenhalterung und klappbare Gewehraufnahme<\/li>\n<li>Grapple-Kompressionsriemen<\/li>\n<\/ul>\n<p><strong>SPEZIFIKATIONEN<\/strong><\/p>\n<ul>\n<li>Volumen: ca. 50 Liter<\/li>\n<li>Gewicht: 6,95 lbs<\/li>\n<li>Abmessungen Hauptfach: 25H x 13,5B x 9,5T<\/li>\n<li>Abmessungen Gewehraufnahme: 34 \u201eL x 10\u201c B x 2 \u201eT, mit einer 24\u201c Zoll Umfangs\u00f6ffnung<\/li>\n<\/ul>\n","protected":false},"excerpt":{"rendered":"<p>Sie unterst\u00fctzen nicht nur eine gro\u00dfartige Sache, n\u00e4mlich den Schutz von Wildtieren und deren Lebensr\u00e4umen, sondern erwerben auch einen der vielseitigsten Allzweckrucks\u00e4cke auf dem Markt. Die M\u00f6glichkeit, entweder ein Gewehr oder einen Bogen oder beides zu tragen, macht diesen Rucksack zur perfekten Wahl f\u00fcr jede Jagdsaison. Er verf\u00fcgt \u00fcber tiefe Seitentaschen f\u00fcr Hydratationssysteme oder Spektive, [&#8230;]\n","protected":false},"featured_media":236053,"comment_status":"open","ping_status":"closed","template":"","meta":[],"product_brand":[],"product_cat":[1407],"product_tag":[],"class_list":{"0":"post-247743","1":"product","2":"type-product","3":"status-publish","4":"has-post-thumbnail","6":"product_cat-jagdrucksacke","7":"product_shipping_class-medium-de","9":"first","10":"instock","11":"taxable","12":"shipping-taxable","13":"purchasable","14":"product-type-variable"},"composite_virtual":false,"composite_layout":"","composite_add_to_cart_form_location":"","composite_editable_in_cart":false,"composite_sold_individually_context":"","composite_shop_price_calc":"","composite_components":[],"composite_scenarios":[],"group_of_quantity":0,"min_quantity":0,"max_quantity":"","exclude_order_quantity_value_rules":"no","exclude_category_quantity_rules":"no","combine_variations":"no","exclude_global_add_ons":[],"addons":[],"_links":{"self":[{"href":"https:\/\/www.huntersfriend.eu\/de\/wp-json\/wp\/v2\/product\/247743","targetHints":{"allow":["GET"]}}],"collection":[{"href":"https:\/\/www.huntersfriend.eu\/de\/wp-json\/wp\/v2\/product"}],"about":[{"href":"https:\/\/www.huntersfriend.eu\/de\/wp-json\/wp\/v2\/types\/product"}],"replies":[{"embeddable":true,"href":"https:\/\/www.huntersfriend.eu\/de\/wp-json\/wp\/v2\/comments?post=247743"}],"wp:featuredmedia":[{"embeddable":true,"href":"https:\/\/www.huntersfriend.eu\/de\/wp-json\/wp\/v2\/media\/236053"}],"wp:attachment":[{"href":"https:\/\/www.huntersfriend.eu\/de\/wp-json\/wp\/v2\/media?parent=247743"}],"wp:term":[{"taxonomy":"product_brand","embeddable":true,"href":"https:\/\/www.huntersfriend.eu\/de\/wp-json\/wp\/v2\/product_brand?post=247743"},{"taxonomy":"product_cat","embeddable":true,"href":"https:\/\/www.huntersfriend.eu\/de\/wp-json\/wp\/v2\/product_cat?post=247743"},{"taxonomy":"product_tag","embeddable":true,"href":"https:\/\/www.huntersfriend.eu\/de\/wp-json\/wp\/v2\/product_tag?post=247743"}],"curies":[{"name":"wp","href":"https:\/\/api.w.org\/{rel}","templated":true}]}}