{"id":247739,"date":"2022-09-07T12:44:37","date_gmt":"2022-09-07T10:44:37","guid":{"rendered":"https:\/\/www.huntersfriend.eu\/product\/eberlestock-just-one\/"},"modified":"2026-02-25T10:35:56","modified_gmt":"2026-02-25T08:35:56","slug":"eberlestock-just-one","status":"publish","type":"product","link":"https:\/\/www.huntersfriend.eu\/de\/produkt\/eberlestock-just-one\/","title":{"rendered":"Eberlestock just One"},"content":{"rendered":"<p>Dies ist die neueste Version des Rucksacks, der eine Ausr\u00fcstungsrevolution ausl\u00f6ste, der legend\u00e4re J34 Just One Pack\u2122. Wie in, \u201ewenn Sie nur einen Jagdrucksack besitzen m\u00f6chten, besitzen Sie einen Just One.\u201c Der J34 ist \u00e4u\u00dferst vielseitig und verf\u00fcgt \u00fcber die patentierten Funktionen, die Eberlestock-Rucks\u00e4cke einzigartig machen. Beginnend mit einem ultrakompakten Volumen von 2300 Kubikzoll erweitert das integrierte Cam Expansion System\u2122 ihn auf 4600 Kubikzoll. F\u00fcgen Sie eine Super Spike Duffel\u2122 hinzu, und Sie erhalten einen Lasttr\u00e4ger mit 7500 Kubikzoll.    <\/p>\n<p><strong>MERKMALE<\/strong><\/p>\n<ul>\n<li>Integrierter Jagdgewehr-R\u00fcckentragschutz<\/li>\n<li>Vertikal verstellbares Tragesystem<\/li>\n<li>Kompatibel f\u00fcr Hydrationsysteme<\/li>\n<li>Grapple-Kompressionsriemen<\/li>\n<\/ul>\n<p><strong>SPEZIFIKATIONEN<\/strong><\/p>\n<ul>\n<li>Komprimiertes Rucksackvolumen: 1.900 Kubikzoll<\/li>\n<li>Erweitertes Rucksackvolumen: 4.200 Kubikzoll<\/li>\n<li>Scabbard-Volumen: 400 c.i.<\/li>\n<li>Gesamtvolumen: 4.600 Kubikzoll<\/li>\n<li>Gewicht: 7,25 Pfund<\/li>\n<li>Abmessungen (komprimiert): 63,5 cm H x 27,9 cm B x 15,2 cm T<\/li>\n<li>Abmessungen des R\u00fcckentragschutz: 86,4 cm \u201eL x 17,8 cm\u201c B x 7,6 cm \u201eT, mit einer 50,8 cm\u201c Umfangs\u00f6ffnung<\/li>\n<\/ul>\n","protected":false},"excerpt":{"rendered":"<p>Dies ist die neueste Version des Rucksacks, der eine Ausr\u00fcstungsrevolution ausl\u00f6ste, der legend\u00e4re J34 Just One Pack\u2122. Wie in, \u201ewenn Sie nur einen Jagdrucksack besitzen m\u00f6chten, besitzen Sie einen Just One.\u201c Der J34 ist \u00e4u\u00dferst vielseitig und verf\u00fcgt \u00fcber die patentierten Funktionen, die Eberlestock-Rucks\u00e4cke einzigartig machen. Beginnend mit einem ultrakompakten Volumen von 2300 Kubikzoll erweitert [&#8230;]\n","protected":false},"featured_media":236283,"comment_status":"open","ping_status":"closed","template":"","meta":[],"product_brand":[],"product_cat":[1407],"product_tag":[],"class_list":{"0":"post-247739","1":"product","2":"type-product","3":"status-publish","4":"has-post-thumbnail","6":"product_cat-jagdrucksacke","7":"product_shipping_class-medium-de","9":"first","10":"instock","11":"taxable","12":"shipping-taxable","13":"purchasable","14":"product-type-variable"},"composite_virtual":false,"composite_layout":"","composite_add_to_cart_form_location":"","composite_editable_in_cart":false,"composite_sold_individually_context":"","composite_shop_price_calc":"","composite_components":[],"composite_scenarios":[],"group_of_quantity":0,"min_quantity":0,"max_quantity":"","exclude_order_quantity_value_rules":"no","exclude_category_quantity_rules":"no","combine_variations":"no","exclude_global_add_ons":[],"addons":[],"_links":{"self":[{"href":"https:\/\/www.huntersfriend.eu\/de\/wp-json\/wp\/v2\/product\/247739","targetHints":{"allow":["GET"]}}],"collection":[{"href":"https:\/\/www.huntersfriend.eu\/de\/wp-json\/wp\/v2\/product"}],"about":[{"href":"https:\/\/www.huntersfriend.eu\/de\/wp-json\/wp\/v2\/types\/product"}],"replies":[{"embeddable":true,"href":"https:\/\/www.huntersfriend.eu\/de\/wp-json\/wp\/v2\/comments?post=247739"}],"wp:featuredmedia":[{"embeddable":true,"href":"https:\/\/www.huntersfriend.eu\/de\/wp-json\/wp\/v2\/media\/236283"}],"wp:attachment":[{"href":"https:\/\/www.huntersfriend.eu\/de\/wp-json\/wp\/v2\/media?parent=247739"}],"wp:term":[{"taxonomy":"product_brand","embeddable":true,"href":"https:\/\/www.huntersfriend.eu\/de\/wp-json\/wp\/v2\/product_brand?post=247739"},{"taxonomy":"product_cat","embeddable":true,"href":"https:\/\/www.huntersfriend.eu\/de\/wp-json\/wp\/v2\/product_cat?post=247739"},{"taxonomy":"product_tag","embeddable":true,"href":"https:\/\/www.huntersfriend.eu\/de\/wp-json\/wp\/v2\/product_tag?post=247739"}],"curies":[{"name":"wp","href":"https:\/\/api.w.org\/{rel}","templated":true}]}}