{"id":247730,"date":"2023-03-16T13:14:35","date_gmt":"2023-03-16T11:14:35","guid":{"rendered":"https:\/\/www.huntersfriend.eu\/product\/eberlestock-ersatz-schnallen-set\/"},"modified":"2025-12-11T10:50:57","modified_gmt":"2025-12-11T08:50:57","slug":"eberlestock-ersatz-schnallen-set","status":"publish","type":"product","link":"https:\/\/www.huntersfriend.eu\/de\/produkt\/eberlestock-ersatz-schnallen-set\/","title":{"rendered":"Eberlestock Ersatzschnallenset"},"content":{"rendered":"<p>Set bestehend aus 5 Schnallen, die am h\u00e4ufigsten bei Eberlestock-Rucks\u00e4cken verwendet werden:<\/p>\n<p>(1) 50 mm<\/p>\n<p>(2) 38 mm<\/p>\n<p>(2) 25 mm.<\/p>\n<p>(HD Heavy Duty). Ausschlie\u00dflich in der Farbe Dry Earth erh\u00e4ltlich.<\/p>\n","protected":false},"excerpt":{"rendered":"<p>Set bestehend aus 5 Schnallen, die am h\u00e4ufigsten bei Eberlestock-Rucks\u00e4cken verwendet werden: (1) 50 mm (2) 38 mm (2) 25 mm. (HD Heavy Duty). Ausschlie\u00dflich in der Farbe Dry Earth erh\u00e4ltlich.<\/p>\n","protected":false},"featured_media":246476,"comment_status":"open","ping_status":"closed","template":"","meta":[],"product_brand":[],"product_cat":[1774,1407],"product_tag":[],"class_list":{"0":"post-247730","1":"product","2":"type-product","3":"status-publish","4":"has-post-thumbnail","6":"product_cat-jagd-rucksacke","7":"product_cat-jagdrucksacke","9":"first","10":"instock","11":"taxable","12":"shipping-taxable","13":"purchasable","14":"product-type-simple"},"composite_virtual":false,"composite_layout":"","composite_add_to_cart_form_location":"","composite_editable_in_cart":false,"composite_sold_individually_context":"","composite_shop_price_calc":"","composite_components":[],"composite_scenarios":[],"group_of_quantity":0,"min_quantity":0,"max_quantity":"","exclude_order_quantity_value_rules":"no","exclude_category_quantity_rules":"no","combine_variations":"no","exclude_global_add_ons":[],"addons":[],"_links":{"self":[{"href":"https:\/\/www.huntersfriend.eu\/de\/wp-json\/wp\/v2\/product\/247730","targetHints":{"allow":["GET"]}}],"collection":[{"href":"https:\/\/www.huntersfriend.eu\/de\/wp-json\/wp\/v2\/product"}],"about":[{"href":"https:\/\/www.huntersfriend.eu\/de\/wp-json\/wp\/v2\/types\/product"}],"replies":[{"embeddable":true,"href":"https:\/\/www.huntersfriend.eu\/de\/wp-json\/wp\/v2\/comments?post=247730"}],"wp:featuredmedia":[{"embeddable":true,"href":"https:\/\/www.huntersfriend.eu\/de\/wp-json\/wp\/v2\/media\/246476"}],"wp:attachment":[{"href":"https:\/\/www.huntersfriend.eu\/de\/wp-json\/wp\/v2\/media?parent=247730"}],"wp:term":[{"taxonomy":"product_brand","embeddable":true,"href":"https:\/\/www.huntersfriend.eu\/de\/wp-json\/wp\/v2\/product_brand?post=247730"},{"taxonomy":"product_cat","embeddable":true,"href":"https:\/\/www.huntersfriend.eu\/de\/wp-json\/wp\/v2\/product_cat?post=247730"},{"taxonomy":"product_tag","embeddable":true,"href":"https:\/\/www.huntersfriend.eu\/de\/wp-json\/wp\/v2\/product_tag?post=247730"}],"curies":[{"name":"wp","href":"https:\/\/api.w.org\/{rel}","templated":true}]}}