{"id":245033,"date":"2023-03-22T15:42:06","date_gmt":"2023-03-22T13:42:06","guid":{"rendered":"https:\/\/www.huntersfriend.eu\/product\/jalmarin-coniboksi-conibear-120-2-ss\/"},"modified":"2025-10-20T10:20:25","modified_gmt":"2025-10-20T08:20:25","slug":"jalmarin-coniboksi-conibear-120-2","status":"publish","type":"product","link":"https:\/\/www.huntersfriend.eu\/de\/produkt\/jalmarin-coniboksi-conibear-120-2\/","title":{"rendered":"Conibear Trapbox + Conibear 120-2"},"content":{"rendered":"<p class=\"tw-data-text tw-text-large tw-ta\" dir=\"ltr\" data-placeholder=\"K\u00e4\u00e4nn\u00f6s\"><span class=\"Y2IQFc\" lang=\"en\">This package contains both trapbox and the highly popular Belisle 120-2 steel body trap! <\/span><span class=\"Y2IQFc\" lang=\"en\">The diameter of the box mouth is 8 cm. The box can be used either as a pass-through or as a single-ended box. The other end can be closed with a removable pin. The roof can be opened easily, so maintenance is easy to carry out.<\/span><\/p>\n<p id=\"tw-target-text\" class=\"tw-data-text tw-text-large tw-ta\" dir=\"ltr\" data-placeholder=\"K\u00e4\u00e4nn\u00f6s\"><span class=\"Y2IQFc\" lang=\"en\">Package size: package size 72x20x6 cm and the delivery includes the necessary parts and tools for assembling the box.<\/span><\/p>\n<p class=\"tw-data-text tw-text-large tw-ta\" dir=\"ltr\" data-placeholder=\"K\u00e4\u00e4nn\u00f6s\"><span class=\"Y2IQFc\" lang=\"en\">The pass-trough Bleisle traps are instantly lethal and by law must be placed in a protective case that prevents outsiders or non-target animals from accessing the trap. Model 120-2 are especially suitable for catching mink and marten.<\/span><\/p>\n","protected":false},"excerpt":{"rendered":"<p>This package contains both trapbox and the highly popular Belisle 120-2 steel body trap! The diameter of the box mouth is 8 cm. The box can be used either as a pass-through or as a single-ended box. The other end can be closed with a removable pin. The roof can be opened easily, so maintenance [&#8230;]\n","protected":false},"featured_media":246520,"comment_status":"open","ping_status":"closed","template":"","meta":[],"product_brand":[],"product_cat":[1330],"product_tag":[],"class_list":{"0":"post-245033","1":"product","2":"type-product","3":"status-publish","4":"has-post-thumbnail","6":"product_cat-traps-trapping-supplies","7":"product_shipping_class-large","9":"first","10":"instock","11":"taxable","12":"shipping-taxable","13":"purchasable","14":"product-type-simple"},"composite_virtual":false,"composite_layout":"","composite_add_to_cart_form_location":"","composite_editable_in_cart":false,"composite_sold_individually_context":"","composite_shop_price_calc":"","composite_components":[],"composite_scenarios":[],"group_of_quantity":0,"min_quantity":0,"max_quantity":"","exclude_order_quantity_value_rules":"no","exclude_category_quantity_rules":"no","combine_variations":"no","exclude_global_add_ons":[],"addons":[],"_links":{"self":[{"href":"https:\/\/www.huntersfriend.eu\/de\/wp-json\/wp\/v2\/product\/245033","targetHints":{"allow":["GET"]}}],"collection":[{"href":"https:\/\/www.huntersfriend.eu\/de\/wp-json\/wp\/v2\/product"}],"about":[{"href":"https:\/\/www.huntersfriend.eu\/de\/wp-json\/wp\/v2\/types\/product"}],"replies":[{"embeddable":true,"href":"https:\/\/www.huntersfriend.eu\/de\/wp-json\/wp\/v2\/comments?post=245033"}],"wp:featuredmedia":[{"embeddable":true,"href":"https:\/\/www.huntersfriend.eu\/de\/wp-json\/wp\/v2\/media\/246520"}],"wp:attachment":[{"href":"https:\/\/www.huntersfriend.eu\/de\/wp-json\/wp\/v2\/media?parent=245033"}],"wp:term":[{"taxonomy":"product_brand","embeddable":true,"href":"https:\/\/www.huntersfriend.eu\/de\/wp-json\/wp\/v2\/product_brand?post=245033"},{"taxonomy":"product_cat","embeddable":true,"href":"https:\/\/www.huntersfriend.eu\/de\/wp-json\/wp\/v2\/product_cat?post=245033"},{"taxonomy":"product_tag","embeddable":true,"href":"https:\/\/www.huntersfriend.eu\/de\/wp-json\/wp\/v2\/product_tag?post=245033"}],"curies":[{"name":"wp","href":"https:\/\/api.w.org\/{rel}","templated":true}]}}