{"id":231770,"date":"2022-05-25T15:42:24","date_gmt":"2022-05-25T13:42:24","guid":{"rendered":"https:\/\/www.huntersfriend.eu\/product\/dunlop-blizzard-winterstiefel\/"},"modified":"2025-10-15T11:33:22","modified_gmt":"2025-10-15T09:33:22","slug":"dunlop-blizzard-winterstiefel","status":"publish","type":"product","link":"https:\/\/www.huntersfriend.eu\/de\/produkt\/dunlop-blizzard-winterstiefel\/","title":{"rendered":"Dunlop Blizzard Winterstiefel"},"content":{"rendered":"<p id=\"tw-target-text\" class=\"tw-data-text tw-text-large tw-ta\" dir=\"ltr\" data-placeholder=\"K\u00e4\u00e4nn\u00f6s\"><span class=\"Y2IQFc\" lang=\"en\">Dunlop Blizzard ist ein hochwertiger Winterstiefel f\u00fcr kaltes Winterwetter. Das warme und komfortable Futter h\u00e4lt Ihre F\u00fc\u00dfe selbst bei -15 \u00b0C warm. Die Sohle ist sto\u00dfd\u00e4mpfend. Das Profil der Sohle bietet guten Halt auf rutschigem Terrain. Ein Kordelzug am oberen Ende des Stiefels verhindert das Eindringen von Schnee. Dank der Kordel passt der Stiefel besser am Fu\u00df. Gr\u00fcnes PVC.      <\/span><\/p>\n<p class=\"tw-data-text tw-text-large tw-ta\" dir=\"ltr\" data-placeholder=\"K\u00e4\u00e4nn\u00f6s\"><span class=\"Y2IQFc\" lang=\"en\"><strong>Schafth\u00f6he:<\/strong> 36 cm<\/span><\/p>\n<p class=\"tw-data-text tw-text-large tw-ta\" dir=\"ltr\" data-placeholder=\"K\u00e4\u00e4nn\u00f6s\"><span class=\"Y2IQFc\" lang=\"en\"><strong>Gewicht:<\/strong> 1850 g (Gr\u00f6\u00dfe 43) <\/span><\/p>\n<p class=\"tw-data-text tw-text-large tw-ta\" dir=\"ltr\" data-placeholder=\"K\u00e4\u00e4nn\u00f6s\"><span class=\"Y2IQFc\" lang=\"en\"><strong>Gr\u00f6\u00dfen:<\/strong> 36-48.<\/span><\/p>\n<p dir=\"ltr\" data-placeholder=\"K\u00e4\u00e4nn\u00f6s\">\n","protected":false},"excerpt":{"rendered":"<p><a href=\"https:\/\/www.huntersfriend.eu\/app\/uploads\/2022\/05\/Dunlop-kokotaulukko.png\"><strong>Gr\u00f6\u00dfentabelle<\/strong><\/a><\/p>\n","protected":false},"featured_media":231096,"comment_status":"open","ping_status":"closed","template":"","meta":[],"product_brand":[],"product_cat":[1385,1207],"product_tag":[],"class_list":{"0":"post-231770","1":"product","2":"type-product","3":"status-publish","4":"has-post-thumbnail","6":"product_cat-gummistiefel","7":"product_cat-winter-jagd-stiefel","8":"product_shipping_class-medium-de","10":"first","11":"instock","12":"taxable","13":"shipping-taxable","14":"purchasable","15":"product-type-variable"},"composite_virtual":false,"composite_layout":"","composite_add_to_cart_form_location":"","composite_editable_in_cart":false,"composite_sold_individually_context":"","composite_shop_price_calc":"","composite_components":[],"composite_scenarios":[],"group_of_quantity":0,"min_quantity":0,"max_quantity":"","exclude_order_quantity_value_rules":"no","exclude_category_quantity_rules":"no","combine_variations":"no","exclude_global_add_ons":[],"addons":[],"_links":{"self":[{"href":"https:\/\/www.huntersfriend.eu\/de\/wp-json\/wp\/v2\/product\/231770","targetHints":{"allow":["GET"]}}],"collection":[{"href":"https:\/\/www.huntersfriend.eu\/de\/wp-json\/wp\/v2\/product"}],"about":[{"href":"https:\/\/www.huntersfriend.eu\/de\/wp-json\/wp\/v2\/types\/product"}],"replies":[{"embeddable":true,"href":"https:\/\/www.huntersfriend.eu\/de\/wp-json\/wp\/v2\/comments?post=231770"}],"wp:featuredmedia":[{"embeddable":true,"href":"https:\/\/www.huntersfriend.eu\/de\/wp-json\/wp\/v2\/media\/231096"}],"wp:attachment":[{"href":"https:\/\/www.huntersfriend.eu\/de\/wp-json\/wp\/v2\/media?parent=231770"}],"wp:term":[{"taxonomy":"product_brand","embeddable":true,"href":"https:\/\/www.huntersfriend.eu\/de\/wp-json\/wp\/v2\/product_brand?post=231770"},{"taxonomy":"product_cat","embeddable":true,"href":"https:\/\/www.huntersfriend.eu\/de\/wp-json\/wp\/v2\/product_cat?post=231770"},{"taxonomy":"product_tag","embeddable":true,"href":"https:\/\/www.huntersfriend.eu\/de\/wp-json\/wp\/v2\/product_tag?post=231770"}],"curies":[{"name":"wp","href":"https:\/\/api.w.org\/{rel}","templated":true}]}}