{"id":231759,"date":"2022-05-25T15:42:28","date_gmt":"2022-05-25T13:42:28","guid":{"rendered":"https:\/\/www.huntersfriend.eu\/product\/231759\/"},"modified":"2024-08-27T07:39:26","modified_gmt":"2024-08-27T05:39:26","slug":"231759","status":"publish","type":"product","link":"https:\/\/www.huntersfriend.eu\/de\/produkt\/231759\/","title":{"rendered":""},"content":{"rendered":"<p>Der Hunter GTX ist ein Jagdstiefel aus Leder, der unschlagbaren Halt bei stundenlangen Pirschg\u00e4ngen durch die Wildnis bietet. Der Viking Hunter GTX ist aus robustem, strapazierf\u00e4higem Leder mit einem leichten, wasserdichten GORE-TEX-Futter f\u00fcr Schutz bei nassem Wetter. Diese Stiefel haben einen breiten Leisten mit einer integrierten Gummikappe f\u00fcr zus\u00e4tzliche Haltbarkeit und Schutz vor Felsen und Wurzeln. Der Viking Hunter GTX ist mit einer griffigen UGC\u00ae-Gummisohle ausgestattet, perfekt f\u00fcr wechselndes Terrain!<\/p>\n<p>Weite Passform<br \/>\nFutter Gore-Tex Performance, Ultimate<br \/>\nEinlegesohle Polyester<br \/>\nZwischensohle Gummi\/PU UGC<br \/>\nLaufsohle UGC Mountain<\/p>\n","protected":false},"excerpt":{"rendered":"<p><a href=\"https:\/\/www.huntersfriend.eu\/app\/uploads\/2022\/05\/Viking-kokotaulukko.png\"><strong>Size chart<\/strong><\/a><\/p>\n","protected":false},"featured_media":0,"comment_status":"open","ping_status":"closed","template":"","meta":[],"product_brand":[],"product_cat":[1145],"product_tag":[],"class_list":{"0":"post-231759","1":"product","2":"type-product","3":"status-publish","5":"product_cat-sonstiges","7":"first","8":"onbackorder","9":"taxable","10":"shipping-taxable","11":"purchasable","12":"product-type-variable"},"composite_virtual":false,"composite_layout":"","composite_add_to_cart_form_location":"","composite_editable_in_cart":false,"composite_sold_individually_context":"","composite_shop_price_calc":"","composite_components":[],"composite_scenarios":[],"group_of_quantity":0,"min_quantity":0,"max_quantity":"","exclude_order_quantity_value_rules":"no","exclude_category_quantity_rules":"no","combine_variations":"no","exclude_global_add_ons":[],"addons":[],"_links":{"self":[{"href":"https:\/\/www.huntersfriend.eu\/de\/wp-json\/wp\/v2\/product\/231759","targetHints":{"allow":["GET"]}}],"collection":[{"href":"https:\/\/www.huntersfriend.eu\/de\/wp-json\/wp\/v2\/product"}],"about":[{"href":"https:\/\/www.huntersfriend.eu\/de\/wp-json\/wp\/v2\/types\/product"}],"replies":[{"embeddable":true,"href":"https:\/\/www.huntersfriend.eu\/de\/wp-json\/wp\/v2\/comments?post=231759"}],"wp:attachment":[{"href":"https:\/\/www.huntersfriend.eu\/de\/wp-json\/wp\/v2\/media?parent=231759"}],"wp:term":[{"taxonomy":"product_brand","embeddable":true,"href":"https:\/\/www.huntersfriend.eu\/de\/wp-json\/wp\/v2\/product_brand?post=231759"},{"taxonomy":"product_cat","embeddable":true,"href":"https:\/\/www.huntersfriend.eu\/de\/wp-json\/wp\/v2\/product_cat?post=231759"},{"taxonomy":"product_tag","embeddable":true,"href":"https:\/\/www.huntersfriend.eu\/de\/wp-json\/wp\/v2\/product_tag?post=231759"}],"curies":[{"name":"wp","href":"https:\/\/api.w.org\/{rel}","templated":true}]}}