{"id":231749,"date":"2022-05-31T14:50:55","date_gmt":"2022-05-31T12:50:55","guid":{"rendered":"https:\/\/www.huntersfriend.eu\/product\/231749\/"},"modified":"2025-08-06T04:58:16","modified_gmt":"2025-08-06T02:58:16","slug":"231749","status":"publish","type":"product","link":"https:\/\/www.huntersfriend.eu\/de\/produkt\/231749\/","title":{"rendered":"Meopta meopro Optika6 3-18x50RD SFP, BDC-3"},"content":{"rendered":"<p>Optika6 3-18&#215;50 und 3-18&#215;56 Zielfernrohre sind mit Absehen in der ersten oder zweiten Bildebene (FFP \/ SFP) erh\u00e4ltlich. SFP-Modelle verf\u00fcgen \u00fcber abgedeckte Seiten- und H\u00f6henverstellung, w\u00e4hrend FFP-Modelle eine freiliegende, verriegelbare H\u00f6henverstellung und eine abgedeckte Seitenverstellung aufweisen. FFP-Modelle verf\u00fcgen zudem \u00fcber einen H\u00f6henverstellturm mit Nullstopp, der es dem Sch\u00fctzen erm\u00f6glicht, unabh\u00e4ngig von der eingestellten Entfernung einen definierten R\u00fcckkehrpunkt zur Nullstellung zu haben. Die standardm\u00e4\u00dfigen Klickwerte f\u00fcr Nicht-MIL-Absehen betragen 0,25 MOA, w\u00e4hrend MIL-basierte Absehen Einstellungen von 0,1 Milradian pro Klick aufweisen.<\/p>\n","protected":false},"excerpt":{"rendered":"<p>Optika6 3-18&#215;50 und 3-18&#215;56 Zielfernrohre sind mit Absehen in der ersten oder zweiten Bildebene (FFP \/ SFP) erh\u00e4ltlich. SFP-Modelle verf\u00fcgen \u00fcber abgedeckte Seiten- und H\u00f6henverstellung, w\u00e4hrend FFP-Modelle eine freiliegende, verriegelbare H\u00f6henverstellung und eine abgedeckte Seitenverstellung aufweisen. FFP-Modelle verf\u00fcgen zudem \u00fcber einen H\u00f6henverstellturm mit Nullstopp, der es dem Sch\u00fctzen erm\u00f6glicht, unabh\u00e4ngig von der eingestellten Entfernung einen [&#8230;]\n","protected":false},"featured_media":231560,"comment_status":"open","ping_status":"closed","template":"","meta":[],"product_brand":[],"product_cat":[1132],"product_tag":[],"class_list":{"0":"post-231749","1":"product","2":"type-product","3":"status-publish","4":"has-post-thumbnail","6":"product_cat-zielfernrohre","8":"first","9":"outofstock","10":"taxable","11":"shipping-taxable","12":"purchasable","13":"product-type-simple"},"composite_virtual":false,"composite_layout":"","composite_add_to_cart_form_location":"","composite_editable_in_cart":false,"composite_sold_individually_context":"","composite_shop_price_calc":"","composite_components":[],"composite_scenarios":[],"group_of_quantity":0,"min_quantity":0,"max_quantity":"","exclude_order_quantity_value_rules":"no","exclude_category_quantity_rules":"no","combine_variations":"no","exclude_global_add_ons":[],"addons":[],"_links":{"self":[{"href":"https:\/\/www.huntersfriend.eu\/de\/wp-json\/wp\/v2\/product\/231749","targetHints":{"allow":["GET"]}}],"collection":[{"href":"https:\/\/www.huntersfriend.eu\/de\/wp-json\/wp\/v2\/product"}],"about":[{"href":"https:\/\/www.huntersfriend.eu\/de\/wp-json\/wp\/v2\/types\/product"}],"replies":[{"embeddable":true,"href":"https:\/\/www.huntersfriend.eu\/de\/wp-json\/wp\/v2\/comments?post=231749"}],"wp:featuredmedia":[{"embeddable":true,"href":"https:\/\/www.huntersfriend.eu\/de\/wp-json\/wp\/v2\/media\/231560"}],"wp:attachment":[{"href":"https:\/\/www.huntersfriend.eu\/de\/wp-json\/wp\/v2\/media?parent=231749"}],"wp:term":[{"taxonomy":"product_brand","embeddable":true,"href":"https:\/\/www.huntersfriend.eu\/de\/wp-json\/wp\/v2\/product_brand?post=231749"},{"taxonomy":"product_cat","embeddable":true,"href":"https:\/\/www.huntersfriend.eu\/de\/wp-json\/wp\/v2\/product_cat?post=231749"},{"taxonomy":"product_tag","embeddable":true,"href":"https:\/\/www.huntersfriend.eu\/de\/wp-json\/wp\/v2\/product_tag?post=231749"}],"curies":[{"name":"wp","href":"https:\/\/api.w.org\/{rel}","templated":true}]}}