{"id":231744,"date":"2022-05-31T14:56:55","date_gmt":"2022-05-31T12:56:55","guid":{"rendered":"https:\/\/www.huntersfriend.eu\/product\/sitka-jetstream-jacke\/"},"modified":"2024-08-27T07:39:26","modified_gmt":"2024-08-27T05:39:26","slug":"sitka-jetstream-jacke","status":"publish","type":"product","link":"https:\/\/www.huntersfriend.eu\/de\/produkt\/sitka-jetstream-jacke\/","title":{"rendered":"SITKA Jetstream Jacke"},"content":{"rendered":"<p>Die Sitka Jetstream Jacket wurde f\u00fcr aktive Bergwanderungen bei kaltem Wetter entwickelt. Das Arbeitstier unter den Softshell-Jacken verf\u00fcgt \u00fcber strategisch platzierte N\u00e4hte, die Wasser ableiten, w\u00e4hrend ein GORE-TEX INFINIUM mit WINDSTOPPER\u00ae-Laminat w\u00e4rmende Winde abh\u00e4lt und Schwei\u00df und Feuchtigkeit durch das System leitet, damit Sie sich auf die Jagd konzentrieren k\u00f6nnen.<\/p>\n<p>Gewicht: 720,93 g \/ Gr\u00f6\u00dfe L<br \/>\nFarbe: Covert<br \/>\nGORE-TEX INFINIUM\u2122 mit WINDSTOPPER\u2122Technologie, Polyester-Strick-Softshell-Obermaterial, Innenseite aus Micro-Grid-Polyester-Fleece-Strick. Bietet vollst\u00e4ndigen winddichten Schutz durch eine strapazierf\u00e4hige, leichte und atmungsaktive Membran.<br \/>\nDie dauerhaft wasserabweisende Ausr\u00fcstung widersteht leichtem Niederschlag und verhindert, dass das Obermaterial durchn\u00e4sst.<br \/>\nGelenkige Passform f\u00fcr maximale Bewegungsfreiheit bei minimalem Platzbedarf.<br \/>\n2 Brusttaschen mit Rei\u00dfverschluss halten kleine Dinge wie Entfernungsmesser und GPS griffbereit.<\/p>\n<p><a href=\"https:\/\/www.huntersfriend.eu\/app\/uploads\/2022\/05\/Sitka-miesten-kokoatulukko.jpg\"><img decoding=\"async\" class=\"alignnone wp-image-231001 size-medium\" src=\"https:\/\/www.huntersfriend.eu\/app\/uploads\/2022\/05\/Sitka-miesten-kokoatulukko-600x371.jpg\" alt=\"\" width=\"600\" height=\"371\" srcset=\"https:\/\/www.huntersfriend.eu\/app\/uploads\/2022\/05\/Sitka-miesten-kokoatulukko-600x371.jpg 600w, https:\/\/www.huntersfriend.eu\/app\/uploads\/2022\/05\/Sitka-miesten-kokoatulukko-768x475.jpg 768w, https:\/\/www.huntersfriend.eu\/app\/uploads\/2022\/05\/Sitka-miesten-kokoatulukko-300x186.jpg 300w, https:\/\/www.huntersfriend.eu\/app\/uploads\/2022\/05\/Sitka-miesten-kokoatulukko-200x124.jpg 200w, https:\/\/www.huntersfriend.eu\/app\/uploads\/2022\/05\/Sitka-miesten-kokoatulukko-97x60.jpg 97w, https:\/\/www.huntersfriend.eu\/app\/uploads\/2022\/05\/Sitka-miesten-kokoatulukko-146x90.jpg 146w, https:\/\/www.huntersfriend.eu\/app\/uploads\/2022\/05\/Sitka-miesten-kokoatulukko.jpg 970w\" sizes=\"(max-width: 600px) 100vw, 600px\" \/><\/a><\/p>\n","protected":false},"excerpt":{"rendered":"<p>Langlebige Softshell Jacke<\/p>\n<p><strong><a href=\"https:\/\/www.huntersfriend.eu\/app\/uploads\/2022\/05\/Sitka-miesten-kokoatulukko.jpg\">Size chart<\/a><\/strong><\/p>\n","protected":false},"featured_media":231251,"comment_status":"open","ping_status":"closed","template":"","meta":[],"product_brand":[],"product_cat":[1145],"product_tag":[],"class_list":{"0":"post-231744","1":"product","2":"type-product","3":"status-publish","4":"has-post-thumbnail","6":"product_cat-sonstiges","8":"first","9":"outofstock","10":"taxable","11":"shipping-taxable","12":"purchasable","13":"product-type-variable"},"composite_virtual":false,"composite_layout":"","composite_add_to_cart_form_location":"","composite_editable_in_cart":false,"composite_sold_individually_context":"","composite_shop_price_calc":"","composite_components":[],"composite_scenarios":[],"group_of_quantity":0,"min_quantity":0,"max_quantity":"","exclude_order_quantity_value_rules":"no","exclude_category_quantity_rules":"no","combine_variations":"no","exclude_global_add_ons":[],"addons":[],"_links":{"self":[{"href":"https:\/\/www.huntersfriend.eu\/de\/wp-json\/wp\/v2\/product\/231744","targetHints":{"allow":["GET"]}}],"collection":[{"href":"https:\/\/www.huntersfriend.eu\/de\/wp-json\/wp\/v2\/product"}],"about":[{"href":"https:\/\/www.huntersfriend.eu\/de\/wp-json\/wp\/v2\/types\/product"}],"replies":[{"embeddable":true,"href":"https:\/\/www.huntersfriend.eu\/de\/wp-json\/wp\/v2\/comments?post=231744"}],"wp:featuredmedia":[{"embeddable":true,"href":"https:\/\/www.huntersfriend.eu\/de\/wp-json\/wp\/v2\/media\/231251"}],"wp:attachment":[{"href":"https:\/\/www.huntersfriend.eu\/de\/wp-json\/wp\/v2\/media?parent=231744"}],"wp:term":[{"taxonomy":"product_brand","embeddable":true,"href":"https:\/\/www.huntersfriend.eu\/de\/wp-json\/wp\/v2\/product_brand?post=231744"},{"taxonomy":"product_cat","embeddable":true,"href":"https:\/\/www.huntersfriend.eu\/de\/wp-json\/wp\/v2\/product_cat?post=231744"},{"taxonomy":"product_tag","embeddable":true,"href":"https:\/\/www.huntersfriend.eu\/de\/wp-json\/wp\/v2\/product_tag?post=231744"}],"curies":[{"name":"wp","href":"https:\/\/api.w.org\/{rel}","templated":true}]}}