{"id":231733,"date":"2022-05-31T14:57:00","date_gmt":"2022-05-31T12:57:00","guid":{"rendered":"https:\/\/www.huntersfriend.eu\/product\/aigle-parcours-vario-2-gummisteifel\/"},"modified":"2025-11-14T12:46:59","modified_gmt":"2025-11-14T10:46:59","slug":"aigle-parcours-vario-2-gummisteifel","status":"publish","type":"product","link":"https:\/\/www.huntersfriend.eu\/de\/produkt\/aigle-parcours-vario-2-gummisteifel\/","title":{"rendered":"Aigle Parcours Vario 2 Gummistiefel"},"content":{"rendered":"<p>Diese Stiefel werden in Frankreich handgefertigt. Mit seiner dreifach verdichteten Gummisohle und dem sto\u00dfd\u00e4mpfenden Polster bietet der Parcours 2 Stiefel seit 2012 au\u00dfergew\u00f6hnlichen Komfort und erm\u00f6glicht es Ihnen, l\u00e4ngere Strecken ohne Erm\u00fcdung zur\u00fcckzulegen. Ein Stiefel durchl\u00e4uft durchschnittlich 60 Fertigungsschritte und besteht strenge Qualit\u00e4tstests, um seine Wasserdichtigkeit zu garantieren.  <\/p>\n<ul>\n<li>Wasserdicht, mit verstellbarem Einsatz.<\/li>\n<li>Schnell trocknende Innenf\u00fctterung, die mit einem Schwamm gereinigt werden kann.<\/li>\n<li>Sto\u00dfabsorbierende, abriebfeste, profilierte Au\u00dfensohle bietet Stabilit\u00e4t.<\/li>\n<li><strong>Obermaterial:<\/strong> Haupts\u00e4chlich \u00ae Naturkautschuk.<\/li>\n<li><strong>Innenfutter:<\/strong> Polyester.<\/li>\n<li><strong>Einlegesohle:<\/strong> Sto\u00dfd\u00e4mpfender Schaumstoff auf Gummibasis, mit Softex\u00ae beschichtet.<\/li>\n<li><strong>Au\u00dfensohle:<\/strong> Dreifach verdichtete Gummisohle.<\/li>\n<li><strong>Gewicht:<\/strong> 2190 g<\/li>\n<\/ul>\n<p><strong>Gr\u00f6\u00dfentabelle<\/strong><\/p>\n<table class=\"SizeGuide-table SizeGuide-table--corresp\">\n<tbody>\n<tr>\n<th scope=\"row\">EUR<\/th>\n<td>39<\/td>\n<td>40<\/td>\n<td>41<\/td>\n<td>42<\/td>\n<td>43<\/td>\n<td>44<\/td>\n<td>45<\/td>\n<td>46<\/td>\n<td>47<\/td>\n<td>48<\/td>\n<td>49<\/td>\n<td>50<\/td>\n<\/tr>\n<tr>\n<th scope=\"row\">UK<\/th>\n<td>5<sup>1\/2<\/sup><\/td>\n<td>6<sup>1\/2<\/sup><\/td>\n<td>7<sup>1\/2<\/sup><\/td>\n<td>8<\/td>\n<td>9<\/td>\n<td>9<sup>1\/2<\/sup><\/td>\n<td>10<sup>1\/2<\/sup><\/td>\n<td>11<sup>1\/2<\/sup><\/td>\n<td>12<\/td>\n<td>13<\/td>\n<td>13<sup>1\/2<\/sup><\/td>\n<td>14<sup>1\/2<\/sup><\/td>\n<\/tr>\n<tr>\n<th scope=\"row\">US<\/th>\n<td>6<\/td>\n<td>7<\/td>\n<td>8<\/td>\n<td>8<sup>1\/2<\/sup><\/td>\n<td>9<sup>1\/2<\/sup><\/td>\n<td>10<\/td>\n<td>11<\/td>\n<td>12<\/td>\n<td>12<sup>1\/2<\/sup><\/td>\n<td>13<sup>1\/2<\/sup><\/td>\n<td>14<\/td>\n<td>15<\/td>\n<\/tr>\n<\/tbody>\n<\/table>\n","protected":false},"excerpt":{"rendered":"<p>Qualitativ hochwertige, handgefertigte Gummistiefel<\/p>\n","protected":false},"featured_media":267923,"comment_status":"open","ping_status":"closed","template":"","meta":[],"product_brand":[],"product_cat":[1385],"product_tag":[],"class_list":{"0":"post-231733","1":"product","2":"type-product","3":"status-publish","4":"has-post-thumbnail","6":"product_cat-gummistiefel","7":"product_shipping_class-medium-de","9":"first","10":"instock","11":"taxable","12":"shipping-taxable","13":"purchasable","14":"product-type-variable"},"composite_virtual":false,"composite_layout":"","composite_add_to_cart_form_location":"","composite_editable_in_cart":false,"composite_sold_individually_context":"","composite_shop_price_calc":"","composite_components":[],"composite_scenarios":[],"group_of_quantity":0,"min_quantity":0,"max_quantity":"","exclude_order_quantity_value_rules":"no","exclude_category_quantity_rules":"no","combine_variations":"no","exclude_global_add_ons":[],"addons":[],"_links":{"self":[{"href":"https:\/\/www.huntersfriend.eu\/de\/wp-json\/wp\/v2\/product\/231733","targetHints":{"allow":["GET"]}}],"collection":[{"href":"https:\/\/www.huntersfriend.eu\/de\/wp-json\/wp\/v2\/product"}],"about":[{"href":"https:\/\/www.huntersfriend.eu\/de\/wp-json\/wp\/v2\/types\/product"}],"replies":[{"embeddable":true,"href":"https:\/\/www.huntersfriend.eu\/de\/wp-json\/wp\/v2\/comments?post=231733"}],"wp:featuredmedia":[{"embeddable":true,"href":"https:\/\/www.huntersfriend.eu\/de\/wp-json\/wp\/v2\/media\/267923"}],"wp:attachment":[{"href":"https:\/\/www.huntersfriend.eu\/de\/wp-json\/wp\/v2\/media?parent=231733"}],"wp:term":[{"taxonomy":"product_brand","embeddable":true,"href":"https:\/\/www.huntersfriend.eu\/de\/wp-json\/wp\/v2\/product_brand?post=231733"},{"taxonomy":"product_cat","embeddable":true,"href":"https:\/\/www.huntersfriend.eu\/de\/wp-json\/wp\/v2\/product_cat?post=231733"},{"taxonomy":"product_tag","embeddable":true,"href":"https:\/\/www.huntersfriend.eu\/de\/wp-json\/wp\/v2\/product_tag?post=231733"}],"curies":[{"name":"wp","href":"https:\/\/api.w.org\/{rel}","templated":true}]}}