{"id":227699,"date":"2022-02-02T15:20:21","date_gmt":"2022-02-02T13:20:21","guid":{"rendered":"https:\/\/www.huntersfriend.eu\/product\/darton-spectra-e\/"},"modified":"2025-10-30T11:51:28","modified_gmt":"2025-10-30T09:51:28","slug":"darton-spectra-e","status":"publish","type":"product","link":"https:\/\/www.huntersfriend.eu\/de\/produkt\/darton-spectra-e\/","title":{"rendered":"Darton Spectra E"},"content":{"rendered":"<p>DAS NEUE 2022 SPECTRA E 32<br \/>\nNEUE TECHNOLOGIE F\u00dcR DEN SCH\u00dcTZEN, DIE LEICHT ZU VERSTEHEN IST,<br \/>\nLEICHT EINZUSTELLEN IST, UND SIE FUNKTIONIERT!<\/p>\n<p>Die v\u00f6llig neue Spectra E 32 wurde von Grund auf neu entwickelt. Das einzige, was gleich geblieben ist, ist das von uns verwendete 452X Saitenmaterial! Das Equalizer Cable System (AKA E System) kommt einem v\u00f6llig ausgewogenen Schie\u00dfsystem am n\u00e4chsten. Das einstellbare Zugmodul, der positive Wurfarmstopp und die Cable Stops geben dem Sch\u00fctzen die vollst\u00e4ndige Kontrolle \u00fcber seine Zugl\u00e4nge. Das Split-Yoke System, das an den Achsen au\u00dferhalb der Wurfarme verankert ist, gleicht die Wurfarme vollst\u00e4ndig aus und reduziert die Belastung der Cam-Lager. Der Spectra E 32 ist einer der, wenn nicht DER leiseste und am leichtesten zu schie\u00dfende Bogen, den Sie in die H\u00e4nde bekommen werden!<\/p>\n<p>V\u00f6llig neues Riser Design<br \/>\n7075 T-6511 Pre Stretched und Pre Stressed Riser! (wenig bis gar kein Riser Flex)<br \/>\n7075 Nocken<br \/>\n1\/4&#8243; Achsen<br \/>\n5\/8&#8243;-Lager<br \/>\n.790 Wurfarme und Wurfarmtaschen (zus\u00e4tzliche Stabilit\u00e4t)<br \/>\nNeuer Griffwinkel<br \/>\nPatentiertes E-System<\/p>\n<p>SPEZIFIKATIONEN:<br \/>\nGESCHWINDIGKEIT: 330-335 FPS<br \/>\nACHSE-ZU-ACHSE: 32&#8243;<br \/>\nSTANDH\u00d6HE: 6 7\/16&#8243;<br \/>\nGEWICHT: 4.9 LBS.<br \/>\nZUGL\u00c4NGEN: 25.5&#8243;-31&#8243;<br \/>\nZUGGEWICHTE: 40, 50, 60, 70<br \/>\nLET-OFF: 85%<\/p>\n","protected":false},"excerpt":{"rendered":"<p>Nur der Bogen<\/p>\n","protected":false},"featured_media":225217,"comment_status":"open","ping_status":"closed","template":"","meta":[],"product_brand":[],"product_cat":[1125],"product_tag":[],"class_list":{"0":"post-227699","1":"product","2":"type-product","3":"status-publish","4":"has-post-thumbnail","6":"product_cat-compoundbogen-blank","7":"product_shipping_class-big-de","9":"first","10":"outofstock","11":"featured","12":"taxable","13":"shipping-taxable","14":"product-type-simple"},"composite_virtual":false,"composite_layout":"","composite_add_to_cart_form_location":"","composite_editable_in_cart":false,"composite_sold_individually_context":"","composite_shop_price_calc":"","composite_components":[],"composite_scenarios":[],"group_of_quantity":0,"min_quantity":0,"max_quantity":"","exclude_order_quantity_value_rules":"no","exclude_category_quantity_rules":"no","combine_variations":"no","exclude_global_add_ons":[],"addons":[],"_links":{"self":[{"href":"https:\/\/www.huntersfriend.eu\/de\/wp-json\/wp\/v2\/product\/227699","targetHints":{"allow":["GET"]}}],"collection":[{"href":"https:\/\/www.huntersfriend.eu\/de\/wp-json\/wp\/v2\/product"}],"about":[{"href":"https:\/\/www.huntersfriend.eu\/de\/wp-json\/wp\/v2\/types\/product"}],"replies":[{"embeddable":true,"href":"https:\/\/www.huntersfriend.eu\/de\/wp-json\/wp\/v2\/comments?post=227699"}],"wp:featuredmedia":[{"embeddable":true,"href":"https:\/\/www.huntersfriend.eu\/de\/wp-json\/wp\/v2\/media\/225217"}],"wp:attachment":[{"href":"https:\/\/www.huntersfriend.eu\/de\/wp-json\/wp\/v2\/media?parent=227699"}],"wp:term":[{"taxonomy":"product_brand","embeddable":true,"href":"https:\/\/www.huntersfriend.eu\/de\/wp-json\/wp\/v2\/product_brand?post=227699"},{"taxonomy":"product_cat","embeddable":true,"href":"https:\/\/www.huntersfriend.eu\/de\/wp-json\/wp\/v2\/product_cat?post=227699"},{"taxonomy":"product_tag","embeddable":true,"href":"https:\/\/www.huntersfriend.eu\/de\/wp-json\/wp\/v2\/product_tag?post=227699"}],"curies":[{"name":"wp","href":"https:\/\/api.w.org\/{rel}","templated":true}]}}