{"id":227676,"date":"2022-02-17T12:20:13","date_gmt":"2022-02-17T10:20:13","guid":{"rendered":"https:\/\/www.huntersfriend.eu\/product\/foxpro-foxjack-5-lockvogel\/"},"modified":"2026-03-04T12:53:34","modified_gmt":"2026-03-04T10:53:34","slug":"foxpro-foxjack-5-lockvogel","status":"publish","type":"product","link":"https:\/\/www.huntersfriend.eu\/de\/produkt\/foxpro-foxjack-5-lockvogel\/","title":{"rendered":"FoxPro FoxJack 5 Vogelattrappe"},"content":{"rendered":"<p>Nun k\u00f6nnen Sie Ihren derzeitigen digitalen FOXPRO-Wildlocker in eine umfassende und portable Raubtierlockmaschine verwandeln. Ersetzen Sie einfach Ihre bestehende Batterieabdeckung durch den FoxJack 5, verbinden Sie die Batterien und das 3,5-mm-Mono-Patchkabel von der Attrappe zu Ihrem digitalen FOXPRO-Wildlocker, und Sie sind einsatzbereit. Der FoxJack 5 bietet eine unvorhersehbare Bewegung mit einem fl\u00fcsterleisen Motor. Der FoxJack 5 gibt Raubtieren die visuelle Best\u00e4tigung, nach der sie suchen, und kann ferngesteuert mit Ihrer FOXPRO-Fernbedienung f\u00fcr digitale Wildlocker gesteuert werden. Der FoxJack 5 ist kompatibel mit INFERNO, PATRIOT, SPITFIRE und WILDFIRE 1 und 2. Der FoxJack 5 wird standardm\u00e4\u00dfig mit einer 90-t\u00e4gigen eingeschr\u00e4nkten Garantie geliefert.     <\/p>\n<h2>Hauptmerkmale<\/h2>\n<ul>\n<li>Befestigt sich direkt an Ihrem FOXPRO-Wildlocker!<\/li>\n<li>Fl\u00fcsterleiser Motor<\/li>\n<li>Verbesserte Bewegung f\u00fcr hervorragende Aktion und Realismus<\/li>\n<li>LED f\u00fcr den Einsatz bei Nacht<\/li>\n<li>Kann ferngesteuert mit Ihrem digitalen FOXPRO-Wildlocker gesteuert werden<\/li>\n<li>Gibt Raubtieren die visuelle Best\u00e4tigung, nach der sie suchen<\/li>\n<li>Wird standardm\u00e4\u00dfig mit dem Blaukehlchen-Aufsatz geliefert<\/li>\n<\/ul>\n","protected":false},"excerpt":{"rendered":"<p>Nun k\u00f6nnen Sie Ihren derzeitigen digitalen FOXPRO-Wildlocker in eine umfassende und portable Raubtierlockmaschine verwandeln. Ersetzen Sie einfach Ihre bestehende Batterieabdeckung durch den FoxJack 5, verbinden Sie die Batterien und das 3,5-mm-Mono-Patchkabel von der Attrappe zu Ihrem digitalen FOXPRO-Wildlocker, und Sie sind einsatzbereit. Der FoxJack 5 bietet eine unvorhersehbare Bewegung mit einem fl\u00fcsterleisen Motor. Der FoxJack [&#8230;]\n","protected":false},"featured_media":225438,"comment_status":"open","ping_status":"closed","template":"","meta":[],"product_brand":[],"product_cat":[2855,2530,1208,1401],"product_tag":[],"class_list":{"0":"post-227676","1":"product","2":"type-product","3":"status-publish","4":"has-post-thumbnail","6":"product_cat-elektroniska-lockjakter","7":"product_cat-rovdjursattrapper","8":"product_cat-raubwild-locktiere","9":"product_cat-elektronische-locker","11":"first","12":"instock","13":"taxable","14":"shipping-taxable","15":"purchasable","16":"product-type-simple"},"composite_virtual":false,"composite_layout":"","composite_add_to_cart_form_location":"","composite_editable_in_cart":false,"composite_sold_individually_context":"","composite_shop_price_calc":"","composite_components":[],"composite_scenarios":[],"group_of_quantity":0,"min_quantity":0,"max_quantity":"","exclude_order_quantity_value_rules":"no","exclude_category_quantity_rules":"no","combine_variations":"no","exclude_global_add_ons":[],"addons":[],"_links":{"self":[{"href":"https:\/\/www.huntersfriend.eu\/de\/wp-json\/wp\/v2\/product\/227676","targetHints":{"allow":["GET"]}}],"collection":[{"href":"https:\/\/www.huntersfriend.eu\/de\/wp-json\/wp\/v2\/product"}],"about":[{"href":"https:\/\/www.huntersfriend.eu\/de\/wp-json\/wp\/v2\/types\/product"}],"replies":[{"embeddable":true,"href":"https:\/\/www.huntersfriend.eu\/de\/wp-json\/wp\/v2\/comments?post=227676"}],"wp:featuredmedia":[{"embeddable":true,"href":"https:\/\/www.huntersfriend.eu\/de\/wp-json\/wp\/v2\/media\/225438"}],"wp:attachment":[{"href":"https:\/\/www.huntersfriend.eu\/de\/wp-json\/wp\/v2\/media?parent=227676"}],"wp:term":[{"taxonomy":"product_brand","embeddable":true,"href":"https:\/\/www.huntersfriend.eu\/de\/wp-json\/wp\/v2\/product_brand?post=227676"},{"taxonomy":"product_cat","embeddable":true,"href":"https:\/\/www.huntersfriend.eu\/de\/wp-json\/wp\/v2\/product_cat?post=227676"},{"taxonomy":"product_tag","embeddable":true,"href":"https:\/\/www.huntersfriend.eu\/de\/wp-json\/wp\/v2\/product_tag?post=227676"}],"curies":[{"name":"wp","href":"https:\/\/api.w.org\/{rel}","templated":true}]}}