{"id":227674,"date":"2022-02-17T15:20:36","date_gmt":"2022-02-17T13:20:36","guid":{"rendered":"https:\/\/www.huntersfriend.eu\/product\/meopta-meopro-optika6-1-6x24-sfp-k-dot-2\/"},"modified":"2024-08-29T07:55:55","modified_gmt":"2024-08-29T05:55:55","slug":"meopta-meopro-optika6-1-6x24-sfp-k-dot-2","status":"publish","type":"product","link":"https:\/\/www.huntersfriend.eu\/de\/produkt\/meopta-meopro-optika6-1-6x24-sfp-k-dot-2\/","title":{"rendered":"Meopta MeoPro Optika6 1-6&#215;24 SFP, K-Dot 2"},"content":{"rendered":"<p>Die Zielfernrohre der Optika6-Serie bieten die von Meopta gewohnte Leistung mit einem Vergr\u00f6\u00dferungsbereich von bis zu 6x. Diese Zielfernrohre wurden entwickelt, um J\u00e4gern und Sch\u00fctzen die Funktionen zu bieten, die sie verlangen, und die Qualit\u00e4t, die sie in einer hochspezialisierten, erschwinglichen Optik verdienen. Alle Optika6-Zielfernrohre sind mit patentierten DichroTech-Absehen erh\u00e4ltlich, die die Zielerfassung, insbesondere bei schlechten Lichtverh\u00e4ltnissen, verbessern. 30-mm-Hauptrohre sind Standard und bieten ein H\u00f6chstma\u00df an Haltbarkeit und Verstellbereich.<\/p>\n<p>Optika6-Jagd-Zielfernrohre verf\u00fcgen \u00fcber SFP-Absehen in zahlreichen Konfigurationen, darunter Absehen speziell f\u00fcr .223 und 6,5 Creedmoor. Die 4,5-27-Modelle sind mit freiliegenden, verriegelbaren Elevationst\u00fcrmen ausgestattet, die eine schnelle Einstellung im Feld erm\u00f6glichen, ohne dass Sie sich Sorgen machen m\u00fcssen, dass Ihr Gewehr aus der Nullstellung ger\u00e4t. Das 4,5-27&#215;50 verf\u00fcgt au\u00dferdem \u00fcber einen Null-Stopp f\u00fcr eine wiederholbare R\u00fcckkehr zum Nullpunkt, egal welche Entfernung Sie w\u00e4hlen.<\/p>\n<p>Die Optika6-Zielfernrohre verf\u00fcgen \u00fcber FFP MIL- oder MOA-Absehen mit passenden Wind- und H\u00f6henverstellungen, arretierbaren H\u00f6henrevolvern und Nullanschlag bei allen au\u00dfer dem 1-6&#215;24. Das 5-30&#215;56 verf\u00fcgt \u00fcber 2 Elemente ED-Glas im Objektiv und einen 34-mm-Haupttubus, der einen ausgezeichneten Verstellbereich f\u00fcr pr\u00e4zises Schie\u00dfen auf gro\u00dfe Entfernungen bietet.<\/p>\n<p>Die Zielfernrohre der Optika6-Serie bieten Spitzentechnologie und erstklassige Leistung f\u00fcr den anspruchsvollen J\u00e4ger und Sportsch\u00fctzen.<\/p>\n<p>30 mm Hauptrohr (34 mm bei 5-30x)<br \/>\nMeoBright-Beschichtungen<br \/>\nMeoShield-Beschichtungen<br \/>\nHydrophobe Beschichtung<br \/>\nMOA- oder MIL-Einstellungen<br \/>\nNullr\u00fcckstellung f\u00fcr Wind und Elevation<br \/>\nNull-Stopp bei ausgew\u00e4hlten Modellen<br \/>\nAbsehen in der ersten und zweiten Brennebene (FFP und SFP)<br \/>\nVerf\u00fcgbare Verriegelungseinstellungen<br \/>\nMit einstellbarem und abnehmbarem Wurfhebel<\/p>\n","protected":false},"excerpt":{"rendered":"<p>Rotpunkt, 30 mm Durchmesser<\/p>\n","protected":false},"featured_media":223939,"comment_status":"open","ping_status":"closed","template":"","meta":[],"product_brand":[],"product_cat":[1132],"product_tag":[],"class_list":{"0":"post-227674","1":"product","2":"type-product","3":"status-publish","4":"has-post-thumbnail","6":"product_cat-zielfernrohre","8":"first","9":"onbackorder","10":"taxable","11":"shipping-taxable","12":"purchasable","13":"product-type-simple"},"composite_virtual":false,"composite_layout":"","composite_add_to_cart_form_location":"","composite_editable_in_cart":false,"composite_sold_individually_context":"","composite_shop_price_calc":"","composite_components":[],"composite_scenarios":[],"group_of_quantity":0,"min_quantity":0,"max_quantity":"","exclude_order_quantity_value_rules":"no","exclude_category_quantity_rules":"no","combine_variations":"no","exclude_global_add_ons":[],"addons":[],"_links":{"self":[{"href":"https:\/\/www.huntersfriend.eu\/de\/wp-json\/wp\/v2\/product\/227674","targetHints":{"allow":["GET"]}}],"collection":[{"href":"https:\/\/www.huntersfriend.eu\/de\/wp-json\/wp\/v2\/product"}],"about":[{"href":"https:\/\/www.huntersfriend.eu\/de\/wp-json\/wp\/v2\/types\/product"}],"replies":[{"embeddable":true,"href":"https:\/\/www.huntersfriend.eu\/de\/wp-json\/wp\/v2\/comments?post=227674"}],"wp:featuredmedia":[{"embeddable":true,"href":"https:\/\/www.huntersfriend.eu\/de\/wp-json\/wp\/v2\/media\/223939"}],"wp:attachment":[{"href":"https:\/\/www.huntersfriend.eu\/de\/wp-json\/wp\/v2\/media?parent=227674"}],"wp:term":[{"taxonomy":"product_brand","embeddable":true,"href":"https:\/\/www.huntersfriend.eu\/de\/wp-json\/wp\/v2\/product_brand?post=227674"},{"taxonomy":"product_cat","embeddable":true,"href":"https:\/\/www.huntersfriend.eu\/de\/wp-json\/wp\/v2\/product_cat?post=227674"},{"taxonomy":"product_tag","embeddable":true,"href":"https:\/\/www.huntersfriend.eu\/de\/wp-json\/wp\/v2\/product_tag?post=227674"}],"curies":[{"name":"wp","href":"https:\/\/api.w.org\/{rel}","templated":true}]}}