{"id":227673,"date":"2022-02-25T12:20:18","date_gmt":"2022-02-25T10:20:18","guid":{"rendered":"https:\/\/www.huntersfriend.eu\/product\/gold-tip-insert-acculite-246\/"},"modified":"2025-08-27T11:09:57","modified_gmt":"2025-08-27T09:09:57","slug":"gold-tip-insert-acculite-246","status":"publish","type":"product","link":"https:\/\/www.huntersfriend.eu\/de\/produkt\/gold-tip-insert-acculite-246\/","title":{"rendered":"Gold Tip Einsatz Acculite .246"},"content":{"rendered":"<div class=\"flex flex-wrap justify-center flex-align-center\">\n<div class=\"column whole medium-half product-information--purchase\">\n<div id=\"js-product-info-hdr\" class=\"bg-darklightgreen hide medium-show\"><\/div>\n<\/div>\n<\/div>\n<div class=\"column whole product-information--description mt2 np\">\n<div id=\"js-prod-tabs\" class=\"r-tabs\">\n<p>Gold Tip Accu-Lite Spitzeneins\u00e4tze werden aus den feinsten Materialien und mit Fokus auf Pr\u00e4zision hergestellt, um die zielgenaue Genauigkeit Ihrer Gold Tip Carbonpfeile zu gew\u00e4hrleisten. Die Accu-Lite Eins\u00e4tze sind kompatibel mit jedem Gold Tip Carbonpfeil mit einem Innendurchmesser von .246&#8243;. Dies umfasst die Modelle Gold Tip Hunter, Hunter XT, Traditional und Falcon.  <\/p>\n<div id=\"tab-descrip\" class=\"r-tabs-panel r-tabs-state-active\">\n<div class=\"prod-descrip-content\">\n<p>Sie sind kompatibel mit dem Gold Tip Schraubgewichtssystem. Das Gewicht betr\u00e4gt ungef\u00e4hr 12,1 Grain pro St\u00fcck. <\/p>\n<\/div>\n<\/div>\n<\/div>\n<\/div>\n","protected":false},"excerpt":{"rendered":"<p>12,1 Grain 1 St\u00fcck<\/p>\n","protected":false},"featured_media":224959,"comment_status":"open","ping_status":"closed","template":"","meta":[],"product_brand":[],"product_cat":[1098],"product_tag":[],"class_list":{"0":"post-227673","1":"product","2":"type-product","3":"status-publish","4":"has-post-thumbnail","6":"product_cat-nocken-und-inserts","8":"first","9":"instock","10":"taxable","11":"shipping-taxable","12":"purchasable","13":"product-type-simple"},"composite_virtual":false,"composite_layout":"","composite_add_to_cart_form_location":"","composite_editable_in_cart":false,"composite_sold_individually_context":"","composite_shop_price_calc":"","composite_components":[],"composite_scenarios":[],"group_of_quantity":0,"min_quantity":0,"max_quantity":"","exclude_order_quantity_value_rules":"no","exclude_category_quantity_rules":"no","combine_variations":"no","exclude_global_add_ons":[],"addons":[],"_links":{"self":[{"href":"https:\/\/www.huntersfriend.eu\/de\/wp-json\/wp\/v2\/product\/227673","targetHints":{"allow":["GET"]}}],"collection":[{"href":"https:\/\/www.huntersfriend.eu\/de\/wp-json\/wp\/v2\/product"}],"about":[{"href":"https:\/\/www.huntersfriend.eu\/de\/wp-json\/wp\/v2\/types\/product"}],"replies":[{"embeddable":true,"href":"https:\/\/www.huntersfriend.eu\/de\/wp-json\/wp\/v2\/comments?post=227673"}],"wp:featuredmedia":[{"embeddable":true,"href":"https:\/\/www.huntersfriend.eu\/de\/wp-json\/wp\/v2\/media\/224959"}],"wp:attachment":[{"href":"https:\/\/www.huntersfriend.eu\/de\/wp-json\/wp\/v2\/media?parent=227673"}],"wp:term":[{"taxonomy":"product_brand","embeddable":true,"href":"https:\/\/www.huntersfriend.eu\/de\/wp-json\/wp\/v2\/product_brand?post=227673"},{"taxonomy":"product_cat","embeddable":true,"href":"https:\/\/www.huntersfriend.eu\/de\/wp-json\/wp\/v2\/product_cat?post=227673"},{"taxonomy":"product_tag","embeddable":true,"href":"https:\/\/www.huntersfriend.eu\/de\/wp-json\/wp\/v2\/product_tag?post=227673"}],"curies":[{"name":"wp","href":"https:\/\/api.w.org\/{rel}","templated":true}]}}