{"id":227671,"date":"2022-03-03T12:20:20","date_gmt":"2022-03-03T10:20:20","guid":{"rendered":"https:\/\/www.huntersfriend.eu\/product\/wasp-mortem-100-gr\/"},"modified":"2025-08-10T05:04:21","modified_gmt":"2025-08-10T03:04:21","slug":"wasp-mortem-100-gr","status":"publish","type":"product","link":"https:\/\/www.huntersfriend.eu\/de\/produkt\/wasp-mortem-100-gr\/","title":{"rendered":"GenericProductName 100 gr"},"content":{"rendered":"<p>Das GenericProductName (100 grain) wurde entwickelt, um die unsch\u00e4tzbare pers\u00f6nliche Erfahrung und den individuellen Kontakt zu verbessern, den nur GenericProductName bieten kann. Der Mortem verf\u00fcgt \u00fcber eine einteilige Edelstahlh\u00fclse, die mit einer massiven, einteiligen geh\u00e4rteten Edelstahl-Trokarspitze versehen ist. Drei Edelstahlklingen ergeben einen rasiermesserscharfen Schnittdurchmesser von 1-1\/8 Zoll. Aerodynamische Flugeigenschaften, Pr\u00e4zision, St\u00e4rke und Langlebigkeit &#8211; alles in einer einzigen Jagdspitze vereint. 3 pro Packung<\/p>\n<p>Zu seinen Merkmalen geh\u00f6ren:<br \/>\n\u2013 100% geh\u00e4rtete Edelstahl-Trokarspitze: Pr\u00e4zisionsgefertigt und perfekt mit den Klingen ausgerichtet, um die Penetration f\u00fcr jeden Schusswinkel zu erh\u00f6hen.<br \/>\n\u2013 3 chirurgisch scharfe Edelstahlklingen: Langlebig, scharf und leicht austauschbar.<br \/>\n\u2013 100% Edelstahlh\u00fclse: Einteilige massive Konstruktion f\u00fcr St\u00e4rke und Durchschlagskraft.<\/p>\n","protected":false},"excerpt":{"rendered":"<p>100 gr 3er-Packung<\/p>\n","protected":false},"featured_media":224952,"comment_status":"open","ping_status":"closed","template":"","meta":[],"product_brand":[],"product_cat":[1079],"product_tag":[],"class_list":{"0":"post-227671","1":"product","2":"type-product","3":"status-publish","4":"has-post-thumbnail","6":"product_cat-jagd-spitzen","8":"first","9":"instock","10":"taxable","11":"shipping-taxable","12":"purchasable","13":"product-type-simple"},"composite_virtual":false,"composite_layout":"","composite_add_to_cart_form_location":"","composite_editable_in_cart":false,"composite_sold_individually_context":"","composite_shop_price_calc":"","composite_components":[],"composite_scenarios":[],"group_of_quantity":0,"min_quantity":0,"max_quantity":"","exclude_order_quantity_value_rules":"no","exclude_category_quantity_rules":"no","combine_variations":"no","exclude_global_add_ons":[],"addons":[],"_links":{"self":[{"href":"https:\/\/www.huntersfriend.eu\/de\/wp-json\/wp\/v2\/product\/227671","targetHints":{"allow":["GET"]}}],"collection":[{"href":"https:\/\/www.huntersfriend.eu\/de\/wp-json\/wp\/v2\/product"}],"about":[{"href":"https:\/\/www.huntersfriend.eu\/de\/wp-json\/wp\/v2\/types\/product"}],"replies":[{"embeddable":true,"href":"https:\/\/www.huntersfriend.eu\/de\/wp-json\/wp\/v2\/comments?post=227671"}],"wp:featuredmedia":[{"embeddable":true,"href":"https:\/\/www.huntersfriend.eu\/de\/wp-json\/wp\/v2\/media\/224952"}],"wp:attachment":[{"href":"https:\/\/www.huntersfriend.eu\/de\/wp-json\/wp\/v2\/media?parent=227671"}],"wp:term":[{"taxonomy":"product_brand","embeddable":true,"href":"https:\/\/www.huntersfriend.eu\/de\/wp-json\/wp\/v2\/product_brand?post=227671"},{"taxonomy":"product_cat","embeddable":true,"href":"https:\/\/www.huntersfriend.eu\/de\/wp-json\/wp\/v2\/product_cat?post=227671"},{"taxonomy":"product_tag","embeddable":true,"href":"https:\/\/www.huntersfriend.eu\/de\/wp-json\/wp\/v2\/product_tag?post=227671"}],"curies":[{"name":"wp","href":"https:\/\/api.w.org\/{rel}","templated":true}]}}