{"id":227668,"date":"2022-03-03T15:20:27","date_gmt":"2022-03-03T13:20:27","guid":{"rendered":"https:\/\/www.huntersfriend.eu\/product\/srt-3d-bieber\/"},"modified":"2025-06-23T13:06:26","modified_gmt":"2025-06-23T11:06:26","slug":"srt-3d-bieber","status":"publish","type":"product","link":"https:\/\/www.huntersfriend.eu\/de\/produkt\/srt-3d-bieber\/","title":{"rendered":"SRT 3D Biber"},"content":{"rendered":"<p><span class=\"product-detail-dimensions-desc\">Anzahl der Ringe: <\/span><span class=\"product-detail-dimensions-value\">2<\/span><br \/>\n<span class=\"product-detail-dimensions-desc\">L\u00e4nge: <\/span><span class=\"product-detail-dimensions-value\">63 cm<\/span><br \/>\n<span class=\"product-detail-dimensions-desc\">H\u00f6he: <\/span><span class=\"product-detail-dimensions-value\">35 cm<\/span><\/p>\n<p>Hergestellt aus SRT-Materialien von h\u00f6chster Qualit\u00e4t.<\/p>\n<p>Der SRT Biber ist seit dem Jahr 2000 weiterhin einer der meistverkauften Artikel.<br \/>\nMan findet ihn bei jedem Turnier.<\/p>\n<p>Leicht zu ziehendes Material<\/p>\n<p>Mit nat\u00fcrlichem Design skulptiert<\/p>\n<p>SRT Targets steht f\u00fcr \u00fcber 20 Jahre Kreativit\u00e4t und Innovation im Bereich der 3D-Ziele.<\/p>\n","protected":false},"excerpt":{"rendered":"<p>Anzahl der Ringe: 2 L\u00e4nge: 63 cm H\u00f6he: 35 cm Hergestellt aus SRT-Materialien von h\u00f6chster Qualit\u00e4t. Der SRT Biber ist seit dem Jahr 2000 weiterhin einer der meistverkauften Artikel. Man findet ihn bei jedem Turnier. Leicht zu ziehendes Material Mit nat\u00fcrlichem Design skulptiert SRT Targets steht f\u00fcr \u00fcber 20 Jahre Kreativit\u00e4t und Innovation im Bereich [&#8230;]\n","protected":false},"featured_media":225069,"comment_status":"open","ping_status":"closed","template":"","meta":[],"product_brand":[],"product_cat":[1140,1141],"product_tag":[],"class_list":{"0":"post-227668","1":"product","2":"type-product","3":"status-publish","4":"has-post-thumbnail","6":"product_cat-3d-mittel","7":"product_cat-3d-klein","8":"product_shipping_class-big-de","10":"first","11":"outofstock","12":"taxable","13":"shipping-taxable","14":"purchasable","15":"product-type-simple"},"composite_virtual":false,"composite_layout":"","composite_add_to_cart_form_location":"","composite_editable_in_cart":false,"composite_sold_individually_context":"","composite_shop_price_calc":"","composite_components":[],"composite_scenarios":[],"group_of_quantity":0,"min_quantity":0,"max_quantity":"","exclude_order_quantity_value_rules":"no","exclude_category_quantity_rules":"no","combine_variations":"no","exclude_global_add_ons":[],"addons":[],"_links":{"self":[{"href":"https:\/\/www.huntersfriend.eu\/de\/wp-json\/wp\/v2\/product\/227668","targetHints":{"allow":["GET"]}}],"collection":[{"href":"https:\/\/www.huntersfriend.eu\/de\/wp-json\/wp\/v2\/product"}],"about":[{"href":"https:\/\/www.huntersfriend.eu\/de\/wp-json\/wp\/v2\/types\/product"}],"replies":[{"embeddable":true,"href":"https:\/\/www.huntersfriend.eu\/de\/wp-json\/wp\/v2\/comments?post=227668"}],"wp:featuredmedia":[{"embeddable":true,"href":"https:\/\/www.huntersfriend.eu\/de\/wp-json\/wp\/v2\/media\/225069"}],"wp:attachment":[{"href":"https:\/\/www.huntersfriend.eu\/de\/wp-json\/wp\/v2\/media?parent=227668"}],"wp:term":[{"taxonomy":"product_brand","embeddable":true,"href":"https:\/\/www.huntersfriend.eu\/de\/wp-json\/wp\/v2\/product_brand?post=227668"},{"taxonomy":"product_cat","embeddable":true,"href":"https:\/\/www.huntersfriend.eu\/de\/wp-json\/wp\/v2\/product_cat?post=227668"},{"taxonomy":"product_tag","embeddable":true,"href":"https:\/\/www.huntersfriend.eu\/de\/wp-json\/wp\/v2\/product_tag?post=227668"}],"curies":[{"name":"wp","href":"https:\/\/api.w.org\/{rel}","templated":true}]}}