{"id":227667,"date":"2022-03-03T15:20:28","date_gmt":"2022-03-03T13:20:28","guid":{"rendered":"https:\/\/www.huntersfriend.eu\/product\/srt-3d-luchs-jagend\/"},"modified":"2025-08-02T03:48:21","modified_gmt":"2025-08-02T01:48:21","slug":"srt-3d-luchs-jagend","status":"publish","type":"product","link":"https:\/\/www.huntersfriend.eu\/de\/produkt\/srt-3d-luchs-jagend\/","title":{"rendered":"SRT 3D Lynx &#8211; Jagd"},"content":{"rendered":"<p><span class=\"product-detail-dimensions-desc\">Anzahl der Ringe: <\/span><span class=\"product-detail-dimensions-value\">3<\/span><br \/>\n<span class=\"product-detail-dimensions-desc\">L\u00e4nge: <\/span><span class=\"product-detail-dimensions-value\">87 cm<\/span><br \/>\n<span class=\"product-detail-dimensions-desc\">H\u00f6he: <\/span><span class=\"product-detail-dimensions-value\">56 cm<\/span><\/p>\n<p>Hergestellt aus SRT-Materialien von h\u00f6chster Qualit\u00e4t.<\/p>\n","protected":false},"excerpt":{"rendered":"<p>Anzahl der Ringe: 3 L\u00e4nge: 87 cm H\u00f6he: 56 cm Hergestellt aus SRT-Materialien von h\u00f6chster Qualit\u00e4t.<\/p>\n","protected":false},"featured_media":225065,"comment_status":"open","ping_status":"closed","template":"","meta":[],"product_brand":[],"product_cat":[1140,1222],"product_tag":[],"class_list":{"0":"post-227667","1":"product","2":"type-product","3":"status-publish","4":"has-post-thumbnail","6":"product_cat-3d-mittel","7":"product_cat-sonderangebote","8":"product_shipping_class-big-de","10":"first","11":"instock","12":"sale","13":"taxable","14":"shipping-taxable","15":"purchasable","16":"product-type-simple"},"composite_virtual":false,"composite_layout":"","composite_add_to_cart_form_location":"","composite_editable_in_cart":false,"composite_sold_individually_context":"","composite_shop_price_calc":"","composite_components":[],"composite_scenarios":[],"group_of_quantity":0,"min_quantity":0,"max_quantity":"","exclude_order_quantity_value_rules":"no","exclude_category_quantity_rules":"no","combine_variations":"no","exclude_global_add_ons":[],"addons":[],"_links":{"self":[{"href":"https:\/\/www.huntersfriend.eu\/de\/wp-json\/wp\/v2\/product\/227667","targetHints":{"allow":["GET"]}}],"collection":[{"href":"https:\/\/www.huntersfriend.eu\/de\/wp-json\/wp\/v2\/product"}],"about":[{"href":"https:\/\/www.huntersfriend.eu\/de\/wp-json\/wp\/v2\/types\/product"}],"replies":[{"embeddable":true,"href":"https:\/\/www.huntersfriend.eu\/de\/wp-json\/wp\/v2\/comments?post=227667"}],"wp:featuredmedia":[{"embeddable":true,"href":"https:\/\/www.huntersfriend.eu\/de\/wp-json\/wp\/v2\/media\/225065"}],"wp:attachment":[{"href":"https:\/\/www.huntersfriend.eu\/de\/wp-json\/wp\/v2\/media?parent=227667"}],"wp:term":[{"taxonomy":"product_brand","embeddable":true,"href":"https:\/\/www.huntersfriend.eu\/de\/wp-json\/wp\/v2\/product_brand?post=227667"},{"taxonomy":"product_cat","embeddable":true,"href":"https:\/\/www.huntersfriend.eu\/de\/wp-json\/wp\/v2\/product_cat?post=227667"},{"taxonomy":"product_tag","embeddable":true,"href":"https:\/\/www.huntersfriend.eu\/de\/wp-json\/wp\/v2\/product_tag?post=227667"}],"curies":[{"name":"wp","href":"https:\/\/api.w.org\/{rel}","templated":true}]}}