{"id":227665,"date":"2022-03-03T15:20:29","date_gmt":"2022-03-03T13:20:29","guid":{"rendered":"https:\/\/www.huntersfriend.eu\/product\/srt-3d-fuchs-sitzend\/"},"modified":"2025-06-23T13:06:19","modified_gmt":"2025-06-23T11:06:19","slug":"srt-3d-fuchs-sitzend","status":"publish","type":"product","link":"https:\/\/www.huntersfriend.eu\/de\/produkt\/srt-3d-fuchs-sitzend\/","title":{"rendered":"SRT 3D Fuchs &#8211; sitzend"},"content":{"rendered":"<p>Der sitzende Fuchs ist seit 1998 einer der Bestseller von SRT. Man findet ihn bei jedem Turnier und Kurs. Drei T\u00f6tungszonen erm\u00f6glichen interessante Schie\u00dfpositionen, was dem Ziel eine l\u00e4ngere Lebensdauer verleiht.<br \/>\nLeichter Auszug<br \/>\nMit nat\u00fcrlichem Design skulptiert<br \/>\nSRT Ziele &#8211; \u00fcber 20 Jahre Kreativit\u00e4t und Innovation bei 3D-Zielen.  <\/p>\n<p><span class=\"product-detail-dimensions-desc\">Anzahl der Ringe: <\/span><span class=\"product-detail-dimensions-value\">4<\/span><br \/>\n<span class=\"product-detail-dimensions-desc\">L\u00e4nge: <\/span><span class=\"product-detail-dimensions-value\">40 cm<\/span><br \/>\n<span class=\"product-detail-dimensions-desc\">H\u00f6he: <\/span><span class=\"product-detail-dimensions-value\">57 cm<\/span><\/p>\n","protected":false},"excerpt":{"rendered":"<p>Der sitzende Fuchs ist seit 1998 einer der Bestseller von SRT. Man findet ihn bei jedem Turnier und Kurs. Drei T\u00f6tungszonen erm\u00f6glichen interessante Schie\u00dfpositionen, was dem Ziel eine l\u00e4ngere Lebensdauer verleiht. Leichter Auszug Mit nat\u00fcrlichem Design skulptiert SRT Ziele &#8211; \u00fcber 20 Jahre Kreativit\u00e4t und Innovation bei 3D-Zielen. Anzahl der Ringe: 4 L\u00e4nge: 40 cm [&#8230;]\n","protected":false},"featured_media":224977,"comment_status":"open","ping_status":"closed","template":"","meta":[],"product_brand":[],"product_cat":[1140,1141],"product_tag":[],"class_list":{"0":"post-227665","1":"product","2":"type-product","3":"status-publish","4":"has-post-thumbnail","6":"product_cat-3d-mittel","7":"product_cat-3d-klein","8":"product_shipping_class-medium-de","10":"first","11":"outofstock","12":"taxable","13":"shipping-taxable","14":"purchasable","15":"product-type-simple"},"composite_virtual":false,"composite_layout":"","composite_add_to_cart_form_location":"","composite_editable_in_cart":false,"composite_sold_individually_context":"","composite_shop_price_calc":"","composite_components":[],"composite_scenarios":[],"group_of_quantity":0,"min_quantity":0,"max_quantity":"","exclude_order_quantity_value_rules":"no","exclude_category_quantity_rules":"no","combine_variations":"no","exclude_global_add_ons":[],"addons":[],"_links":{"self":[{"href":"https:\/\/www.huntersfriend.eu\/de\/wp-json\/wp\/v2\/product\/227665","targetHints":{"allow":["GET"]}}],"collection":[{"href":"https:\/\/www.huntersfriend.eu\/de\/wp-json\/wp\/v2\/product"}],"about":[{"href":"https:\/\/www.huntersfriend.eu\/de\/wp-json\/wp\/v2\/types\/product"}],"replies":[{"embeddable":true,"href":"https:\/\/www.huntersfriend.eu\/de\/wp-json\/wp\/v2\/comments?post=227665"}],"wp:featuredmedia":[{"embeddable":true,"href":"https:\/\/www.huntersfriend.eu\/de\/wp-json\/wp\/v2\/media\/224977"}],"wp:attachment":[{"href":"https:\/\/www.huntersfriend.eu\/de\/wp-json\/wp\/v2\/media?parent=227665"}],"wp:term":[{"taxonomy":"product_brand","embeddable":true,"href":"https:\/\/www.huntersfriend.eu\/de\/wp-json\/wp\/v2\/product_brand?post=227665"},{"taxonomy":"product_cat","embeddable":true,"href":"https:\/\/www.huntersfriend.eu\/de\/wp-json\/wp\/v2\/product_cat?post=227665"},{"taxonomy":"product_tag","embeddable":true,"href":"https:\/\/www.huntersfriend.eu\/de\/wp-json\/wp\/v2\/product_tag?post=227665"}],"curies":[{"name":"wp","href":"https:\/\/api.w.org\/{rel}","templated":true}]}}