{"id":227664,"date":"2022-03-03T15:20:29","date_gmt":"2022-03-03T13:20:29","guid":{"rendered":"https:\/\/www.huntersfriend.eu\/product\/srt-3d-waschbarhund\/"},"modified":"2025-06-23T13:06:22","modified_gmt":"2025-06-23T11:06:22","slug":"srt-3d-waschbarhund","status":"publish","type":"product","link":"https:\/\/www.huntersfriend.eu\/de\/produkt\/srt-3d-waschbarhund\/","title":{"rendered":"SRT 3D Marderhund"},"content":{"rendered":"<p><span class=\"product-detail-dimensions-desc\">Marderhund 3D-Ziel &#8211; mittelgro\u00dfes 3D-Ziel<\/span><\/p>\n<p><span class=\"product-detail-dimensions-desc\">Anzahl der Ringe: <\/span><span class=\"product-detail-dimensions-value\">5<\/span><br \/>\n<span class=\"product-detail-dimensions-desc\">L\u00e4nge: <\/span><span class=\"product-detail-dimensions-value\">64 cm<\/span><br \/>\n<span class=\"product-detail-dimensions-desc\">H\u00f6he: <\/span><span class=\"product-detail-dimensions-value\">52 cm<\/span><\/p>\n","protected":false},"excerpt":{"rendered":"<p>Marderhund 3D-Ziel &#8211; mittelgro\u00dfes 3D-Ziel Anzahl der Ringe: 5 L\u00e4nge: 64 cm H\u00f6he: 52 cm<\/p>\n","protected":false},"featured_media":224972,"comment_status":"open","ping_status":"closed","template":"","meta":[],"product_brand":[],"product_cat":[1140,1141],"product_tag":[],"class_list":{"0":"post-227664","1":"product","2":"type-product","3":"status-publish","4":"has-post-thumbnail","6":"product_cat-3d-mittel","7":"product_cat-3d-klein","8":"product_shipping_class-medium-de","10":"first","11":"outofstock","12":"taxable","13":"shipping-taxable","14":"purchasable","15":"product-type-simple"},"composite_virtual":false,"composite_layout":"","composite_add_to_cart_form_location":"","composite_editable_in_cart":false,"composite_sold_individually_context":"","composite_shop_price_calc":"","composite_components":[],"composite_scenarios":[],"group_of_quantity":0,"min_quantity":0,"max_quantity":"","exclude_order_quantity_value_rules":"no","exclude_category_quantity_rules":"no","combine_variations":"no","exclude_global_add_ons":[],"addons":[],"_links":{"self":[{"href":"https:\/\/www.huntersfriend.eu\/de\/wp-json\/wp\/v2\/product\/227664","targetHints":{"allow":["GET"]}}],"collection":[{"href":"https:\/\/www.huntersfriend.eu\/de\/wp-json\/wp\/v2\/product"}],"about":[{"href":"https:\/\/www.huntersfriend.eu\/de\/wp-json\/wp\/v2\/types\/product"}],"replies":[{"embeddable":true,"href":"https:\/\/www.huntersfriend.eu\/de\/wp-json\/wp\/v2\/comments?post=227664"}],"wp:featuredmedia":[{"embeddable":true,"href":"https:\/\/www.huntersfriend.eu\/de\/wp-json\/wp\/v2\/media\/224972"}],"wp:attachment":[{"href":"https:\/\/www.huntersfriend.eu\/de\/wp-json\/wp\/v2\/media?parent=227664"}],"wp:term":[{"taxonomy":"product_brand","embeddable":true,"href":"https:\/\/www.huntersfriend.eu\/de\/wp-json\/wp\/v2\/product_brand?post=227664"},{"taxonomy":"product_cat","embeddable":true,"href":"https:\/\/www.huntersfriend.eu\/de\/wp-json\/wp\/v2\/product_cat?post=227664"},{"taxonomy":"product_tag","embeddable":true,"href":"https:\/\/www.huntersfriend.eu\/de\/wp-json\/wp\/v2\/product_tag?post=227664"}],"curies":[{"name":"wp","href":"https:\/\/api.w.org\/{rel}","templated":true}]}}