{"id":227663,"date":"2022-03-03T15:20:30","date_gmt":"2022-03-03T13:20:30","guid":{"rendered":"https:\/\/www.huntersfriend.eu\/product\/srt-3d-cube-personal-trainer\/"},"modified":"2026-03-18T22:00:13","modified_gmt":"2026-03-18T20:00:13","slug":"srt-3d-cube-personal-trainer","status":"publish","type":"product","link":"https:\/\/www.huntersfriend.eu\/de\/produkt\/srt-3d-cube-personal-trainer\/","title":{"rendered":"SRT 3D-W\u00fcrfel Personal Trainer"},"content":{"rendered":"<div>Ein Personal Trainer sollte als professioneller und leidenschaftlicher Bogensch\u00fctze, unabh\u00e4ngig von der Art des Bogens, zu Ihrer Standardausr\u00fcstung geh\u00f6ren. Dieser Trainingsblock erm\u00f6glicht es Pfeilen, ihren Weg in einen hochdichten und qualitativ hochwertigen Schaum zu finden, wobei sie effizient gestoppt und leicht zur\u00fcckgeholt werden k\u00f6nnen. Es ist Ihre perfekte Wahl f\u00fcr eine langlebige Zielscheibe, die dennoch ein schnelles und einfaches Entfernen der Pfeile erm\u00f6glicht. Die Vielfalt der Gr\u00f6\u00dfen und Konfigurationen der strategisch \u00fcber die gesamte Zielscheibe verteilten Zielpunkte garantiert eine au\u00dfergew\u00f6hnliche Lebensdauer des Ziels und unterst\u00fctzt Ihre Leistung als Bogensch\u00fctze, wo auch immer Sie sich befinden, drinnen und drau\u00dfen.   <\/div>\n<div><\/div>\n<div><span class=\"product-detail-dimensions-desc\">Zielteile: <\/span><span class=\"product-detail-dimensions-value\">1<\/span><br \/>\n<span class=\"product-detail-dimensions-desc\">Anzahl der Ringe: <\/span><span class=\"product-detail-dimensions-value\">12<\/span><br \/>\n<span class=\"product-detail-dimensions-desc\">L\u00e4nge: <\/span><span class=\"product-detail-dimensions-value\">42 cm<\/span><br \/>\n<span class=\"product-detail-dimensions-desc\">H\u00f6he: <\/span><span class=\"product-detail-dimensions-value\">42 cm<\/span><\/div>\n<div><\/div>\n","protected":false},"excerpt":{"rendered":"<p>Schwarz 42cm x 42cm<\/p>\n","protected":false},"featured_media":224967,"comment_status":"open","ping_status":"closed","template":"","meta":[],"product_brand":[],"product_cat":[1147,1222],"product_tag":[],"class_list":{"0":"post-227663","1":"product","2":"type-product","3":"status-publish","4":"has-post-thumbnail","6":"product_cat-wuerfel-und-block-ziele","7":"product_cat-sonderangebote","8":"product_shipping_class-medium-de","10":"first","11":"instock","12":"sale","13":"taxable","14":"shipping-taxable","15":"purchasable","16":"product-type-simple"},"composite_virtual":false,"composite_layout":"","composite_add_to_cart_form_location":"","composite_editable_in_cart":false,"composite_sold_individually_context":"","composite_shop_price_calc":"","composite_components":[],"composite_scenarios":[],"group_of_quantity":0,"min_quantity":0,"max_quantity":"","exclude_order_quantity_value_rules":"no","exclude_category_quantity_rules":"no","combine_variations":"no","exclude_global_add_ons":[],"addons":[],"_links":{"self":[{"href":"https:\/\/www.huntersfriend.eu\/de\/wp-json\/wp\/v2\/product\/227663","targetHints":{"allow":["GET"]}}],"collection":[{"href":"https:\/\/www.huntersfriend.eu\/de\/wp-json\/wp\/v2\/product"}],"about":[{"href":"https:\/\/www.huntersfriend.eu\/de\/wp-json\/wp\/v2\/types\/product"}],"replies":[{"embeddable":true,"href":"https:\/\/www.huntersfriend.eu\/de\/wp-json\/wp\/v2\/comments?post=227663"}],"wp:featuredmedia":[{"embeddable":true,"href":"https:\/\/www.huntersfriend.eu\/de\/wp-json\/wp\/v2\/media\/224967"}],"wp:attachment":[{"href":"https:\/\/www.huntersfriend.eu\/de\/wp-json\/wp\/v2\/media?parent=227663"}],"wp:term":[{"taxonomy":"product_brand","embeddable":true,"href":"https:\/\/www.huntersfriend.eu\/de\/wp-json\/wp\/v2\/product_brand?post=227663"},{"taxonomy":"product_cat","embeddable":true,"href":"https:\/\/www.huntersfriend.eu\/de\/wp-json\/wp\/v2\/product_cat?post=227663"},{"taxonomy":"product_tag","embeddable":true,"href":"https:\/\/www.huntersfriend.eu\/de\/wp-json\/wp\/v2\/product_tag?post=227663"}],"curies":[{"name":"wp","href":"https:\/\/api.w.org\/{rel}","templated":true}]}}