{"id":227618,"date":"2022-03-07T15:20:23","date_gmt":"2022-03-07T13:20:23","guid":{"rendered":"https:\/\/www.huntersfriend.eu\/product\/primos-rattle-abwurfstangen\/"},"modified":"2026-03-04T12:53:34","modified_gmt":"2026-03-04T10:53:34","slug":"primos-rattle-abwurfstangen","status":"publish","type":"product","link":"https:\/\/www.huntersfriend.eu\/de\/produkt\/primos-rattle-abwurfstangen\/","title":{"rendered":"Primos Kampfgeweih-Klappern"},"content":{"rendered":"<p>Hergestellt aus hochmodernem Polymer, um die gleiche Konsistenz und Struktur wie echtes Geweih zu liefern. Die 14 Kontaktpunkte reproduzieren Ger\u00e4usche vom leichten Scharm\u00fctzel bis zum besonders lauten Kampf. Das verl\u00e4ngerte Griffdesign bietet J\u00e4gern gen\u00fcgend Raum zum Klappern, ohne ihre H\u00e4nde zu verletzen.  <\/p>\n<ul>\n<li>14 Kontaktpunkte<\/li>\n<li>Gleiche Konsistenz und Struktur wie echtes Geweih<\/li>\n<li>Verl\u00e4ngerte Griffe<\/li>\n<\/ul>\n","protected":false},"excerpt":{"rendered":"<p>Hergestellt aus hochmodernem Polymer, um die gleiche Konsistenz und Struktur wie echtes Geweih zu liefern. Die 14 Kontaktpunkte reproduzieren Ger\u00e4usche vom leichten Scharm\u00fctzel bis zum besonders lauten Kampf. Das verl\u00e4ngerte Griffdesign bietet J\u00e4gern gen\u00fcgend Raum zum Klappern, ohne ihre H\u00e4nde zu verletzen. 14 Kontaktpunkte Gleiche Konsistenz und Struktur wie echtes Geweih Verl\u00e4ngerte Griffe<\/p>\n","protected":false},"featured_media":225703,"comment_status":"open","ping_status":"closed","template":"","meta":[],"product_brand":[],"product_cat":[2878,1183],"product_tag":[],"class_list":{"0":"post-227618","1":"product","2":"type-product","3":"status-publish","4":"has-post-thumbnail","6":"product_cat-lockpipor-for-storvilt","7":"product_cat-groswild-locker","9":"first","10":"instock","11":"taxable","12":"shipping-taxable","13":"purchasable","14":"product-type-simple"},"composite_virtual":false,"composite_layout":"","composite_add_to_cart_form_location":"","composite_editable_in_cart":false,"composite_sold_individually_context":"","composite_shop_price_calc":"","composite_components":[],"composite_scenarios":[],"group_of_quantity":0,"min_quantity":0,"max_quantity":"","exclude_order_quantity_value_rules":"no","exclude_category_quantity_rules":"no","combine_variations":"no","exclude_global_add_ons":[],"addons":[],"_links":{"self":[{"href":"https:\/\/www.huntersfriend.eu\/de\/wp-json\/wp\/v2\/product\/227618","targetHints":{"allow":["GET"]}}],"collection":[{"href":"https:\/\/www.huntersfriend.eu\/de\/wp-json\/wp\/v2\/product"}],"about":[{"href":"https:\/\/www.huntersfriend.eu\/de\/wp-json\/wp\/v2\/types\/product"}],"replies":[{"embeddable":true,"href":"https:\/\/www.huntersfriend.eu\/de\/wp-json\/wp\/v2\/comments?post=227618"}],"wp:featuredmedia":[{"embeddable":true,"href":"https:\/\/www.huntersfriend.eu\/de\/wp-json\/wp\/v2\/media\/225703"}],"wp:attachment":[{"href":"https:\/\/www.huntersfriend.eu\/de\/wp-json\/wp\/v2\/media?parent=227618"}],"wp:term":[{"taxonomy":"product_brand","embeddable":true,"href":"https:\/\/www.huntersfriend.eu\/de\/wp-json\/wp\/v2\/product_brand?post=227618"},{"taxonomy":"product_cat","embeddable":true,"href":"https:\/\/www.huntersfriend.eu\/de\/wp-json\/wp\/v2\/product_cat?post=227618"},{"taxonomy":"product_tag","embeddable":true,"href":"https:\/\/www.huntersfriend.eu\/de\/wp-json\/wp\/v2\/product_tag?post=227618"}],"curies":[{"name":"wp","href":"https:\/\/api.w.org\/{rel}","templated":true}]}}