{"id":227617,"date":"2022-03-07T15:20:24","date_gmt":"2022-03-07T13:20:24","guid":{"rendered":"https:\/\/www.huntersfriend.eu\/product\/primos-original-deer-can\/"},"modified":"2024-08-27T07:39:28","modified_gmt":"2024-08-27T05:39:28","slug":"primos-original-deer-can","status":"publish","type":"product","link":"https:\/\/www.huntersfriend.eu\/de\/produkt\/primos-original-deer-can\/","title":{"rendered":"Primos Original Deer Can"},"content":{"rendered":"<p>Estrus Bleats zeigen B\u00f6cken an, dass eine Ricke bereit ist f\u00fcr die Blattzeit. Wei\u00dfschwanz-, Schwarzschwanz- und Maultierhirsche reagieren alle schnell und dramatisch auf das zitternde Estrus Bleat der Ricke, das von THE Original CAN erzeugt wird. Dies ist bei weitem der beste Ruf, den wir kennen, um B\u00f6cke w\u00e4hrend der Vorbrunst, Brunst und Nachbrunst anzulocken. Perfekt f\u00fcr Whitetail, Blacktail und Mule Deer.<\/p>\n<p>Original Estrus Bleat f\u00fcr die Brunft<br \/>\nLeise getragenes Daumenloch<br \/>\n#Die Nummer 1 f\u00fcr Hirsche aller Zeiten<\/p>\n","protected":false},"excerpt":{"rendered":"<p>Estrus Bleats zeigen B\u00f6cken an, dass eine Ricke bereit ist f\u00fcr die Blattzeit. Wei\u00dfschwanz-, Schwarzschwanz- und Maultierhirsche reagieren alle schnell und dramatisch auf das zitternde Estrus Bleat der Ricke, das von THE Original CAN erzeugt wird. Dies ist bei weitem der beste Ruf, den wir kennen, um B\u00f6cke w\u00e4hrend der Vorbrunst, Brunst und Nachbrunst anzulocken. [&#8230;]\n","protected":false},"featured_media":224984,"comment_status":"open","ping_status":"closed","template":"","meta":[],"product_brand":[],"product_cat":[1145],"product_tag":[],"class_list":{"0":"post-227617","1":"product","2":"type-product","3":"status-publish","4":"has-post-thumbnail","6":"product_cat-sonstiges","8":"first","9":"outofstock","10":"taxable","11":"shipping-taxable","12":"purchasable","13":"product-type-simple"},"composite_virtual":false,"composite_layout":"","composite_add_to_cart_form_location":"","composite_editable_in_cart":false,"composite_sold_individually_context":"","composite_shop_price_calc":"","composite_components":[],"composite_scenarios":[],"group_of_quantity":0,"min_quantity":0,"max_quantity":"","exclude_order_quantity_value_rules":"no","exclude_category_quantity_rules":"no","combine_variations":"no","exclude_global_add_ons":[],"addons":[],"_links":{"self":[{"href":"https:\/\/www.huntersfriend.eu\/de\/wp-json\/wp\/v2\/product\/227617","targetHints":{"allow":["GET"]}}],"collection":[{"href":"https:\/\/www.huntersfriend.eu\/de\/wp-json\/wp\/v2\/product"}],"about":[{"href":"https:\/\/www.huntersfriend.eu\/de\/wp-json\/wp\/v2\/types\/product"}],"replies":[{"embeddable":true,"href":"https:\/\/www.huntersfriend.eu\/de\/wp-json\/wp\/v2\/comments?post=227617"}],"wp:featuredmedia":[{"embeddable":true,"href":"https:\/\/www.huntersfriend.eu\/de\/wp-json\/wp\/v2\/media\/224984"}],"wp:attachment":[{"href":"https:\/\/www.huntersfriend.eu\/de\/wp-json\/wp\/v2\/media?parent=227617"}],"wp:term":[{"taxonomy":"product_brand","embeddable":true,"href":"https:\/\/www.huntersfriend.eu\/de\/wp-json\/wp\/v2\/product_brand?post=227617"},{"taxonomy":"product_cat","embeddable":true,"href":"https:\/\/www.huntersfriend.eu\/de\/wp-json\/wp\/v2\/product_cat?post=227617"},{"taxonomy":"product_tag","embeddable":true,"href":"https:\/\/www.huntersfriend.eu\/de\/wp-json\/wp\/v2\/product_tag?post=227617"}],"curies":[{"name":"wp","href":"https:\/\/api.w.org\/{rel}","templated":true}]}}