{"id":227616,"date":"2022-03-07T15:20:25","date_gmt":"2022-03-07T13:20:25","guid":{"rendered":"https:\/\/www.huntersfriend.eu\/product\/primos-the-lil-can\/"},"modified":"2025-06-23T13:06:57","modified_gmt":"2025-06-23T11:06:57","slug":"primos-the-lil-can","status":"publish","type":"product","link":"https:\/\/www.huntersfriend.eu\/de\/produkt\/primos-the-lil-can\/","title":{"rendered":"Primos the lil&#8216; can"},"content":{"rendered":"<p>&#8222;THE Lil&#8216; CAN\u00ae&#8220; ist perfekt f\u00fcr die fr\u00fche Jagdsaison. Mit &#8222;THE Lil&#8216; CAN\u00ae&#8220; k\u00f6nnen Sie in der Fr\u00fchsaison nichts falsch machen. Wei\u00dfwedelhirsche, Schwarzwedelhirsche und Maultierhirsche k\u00f6nnen alle schnell und dramatisch auf die von &#8222;THE Lil&#8216; CAN\u00ae&#8220; produzierten &#8222;zitternden&#8220; Brunftrufe der Ricke reagieren. Sie werden nicht entt\u00e4uscht sein.   <\/p>\n<ul>\n<li>Kleiner f\u00fcr h\u00f6her klingende Rufe junger Ricken<\/li>\n<li>Ideal f\u00fcr die Jagd in der fr\u00fchen Saison<\/li>\n<\/ul>\n","protected":false},"excerpt":{"rendered":"<p>&#8222;THE Lil&#8216; CAN\u00ae&#8220; ist perfekt f\u00fcr die fr\u00fche Jagdsaison. Mit &#8222;THE Lil&#8216; CAN\u00ae&#8220; k\u00f6nnen Sie in der Fr\u00fchsaison nichts falsch machen. Wei\u00dfwedelhirsche, Schwarzwedelhirsche und Maultierhirsche k\u00f6nnen alle schnell und dramatisch auf die von &#8222;THE Lil&#8216; CAN\u00ae&#8220; produzierten &#8222;zitternden&#8220; Brunftrufe der Ricke reagieren. Sie werden nicht entt\u00e4uscht sein. Kleiner f\u00fcr h\u00f6her klingende Rufe junger Ricken Ideal [&#8230;]\n","protected":false},"featured_media":224988,"comment_status":"open","ping_status":"closed","template":"","meta":[],"product_brand":[],"product_cat":[1183],"product_tag":[],"class_list":{"0":"post-227616","1":"product","2":"type-product","3":"status-publish","4":"has-post-thumbnail","6":"product_cat-groswild-locker","8":"first","9":"instock","10":"taxable","11":"shipping-taxable","12":"purchasable","13":"product-type-simple"},"composite_virtual":false,"composite_layout":"","composite_add_to_cart_form_location":"","composite_editable_in_cart":false,"composite_sold_individually_context":"","composite_shop_price_calc":"","composite_components":[],"composite_scenarios":[],"group_of_quantity":0,"min_quantity":0,"max_quantity":"","exclude_order_quantity_value_rules":"no","exclude_category_quantity_rules":"no","combine_variations":"no","exclude_global_add_ons":[],"addons":[],"_links":{"self":[{"href":"https:\/\/www.huntersfriend.eu\/de\/wp-json\/wp\/v2\/product\/227616","targetHints":{"allow":["GET"]}}],"collection":[{"href":"https:\/\/www.huntersfriend.eu\/de\/wp-json\/wp\/v2\/product"}],"about":[{"href":"https:\/\/www.huntersfriend.eu\/de\/wp-json\/wp\/v2\/types\/product"}],"replies":[{"embeddable":true,"href":"https:\/\/www.huntersfriend.eu\/de\/wp-json\/wp\/v2\/comments?post=227616"}],"wp:featuredmedia":[{"embeddable":true,"href":"https:\/\/www.huntersfriend.eu\/de\/wp-json\/wp\/v2\/media\/224988"}],"wp:attachment":[{"href":"https:\/\/www.huntersfriend.eu\/de\/wp-json\/wp\/v2\/media?parent=227616"}],"wp:term":[{"taxonomy":"product_brand","embeddable":true,"href":"https:\/\/www.huntersfriend.eu\/de\/wp-json\/wp\/v2\/product_brand?post=227616"},{"taxonomy":"product_cat","embeddable":true,"href":"https:\/\/www.huntersfriend.eu\/de\/wp-json\/wp\/v2\/product_cat?post=227616"},{"taxonomy":"product_tag","embeddable":true,"href":"https:\/\/www.huntersfriend.eu\/de\/wp-json\/wp\/v2\/product_tag?post=227616"}],"curies":[{"name":"wp","href":"https:\/\/api.w.org\/{rel}","templated":true}]}}