{"id":227614,"date":"2022-03-09T23:01:07","date_gmt":"2022-03-09T21:01:07","guid":{"rendered":"https:\/\/www.huntersfriend.eu\/product\/srt-3d-polarbaer-baby\/"},"modified":"2024-08-27T07:39:28","modified_gmt":"2024-08-27T05:39:28","slug":"srt-3d-polarbaer-baby","status":"publish","type":"product","link":"https:\/\/www.huntersfriend.eu\/de\/produkt\/srt-3d-polarbaer-baby\/","title":{"rendered":"SRT 3D Polarb\u00e4r Baby"},"content":{"rendered":"<p>Zielteile: 1<br \/>\nAnzahl der Ringe: 3<br \/>\nL\u00e4nge: 102 cm<br \/>\nH\u00f6he: 57 cm<\/p>\n<p>Eine neue 3D-Zielscheibe, mit Liebe vom 3D-K\u00fcnstler Sandro Ruggiu handgefertigt, die so nat\u00fcrlich ist, dass man zweimal hinschauen muss, um sicher zu sein, dass sie sich nicht bewegt<\/p>\n","protected":false},"excerpt":{"rendered":"<p>Zielteile: 1 Anzahl der Ringe: 3 L\u00e4nge: 102 cm H\u00f6he: 57 cm Eine neue 3D-Zielscheibe, mit Liebe vom 3D-K\u00fcnstler Sandro Ruggiu handgefertigt, die so nat\u00fcrlich ist, dass man zweimal hinschauen muss, um sicher zu sein, dass sie sich nicht bewegt<\/p>\n","protected":false},"featured_media":226010,"comment_status":"open","ping_status":"closed","template":"","meta":[],"product_brand":[],"product_cat":[1145],"product_tag":[],"class_list":{"0":"post-227614","1":"product","2":"type-product","3":"status-publish","4":"has-post-thumbnail","6":"product_cat-sonstiges","7":"product_shipping_class-big-de","9":"first","10":"onbackorder","11":"taxable","12":"shipping-taxable","13":"purchasable","14":"product-type-simple"},"composite_virtual":false,"composite_layout":"","composite_add_to_cart_form_location":"","composite_editable_in_cart":false,"composite_sold_individually_context":"","composite_shop_price_calc":"","composite_components":[],"composite_scenarios":[],"group_of_quantity":0,"min_quantity":0,"max_quantity":"","exclude_order_quantity_value_rules":"no","exclude_category_quantity_rules":"no","combine_variations":"no","exclude_global_add_ons":[],"addons":[],"_links":{"self":[{"href":"https:\/\/www.huntersfriend.eu\/de\/wp-json\/wp\/v2\/product\/227614","targetHints":{"allow":["GET"]}}],"collection":[{"href":"https:\/\/www.huntersfriend.eu\/de\/wp-json\/wp\/v2\/product"}],"about":[{"href":"https:\/\/www.huntersfriend.eu\/de\/wp-json\/wp\/v2\/types\/product"}],"replies":[{"embeddable":true,"href":"https:\/\/www.huntersfriend.eu\/de\/wp-json\/wp\/v2\/comments?post=227614"}],"wp:featuredmedia":[{"embeddable":true,"href":"https:\/\/www.huntersfriend.eu\/de\/wp-json\/wp\/v2\/media\/226010"}],"wp:attachment":[{"href":"https:\/\/www.huntersfriend.eu\/de\/wp-json\/wp\/v2\/media?parent=227614"}],"wp:term":[{"taxonomy":"product_brand","embeddable":true,"href":"https:\/\/www.huntersfriend.eu\/de\/wp-json\/wp\/v2\/product_brand?post=227614"},{"taxonomy":"product_cat","embeddable":true,"href":"https:\/\/www.huntersfriend.eu\/de\/wp-json\/wp\/v2\/product_cat?post=227614"},{"taxonomy":"product_tag","embeddable":true,"href":"https:\/\/www.huntersfriend.eu\/de\/wp-json\/wp\/v2\/product_tag?post=227614"}],"curies":[{"name":"wp","href":"https:\/\/api.w.org\/{rel}","templated":true}]}}