{"id":227605,"date":"2022-03-14T15:20:19","date_gmt":"2022-03-14T13:20:19","guid":{"rendered":"https:\/\/www.huntersfriend.eu\/product\/hamskea-espsilon-pfeilauflage\/"},"modified":"2026-04-24T06:38:53","modified_gmt":"2026-04-24T04:38:53","slug":"hamskea-espsilon-pfeilauflage","status":"publish","type":"product","link":"https:\/\/www.huntersfriend.eu\/de\/produkt\/hamskea-espsilon-pfeilauflage\/","title":{"rendered":"Hamskea epsilon Pfeilauflage"},"content":{"rendered":"<p>Die Epsilon Pfeilauflage wurde entwickelt, um den Industriestandard f\u00fcr eine Pfeilauflage mit C.O.R. Befestigungstechnologie neu zu definieren.<\/p>\n<p>Dieser Artikel verf\u00fcgt \u00fcber eine universelle Befestigung f\u00fcr jeden Standardbogen.<\/p>\n<p>Eigenschaften:<\/p>\n<ul>\n<li>C.O.R. Befestigungstechnologie, die den Pfeil konstruktionsbedingt im Zentrum positioniert<\/li>\n<li>Eine der kompaktesten Plattformen von Hamskea bis dato<\/li>\n<li>Die Pfeilauflage befindet sich in einer Linie hinter dem Griff und eliminiert so St\u00f6rungen durch den K\u00f6cher<\/li>\n<li>Mikro-Feineinstellung mit Rastung f\u00fcr zus\u00e4tzliche Seiten- und H\u00f6henverstellungen<\/li>\n<li>\u00c4u\u00dferst sicheres &amp; pr\u00e4zises Picatinny-Klemmsystem<\/li>\n<li>Konfigurierbar f\u00fcr oberen Wurfarm-, unteren Wurfarm- oder seilgetriebene Aktivierung<\/li>\n<li>Eliminiert laterale Schaftbewegungen durch Zero Tolerance Technology (ZTT)<\/li>\n<li>Drei Edelstahl-Kugellager f\u00fcr maximale Plattformstabilit\u00e4t<\/li>\n<li>Ger\u00e4uschd\u00e4mpfender elastomerer R\u00fcckpralld\u00e4mpfer (Patent angemeldet)<\/li>\n<li>Seilklemmen-Spanner<\/li>\n<li>Launcher-Torsionsfeder und Launcher-Winkeleinstellung<\/li>\n<li>Delta V Pfeilf\u00fchrung und am Griff montierte Pfeilf\u00fchrung inklusive<\/li>\n<\/ul>\n<p>Die Epsilon Pfeilauflage wurde konzipiert, um das Herzst\u00fcck des Bogenschie\u00dfens zu ver\u00e4ndern, indem sie eine auf den Mittelpunkt optimierte Auflage und ein Befestigungssystem f\u00fcr alle verf\u00fcgbar macht. Die Auflage kann in einer Linie mit dem Mittelteil montiert werden, was eine \u00e4u\u00dferst flache Passform erm\u00f6glicht. Diese kleinere, leichtere Auflage sorgt f\u00fcr eine engere Passform in Bezug auf den K\u00f6cherabstand und die Massenzentrierung. Die Epsilon verf\u00fcgt \u00fcber neue Mikro-Klick-Einstellungen f\u00fcr Seiten- und H\u00f6henverstellung mit Rastung (0,003 Zoll pro Klick), die eine ultimative Pr\u00e4zision bei der Einstellung Ihrer Auflage bieten. Die \u00fcberspritzte Halterung ist ein neues zweiteiliges System, das ein einfaches Einlegen des Pfeils erm\u00f6glicht. Der \u00fcberspritzte Launcher mit Stahlkern weist ein neues gebogenes Design f\u00fcr die ultimative Passform und Funktion auf. Das Rebound D\u00e4mpfungssystem ist bei der Epsilon standardm\u00e4\u00dfig enthalten und hilft, den Schock zu mindern, der w\u00e4hrend des Schusses von den Wurfarmen auf die Auflage \u00fcbertragen wird, und verhindert den Verschlei\u00df, der schlie\u00dflich zum Versagen f\u00fchren k\u00f6nnte. Die Epsilon Pfeilauflage wird entweder mit der Universal L-Halterung oder der Mathews-zertifizierten C.O.R. Befestigungshalterung geliefert, wodurch die perfekte Befestigungsl\u00f6sung entsteht \u2013 unabh\u00e4ngig davon, welchen Bogen Sie verwenden. Dar\u00fcber hinaus ist ein Umr\u00fcstsatz f\u00fcr Zielscheiben erh\u00e4ltlich, mit dem Sie Ihre Auflage von der Jagd auf den Turnierparcours umstellen k\u00f6nnen.        <\/p>\n","protected":false},"excerpt":{"rendered":"<p>Fall-away, schwarz<\/p>\n","protected":false},"featured_media":226001,"comment_status":"open","ping_status":"closed","template":"","meta":[],"product_brand":[],"product_cat":[1145],"product_tag":[],"class_list":{"0":"post-227605","1":"product","2":"type-product","3":"status-publish","4":"has-post-thumbnail","6":"product_cat-sonstiges","8":"first","9":"outofstock","10":"sale","11":"taxable","12":"shipping-taxable","13":"purchasable","14":"product-type-variable"},"composite_virtual":false,"composite_layout":"","composite_add_to_cart_form_location":"","composite_editable_in_cart":false,"composite_sold_individually_context":"","composite_shop_price_calc":"","composite_components":[],"composite_scenarios":[],"group_of_quantity":0,"min_quantity":0,"max_quantity":"","exclude_order_quantity_value_rules":"no","exclude_category_quantity_rules":"no","combine_variations":"no","exclude_global_add_ons":[],"addons":[],"_links":{"self":[{"href":"https:\/\/www.huntersfriend.eu\/de\/wp-json\/wp\/v2\/product\/227605","targetHints":{"allow":["GET"]}}],"collection":[{"href":"https:\/\/www.huntersfriend.eu\/de\/wp-json\/wp\/v2\/product"}],"about":[{"href":"https:\/\/www.huntersfriend.eu\/de\/wp-json\/wp\/v2\/types\/product"}],"replies":[{"embeddable":true,"href":"https:\/\/www.huntersfriend.eu\/de\/wp-json\/wp\/v2\/comments?post=227605"}],"wp:featuredmedia":[{"embeddable":true,"href":"https:\/\/www.huntersfriend.eu\/de\/wp-json\/wp\/v2\/media\/226001"}],"wp:attachment":[{"href":"https:\/\/www.huntersfriend.eu\/de\/wp-json\/wp\/v2\/media?parent=227605"}],"wp:term":[{"taxonomy":"product_brand","embeddable":true,"href":"https:\/\/www.huntersfriend.eu\/de\/wp-json\/wp\/v2\/product_brand?post=227605"},{"taxonomy":"product_cat","embeddable":true,"href":"https:\/\/www.huntersfriend.eu\/de\/wp-json\/wp\/v2\/product_cat?post=227605"},{"taxonomy":"product_tag","embeddable":true,"href":"https:\/\/www.huntersfriend.eu\/de\/wp-json\/wp\/v2\/product_tag?post=227605"}],"curies":[{"name":"wp","href":"https:\/\/api.w.org\/{rel}","templated":true}]}}