{"id":227558,"date":"2019-09-27T11:20:48","date_gmt":"2019-09-27T09:20:48","guid":{"rendered":"https:\/\/www.huntersfriend.eu\/product\/duel-dressed-for-distress\/"},"modified":"2024-08-26T10:09:44","modified_gmt":"2024-08-26T08:09:44","slug":"duel-dressed-for-distress","status":"publish","type":"product","link":"https:\/\/www.huntersfriend.eu\/de\/produkt\/duel-dressed-for-distress\/","title":{"rendered":"Duel Dressed Kombi-Notruf"},"content":{"rendered":"<p>Duel Dressed Kombi-Notruf ist ein offener Reed-Call-Ruf, der eine gro\u00dfe Variation von Rufen erm\u00f6glicht: Klassische Elster in Not, Raubtierjungenkl\u00e4ffen, Quietschen, Schreien und Quieken sowie Hasen- und Kaninchennotrufe.<\/p>\n<p>Notruf der Beute<br \/>\nKlassische Elster in Not<br \/>\nJaulen, Quietschen, Schreien und Quietschen von Welpen<\/p>\n","protected":false},"excerpt":{"rendered":"<p>Duel Dressed Kombi-Notruf ist ein offener Reed-Call-Ruf, der eine gro\u00dfe Variation von Rufen erm\u00f6glicht: Klassische Elster in Not, Raubtierjungenkl\u00e4ffen, Quietschen, Schreien und Quieken sowie Hasen- und Kaninchennotrufe. Notruf der Beute Klassische Elster in Not Jaulen, Quietschen, Schreien und Quietschen von Welpen<\/p>\n","protected":false},"featured_media":208847,"comment_status":"open","ping_status":"closed","template":"","meta":[],"product_brand":[],"product_cat":[1181],"product_tag":[],"class_list":{"0":"post-227558","1":"product","2":"type-product","3":"status-publish","4":"has-post-thumbnail","6":"product_cat-raubwild-locker","8":"first","9":"onbackorder","10":"taxable","11":"shipping-taxable","12":"purchasable","13":"product-type-simple"},"composite_virtual":false,"composite_layout":"","composite_add_to_cart_form_location":"","composite_editable_in_cart":false,"composite_sold_individually_context":"","composite_shop_price_calc":"","composite_components":[],"composite_scenarios":[],"group_of_quantity":0,"min_quantity":0,"max_quantity":"","exclude_order_quantity_value_rules":"no","exclude_category_quantity_rules":"no","combine_variations":"no","exclude_global_add_ons":[],"addons":[],"_links":{"self":[{"href":"https:\/\/www.huntersfriend.eu\/de\/wp-json\/wp\/v2\/product\/227558","targetHints":{"allow":["GET"]}}],"collection":[{"href":"https:\/\/www.huntersfriend.eu\/de\/wp-json\/wp\/v2\/product"}],"about":[{"href":"https:\/\/www.huntersfriend.eu\/de\/wp-json\/wp\/v2\/types\/product"}],"replies":[{"embeddable":true,"href":"https:\/\/www.huntersfriend.eu\/de\/wp-json\/wp\/v2\/comments?post=227558"}],"wp:featuredmedia":[{"embeddable":true,"href":"https:\/\/www.huntersfriend.eu\/de\/wp-json\/wp\/v2\/media\/208847"}],"wp:attachment":[{"href":"https:\/\/www.huntersfriend.eu\/de\/wp-json\/wp\/v2\/media?parent=227558"}],"wp:term":[{"taxonomy":"product_brand","embeddable":true,"href":"https:\/\/www.huntersfriend.eu\/de\/wp-json\/wp\/v2\/product_brand?post=227558"},{"taxonomy":"product_cat","embeddable":true,"href":"https:\/\/www.huntersfriend.eu\/de\/wp-json\/wp\/v2\/product_cat?post=227558"},{"taxonomy":"product_tag","embeddable":true,"href":"https:\/\/www.huntersfriend.eu\/de\/wp-json\/wp\/v2\/product_tag?post=227558"}],"curies":[{"name":"wp","href":"https:\/\/api.w.org\/{rel}","templated":true}]}}