{"id":227544,"date":"2019-09-27T11:20:49","date_gmt":"2019-09-27T09:20:49","guid":{"rendered":"https:\/\/www.huntersfriend.eu\/product\/duel-varmint-victim-nager-notruf\/"},"modified":"2024-08-26T10:09:43","modified_gmt":"2024-08-26T08:09:43","slug":"duel-varmint-victim-nager-notruf","status":"publish","type":"product","link":"https:\/\/www.huntersfriend.eu\/de\/produkt\/duel-varmint-victim-nager-notruf\/","title":{"rendered":"Duel Varmint Victim Nager Notruf"},"content":{"rendered":"<p>Duel Varmint Victim Micro Rodent Distress ist ein kleiner Ruf mit Nager-Notrufen und hohen Vogelnotrufen. Gro\u00dfartiger Ruf f\u00fcr Rotfuchs und Waschb\u00e4rhund.<\/p>\n<p>Kompaktes Design<br \/>\nNagetier-Notrufe<br \/>\nVogelnotruf in hoher Tonlage<\/p>\n","protected":false},"excerpt":{"rendered":"<p>Duel Varmint Victim Micro Rodent Distress ist ein kleiner Ruf mit Nager-Notrufen und hohen Vogelnotrufen. Gro\u00dfartiger Ruf f\u00fcr Rotfuchs und Waschb\u00e4rhund. Kompaktes Design Nagetier-Notrufe Vogelnotruf in hoher Tonlage<\/p>\n","protected":false},"featured_media":208850,"comment_status":"open","ping_status":"closed","template":"","meta":[],"product_brand":[],"product_cat":[1145],"product_tag":[],"class_list":{"0":"post-227544","1":"product","2":"type-product","3":"status-publish","4":"has-post-thumbnail","6":"product_cat-sonstiges","8":"first","9":"onbackorder","10":"taxable","11":"shipping-taxable","12":"purchasable","13":"product-type-simple"},"composite_virtual":false,"composite_layout":"","composite_add_to_cart_form_location":"","composite_editable_in_cart":false,"composite_sold_individually_context":"","composite_shop_price_calc":"","composite_components":[],"composite_scenarios":[],"group_of_quantity":0,"min_quantity":0,"max_quantity":"","exclude_order_quantity_value_rules":"no","exclude_category_quantity_rules":"no","combine_variations":"no","exclude_global_add_ons":[],"addons":[],"_links":{"self":[{"href":"https:\/\/www.huntersfriend.eu\/de\/wp-json\/wp\/v2\/product\/227544","targetHints":{"allow":["GET"]}}],"collection":[{"href":"https:\/\/www.huntersfriend.eu\/de\/wp-json\/wp\/v2\/product"}],"about":[{"href":"https:\/\/www.huntersfriend.eu\/de\/wp-json\/wp\/v2\/types\/product"}],"replies":[{"embeddable":true,"href":"https:\/\/www.huntersfriend.eu\/de\/wp-json\/wp\/v2\/comments?post=227544"}],"wp:featuredmedia":[{"embeddable":true,"href":"https:\/\/www.huntersfriend.eu\/de\/wp-json\/wp\/v2\/media\/208850"}],"wp:attachment":[{"href":"https:\/\/www.huntersfriend.eu\/de\/wp-json\/wp\/v2\/media?parent=227544"}],"wp:term":[{"taxonomy":"product_brand","embeddable":true,"href":"https:\/\/www.huntersfriend.eu\/de\/wp-json\/wp\/v2\/product_brand?post=227544"},{"taxonomy":"product_cat","embeddable":true,"href":"https:\/\/www.huntersfriend.eu\/de\/wp-json\/wp\/v2\/product_cat?post=227544"},{"taxonomy":"product_tag","embeddable":true,"href":"https:\/\/www.huntersfriend.eu\/de\/wp-json\/wp\/v2\/product_tag?post=227544"}],"curies":[{"name":"wp","href":"https:\/\/api.w.org\/{rel}","templated":true}]}}