{"id":225609,"date":"2019-10-28T15:20:21","date_gmt":"2019-10-28T13:20:21","guid":{"rendered":"https:\/\/www.huntersfriend.eu\/product\/bohning-triple-tower-befiederungsgerat\/"},"modified":"2026-04-08T14:11:39","modified_gmt":"2026-04-08T12:11:39","slug":"bohning-triple-tower-befiederungsgerat","status":"publish","type":"product","link":"https:\/\/www.huntersfriend.eu\/de\/produkt\/bohning-triple-tower-befiederungsgerat\/","title":{"rendered":"Bohning Triple Tower Befiederungshilfe"},"content":{"rendered":"<p>Befiedern Sie drei Vanes oder Federn gleichzeitig mit dem Bohning Tower Jig.<span class=\"Apple-converted-space\">  <\/span>Diese revolution\u00e4re Befiederungshilfe bietet eine au\u00dfergew\u00f6hnliche Haftkraft, die gleichm\u00e4\u00dfig entlang der Basis der Vane oder Feder verteilt wird.<span class=\"Apple-converted-space\">  <\/span>Sie erhalten konsistente Winkel und einen perfekten 120\u00b0-Abstand. Das langlebige, technische Verbundmaterial kann mit Aceton gereinigt werden, um Klebstoffreste zu entfernen. <\/p>\n<p>Diese Dreifach-Konfigurationsversion verf\u00fcgt \u00fcber:<\/p>\n<ul>\n<li>Hochgradig einstellbar, um das Befiedern in drei verschiedenen Winkeln zu erm\u00f6glichen; gerade, 1\u00b0 Rechtsversatz und 3\u00b0 Rechtshelix<\/li>\n<li>Zeitsparendes Design erm\u00f6glicht das gleichzeitige Anbringen von drei Fletches, jedes Mal mit perfektem 120\u00b0-Abstand<\/li>\n<li>Enth\u00e4lt mehrere Mittelpfosten, passend f\u00fcr fast jeden Pfeil: Standard, Pin Nock, F Nock, H.E Nock und A Nock oder sogar Armbrustsch\u00e4fte<\/li>\n<li>Befiedert mit bis zu 4 Zoll langen Fletches, gerade oder mit 1\u00b0 Versatz (max. 2,25 Zoll f\u00fcr Helix)<\/li>\n<li>Universelle Basis kann alternative Arme f\u00fcr die gew\u00fcnschte Befiederung aufnehmen, ohne ein komplett neues Befiederungsger\u00e4t kaufen zu m\u00fcssen<\/li>\n<\/ul>\n<p>Alle Konfigurationen umfassen eine Basis, drei Gr\u00f6\u00dfen von Druckringen f\u00fcr alle Pfeildurchmesser, einen Satz von 3 Distanzplatten f\u00fcr zus\u00e4tzliche 0,025 Zoll (6 mm) Platz zwischen Nocke und Vane, und Klemm-L\u00f6seband.<\/p>\n","protected":false},"excerpt":{"rendered":"<p>Befiedern Sie drei Vanes oder Federn gleichzeitig mit dem Bohning Tower Jig. Diese revolution\u00e4re Befiederungshilfe bietet eine au\u00dfergew\u00f6hnliche Haftkraft, die gleichm\u00e4\u00dfig entlang der Basis der Vane oder Feder verteilt wird. Sie erhalten konsistente Winkel und einen perfekten 120\u00b0-Abstand. Das langlebige, technische Verbundmaterial kann mit Aceton gereinigt werden, um Klebstoffreste zu entfernen. Diese Dreifach-Konfigurationsversion verf\u00fcgt \u00fcber: [&#8230;]\n","protected":false},"featured_media":210980,"comment_status":"open","ping_status":"closed","template":"","meta":[],"product_brand":[],"product_cat":[1176],"product_tag":[],"class_list":{"0":"post-225609","1":"product","2":"type-product","3":"status-publish","4":"has-post-thumbnail","6":"product_cat-befiederungsgeraete","8":"first","9":"onbackorder","10":"taxable","11":"shipping-taxable","12":"purchasable","13":"product-type-simple"},"composite_virtual":false,"composite_layout":"","composite_add_to_cart_form_location":"","composite_editable_in_cart":false,"composite_sold_individually_context":"","composite_shop_price_calc":"","composite_components":[],"composite_scenarios":[],"group_of_quantity":0,"min_quantity":0,"max_quantity":"","exclude_order_quantity_value_rules":"no","exclude_category_quantity_rules":"no","combine_variations":"no","exclude_global_add_ons":[],"addons":[],"_links":{"self":[{"href":"https:\/\/www.huntersfriend.eu\/de\/wp-json\/wp\/v2\/product\/225609","targetHints":{"allow":["GET"]}}],"collection":[{"href":"https:\/\/www.huntersfriend.eu\/de\/wp-json\/wp\/v2\/product"}],"about":[{"href":"https:\/\/www.huntersfriend.eu\/de\/wp-json\/wp\/v2\/types\/product"}],"replies":[{"embeddable":true,"href":"https:\/\/www.huntersfriend.eu\/de\/wp-json\/wp\/v2\/comments?post=225609"}],"wp:featuredmedia":[{"embeddable":true,"href":"https:\/\/www.huntersfriend.eu\/de\/wp-json\/wp\/v2\/media\/210980"}],"wp:attachment":[{"href":"https:\/\/www.huntersfriend.eu\/de\/wp-json\/wp\/v2\/media?parent=225609"}],"wp:term":[{"taxonomy":"product_brand","embeddable":true,"href":"https:\/\/www.huntersfriend.eu\/de\/wp-json\/wp\/v2\/product_brand?post=225609"},{"taxonomy":"product_cat","embeddable":true,"href":"https:\/\/www.huntersfriend.eu\/de\/wp-json\/wp\/v2\/product_cat?post=225609"},{"taxonomy":"product_tag","embeddable":true,"href":"https:\/\/www.huntersfriend.eu\/de\/wp-json\/wp\/v2\/product_tag?post=225609"}],"curies":[{"name":"wp","href":"https:\/\/api.w.org\/{rel}","templated":true}]}}