{"id":225335,"date":"2019-12-03T12:07:56","date_gmt":"2019-12-03T10:07:56","guid":{"rendered":"https:\/\/www.huntersfriend.eu\/product\/bohning-x2-vane\/"},"modified":"2025-09-10T07:21:09","modified_gmt":"2025-09-10T05:21:09","slug":"bohning-x2-vane","status":"publish","type":"product","link":"https:\/\/www.huntersfriend.eu\/de\/produkt\/bohning-x2-vane\/","title":{"rendered":"Bohning X2 Fletche"},"content":{"rendered":"<p>Die Blazer X2 Fletche wurde f\u00fcr 3D- und Hallenbogenschie\u00dfen konzipiert. Sie wurde entwickelt, um auf l\u00e4ngere Distanzen eine flachere Flugbahn beizubehalten, und ist die kleinste Fletschenwahl, die f\u00fcr den Einsatz in der IBO Hunter Klasse erh\u00e4ltlich ist. Die Blazer X2 Fletche misst 1,85 Zoll (47 mm) in der L\u00e4nge, 0,44 Zoll (11,2 mm) in der H\u00f6he und wiegt durchschnittlich 4,8 Grain (311 mg). Wie alle Bohning Fletchen ist die Basis der Blazer Fletche f\u00fcr eine optimale Haftung vorbeschichtet.   <\/p>\n","protected":false},"excerpt":{"rendered":"<p>1,85 Zoll<\/p>\n","protected":false},"featured_media":181788,"comment_status":"open","ping_status":"closed","template":"","meta":[],"product_brand":[],"product_cat":[1097],"product_tag":[],"class_list":{"0":"post-225335","1":"product","2":"type-product","3":"status-publish","4":"has-post-thumbnail","6":"product_cat-fletching-de","8":"first","9":"instock","10":"taxable","11":"shipping-taxable","12":"purchasable","13":"product-type-variable"},"composite_virtual":false,"composite_layout":"","composite_add_to_cart_form_location":"","composite_editable_in_cart":false,"composite_sold_individually_context":"","composite_shop_price_calc":"","composite_components":[],"composite_scenarios":[],"group_of_quantity":0,"min_quantity":0,"max_quantity":"","exclude_order_quantity_value_rules":"no","exclude_category_quantity_rules":"no","combine_variations":"no","exclude_global_add_ons":[],"addons":[],"_links":{"self":[{"href":"https:\/\/www.huntersfriend.eu\/de\/wp-json\/wp\/v2\/product\/225335","targetHints":{"allow":["GET"]}}],"collection":[{"href":"https:\/\/www.huntersfriend.eu\/de\/wp-json\/wp\/v2\/product"}],"about":[{"href":"https:\/\/www.huntersfriend.eu\/de\/wp-json\/wp\/v2\/types\/product"}],"replies":[{"embeddable":true,"href":"https:\/\/www.huntersfriend.eu\/de\/wp-json\/wp\/v2\/comments?post=225335"}],"wp:featuredmedia":[{"embeddable":true,"href":"https:\/\/www.huntersfriend.eu\/de\/wp-json\/wp\/v2\/media\/181788"}],"wp:attachment":[{"href":"https:\/\/www.huntersfriend.eu\/de\/wp-json\/wp\/v2\/media?parent=225335"}],"wp:term":[{"taxonomy":"product_brand","embeddable":true,"href":"https:\/\/www.huntersfriend.eu\/de\/wp-json\/wp\/v2\/product_brand?post=225335"},{"taxonomy":"product_cat","embeddable":true,"href":"https:\/\/www.huntersfriend.eu\/de\/wp-json\/wp\/v2\/product_cat?post=225335"},{"taxonomy":"product_tag","embeddable":true,"href":"https:\/\/www.huntersfriend.eu\/de\/wp-json\/wp\/v2\/product_tag?post=225335"}],"curies":[{"name":"wp","href":"https:\/\/api.w.org\/{rel}","templated":true}]}}