{"id":225325,"date":"2019-12-03T12:36:04","date_gmt":"2019-12-03T10:36:04","guid":{"rendered":"https:\/\/www.huntersfriend.eu\/product\/bohning-heat-vane\/"},"modified":"2025-09-02T09:06:09","modified_gmt":"2025-09-02T07:06:09","slug":"bohning-heat-vane","status":"publish","type":"product","link":"https:\/\/www.huntersfriend.eu\/de\/produkt\/bohning-heat-vane\/","title":{"rendered":"Bohning Heat Vane"},"content":{"rendered":"<p>Die Heat Vane ist mit ihrem niedrigen Profil und ihrem leisen Flug ideal f\u00fcr die Bogenjagd und das 3D-Bogenschie\u00dfen und ist NASP-zugelassen. Sie wurde schnell auch f\u00fcr Indoor-Spots und Armbrustbolzen beliebt. Ihr niedriges Profil bietet mehr Kabelabstand, und das ultrastabile Material, aus dem die Heat Vane gefertigt ist, verhindert ein Flattern der Vane f\u00fcr eine reibungslose Pfeilrotation. Bei Verwendung mit einem Broadhead mit fester Klinge empfehlen wir eine Vierfachbefiederung. Die Heat Vane misst 2,5&#8243; (63,5 mm) in der L\u00e4nge, 0,41&#8243; (10,4 mm) in der H\u00f6he und wiegt durchschnittlich 6,0 Grains (388,8 mg). Wie alle Bohning Vanes ist die Basis der Heat Vane f\u00fcr optimale Haftung vorbehandelt.<br \/>\nAufgrund des ultrastabilen Materials empfehlen wir die Verwendung eines Sekundenklebers und\/oder einer Befiederungshilfe mit hoher Klebkraft.     <\/p>\n","protected":false},"excerpt":{"rendered":"<p>Die Heat Vane ist mit ihrem niedrigen Profil und ihrem leisen Flug ideal f\u00fcr die Bogenjagd und das 3D-Bogenschie\u00dfen und ist NASP-zugelassen. Sie wurde schnell auch f\u00fcr Indoor-Spots und Armbrustbolzen beliebt. Ihr niedriges Profil bietet mehr Kabelabstand, und das ultrastabile Material, aus dem die Heat Vane gefertigt ist, verhindert ein Flattern der Vane f\u00fcr eine [&#8230;]\n","protected":false},"featured_media":181804,"comment_status":"open","ping_status":"closed","template":"","meta":[],"product_brand":[],"product_cat":[1097],"product_tag":[],"class_list":{"0":"post-225325","1":"product","2":"type-product","3":"status-publish","4":"has-post-thumbnail","6":"product_cat-fletching-de","8":"first","9":"instock","10":"taxable","11":"shipping-taxable","12":"purchasable","13":"product-type-variable"},"composite_virtual":false,"composite_layout":"","composite_add_to_cart_form_location":"","composite_editable_in_cart":false,"composite_sold_individually_context":"","composite_shop_price_calc":"","composite_components":[],"composite_scenarios":[],"group_of_quantity":0,"min_quantity":0,"max_quantity":"","exclude_order_quantity_value_rules":"no","exclude_category_quantity_rules":"no","combine_variations":"no","exclude_global_add_ons":[],"addons":[],"_links":{"self":[{"href":"https:\/\/www.huntersfriend.eu\/de\/wp-json\/wp\/v2\/product\/225325","targetHints":{"allow":["GET"]}}],"collection":[{"href":"https:\/\/www.huntersfriend.eu\/de\/wp-json\/wp\/v2\/product"}],"about":[{"href":"https:\/\/www.huntersfriend.eu\/de\/wp-json\/wp\/v2\/types\/product"}],"replies":[{"embeddable":true,"href":"https:\/\/www.huntersfriend.eu\/de\/wp-json\/wp\/v2\/comments?post=225325"}],"wp:featuredmedia":[{"embeddable":true,"href":"https:\/\/www.huntersfriend.eu\/de\/wp-json\/wp\/v2\/media\/181804"}],"wp:attachment":[{"href":"https:\/\/www.huntersfriend.eu\/de\/wp-json\/wp\/v2\/media?parent=225325"}],"wp:term":[{"taxonomy":"product_brand","embeddable":true,"href":"https:\/\/www.huntersfriend.eu\/de\/wp-json\/wp\/v2\/product_brand?post=225325"},{"taxonomy":"product_cat","embeddable":true,"href":"https:\/\/www.huntersfriend.eu\/de\/wp-json\/wp\/v2\/product_cat?post=225325"},{"taxonomy":"product_tag","embeddable":true,"href":"https:\/\/www.huntersfriend.eu\/de\/wp-json\/wp\/v2\/product_tag?post=225325"}],"curies":[{"name":"wp","href":"https:\/\/api.w.org\/{rel}","templated":true}]}}