{"id":225318,"date":"2019-12-03T14:49:36","date_gmt":"2019-12-03T12:49:36","guid":{"rendered":"https:\/\/www.huntersfriend.eu\/product\/bohning-air-vane\/"},"modified":"2025-09-02T09:05:58","modified_gmt":"2025-09-02T07:05:58","slug":"bohning-air-vane","status":"publish","type":"product","link":"https:\/\/www.huntersfriend.eu\/de\/produkt\/bohning-air-vane\/","title":{"rendered":"Bohning Air Vane"},"content":{"rendered":"<p>Die Air Vane wurde f\u00fcr Pfeile mit kleinem Durchmesser entwickelt, die \u00fcber gro\u00dfe Entfernungen geschossen werden, und hat sich schnell zur meistverkauften Leitfeder von Bohning f\u00fcr Fita- und Feldbogenschie\u00dfen entwickelt. Wir empfehlen sie auch f\u00fcr 3D beim Schie\u00dfen mit Pfeilen kleinen Durchmessers. Sie ist eine ausgezeichnete Wahl sowohl f\u00fcr Compound- als auch f\u00fcr Recurve-Sch\u00fctzen, da ihr niedriges Profil den Kontakt mit der Pfeilauflage minimiert und ihre geringe Oberfl\u00e4che die Auswirkungen von Seitenwind reduziert. Die Air Vane misst 2 Zoll (50,8 mm) in der L\u00e4nge, 0,3 Zoll (7,6 mm) in der H\u00f6he und wiegt 4,5 Grain. Wie alle Bohning Leitfedern ist die Basis der Air Vane f\u00fcr optimale Haftung vorbeschichtet. Eine kurze Geschichte der Entwicklung der Air Vane: Im Jahr 2015 tat sich Bohning mit den Weltklasse-Bogensch\u00fctzen Pierre-Julien Deloche und Dominique Genet zusammen, um eine neue Outdoor-Leitfeder f\u00fcr l\u00e4ngere Distanzen und wechselhafte Wetterbedingungen zu entwickeln. Genet w\u00fcnschte sich speziell das gleiche niedrige Profil wie die Ice Vane, jedoch mit einem von der X-Vane inspirierten Heck, da dies die beiden Leitfedern waren, mit denen er die besten Ergebnisse erzielt hatte. Im Sommer 2015 wurde der Prototyp erstellt und an Genet und Deloche geschickt. Sie befiederten die Leitfedern in einem Winkel von 2 bis 3 Grad und nutzten sie w\u00e4hrend des Trainings und bei Turnieren f\u00fcr den Rest der Outdoor-Saison. Da die Ergebnisse den Erwartungen aller entsprachen, beschloss Bohning, die Air Vane in sein Sortiment an Ziel-Leitfedern aufzunehmen.         <\/p>\n","protected":false},"excerpt":{"rendered":"<p>Die Air Vane wurde f\u00fcr Pfeile mit kleinem Durchmesser entwickelt, die \u00fcber gro\u00dfe Entfernungen geschossen werden, und hat sich schnell zur meistverkauften Leitfeder von Bohning f\u00fcr Fita- und Feldbogenschie\u00dfen entwickelt. Wir empfehlen sie auch f\u00fcr 3D beim Schie\u00dfen mit Pfeilen kleinen Durchmessers. Sie ist eine ausgezeichnete Wahl sowohl f\u00fcr Compound- als auch f\u00fcr Recurve-Sch\u00fctzen, da [&#8230;]\n","protected":false},"featured_media":181817,"comment_status":"open","ping_status":"closed","template":"","meta":[],"product_brand":[],"product_cat":[1097],"product_tag":[],"class_list":{"0":"post-225318","1":"product","2":"type-product","3":"status-publish","4":"has-post-thumbnail","6":"product_cat-fletching-de","8":"first","9":"instock","10":"taxable","11":"shipping-taxable","12":"purchasable","13":"product-type-variable"},"composite_virtual":false,"composite_layout":"","composite_add_to_cart_form_location":"","composite_editable_in_cart":false,"composite_sold_individually_context":"","composite_shop_price_calc":"","composite_components":[],"composite_scenarios":[],"group_of_quantity":0,"min_quantity":0,"max_quantity":"","exclude_order_quantity_value_rules":"no","exclude_category_quantity_rules":"no","combine_variations":"no","exclude_global_add_ons":[],"addons":[],"_links":{"self":[{"href":"https:\/\/www.huntersfriend.eu\/de\/wp-json\/wp\/v2\/product\/225318","targetHints":{"allow":["GET"]}}],"collection":[{"href":"https:\/\/www.huntersfriend.eu\/de\/wp-json\/wp\/v2\/product"}],"about":[{"href":"https:\/\/www.huntersfriend.eu\/de\/wp-json\/wp\/v2\/types\/product"}],"replies":[{"embeddable":true,"href":"https:\/\/www.huntersfriend.eu\/de\/wp-json\/wp\/v2\/comments?post=225318"}],"wp:featuredmedia":[{"embeddable":true,"href":"https:\/\/www.huntersfriend.eu\/de\/wp-json\/wp\/v2\/media\/181817"}],"wp:attachment":[{"href":"https:\/\/www.huntersfriend.eu\/de\/wp-json\/wp\/v2\/media?parent=225318"}],"wp:term":[{"taxonomy":"product_brand","embeddable":true,"href":"https:\/\/www.huntersfriend.eu\/de\/wp-json\/wp\/v2\/product_brand?post=225318"},{"taxonomy":"product_cat","embeddable":true,"href":"https:\/\/www.huntersfriend.eu\/de\/wp-json\/wp\/v2\/product_cat?post=225318"},{"taxonomy":"product_tag","embeddable":true,"href":"https:\/\/www.huntersfriend.eu\/de\/wp-json\/wp\/v2\/product_tag?post=225318"}],"curies":[{"name":"wp","href":"https:\/\/api.w.org\/{rel}","templated":true}]}}