{"id":225307,"date":"2019-12-03T15:11:49","date_gmt":"2019-12-03T13:11:49","guid":{"rendered":"https:\/\/www.huntersfriend.eu\/product\/gateway-befiederung-10-spiral\/"},"modified":"2025-09-02T09:05:47","modified_gmt":"2025-09-02T07:05:47","slug":"gateway-befiederung-10-spiral","status":"publish","type":"product","link":"https:\/\/www.huntersfriend.eu\/de\/produkt\/gateway-befiederung-10-spiral\/","title":{"rendered":"Gateway Feder 10 Zoll Spirale"},"content":{"rendered":"<p>Spiralf\u00f6rmige 10-Zoll-Federn eignen sich am besten zur Herstellung der beliebten spiralf\u00f6rmigen Flu-Flu-Pfeile, wie auf dem Bild zu sehen.<\/p>\n<p>Volle L\u00e4nge rechte Fl\u00fcgelfedern haben ihre Kiele geschnitten, aber keine Form. Es gibt 8&#8243; guten schneidbaren Kiel und Feder. Sie k\u00f6nnen dann Ihren eigenen Schneider oder Brenner verwenden, um die gew\u00fcnschte Form und Gr\u00f6\u00dfe zu schneiden. Die Menge betr\u00e4gt 100 St\u00fcck pro Packung &#8211; Diese Feder wird im Durchschnitt 35 Millimeter hoch \u00fcber ihre L\u00e4nge sein. Diese Feder wird sowohl f\u00fcr Jagdpfeile als auch f\u00fcr Zielpfeile verwendet und kann auf allen Arten von Pfeilschaftmaterialien eingesetzt werden. Sie l\u00e4sst sich am besten mit Fast Fletch Klebstoff anbringen und kann sowohl von Rechts- als auch von Linksh\u00e4ndern verwendet werden.     <\/p>\n<p><strong>Hauptmerkmale:<\/strong><\/p>\n<ul>\n<li>Geeignet f\u00fcr Flu-Flu \/ Ja<\/li>\n<li>Geeignet f\u00fcr Zielscheibe \/ 3D: Ja<\/li>\n<li>Geeignet f\u00fcr die Jagd: Ja<\/li>\n<li>Anmerkung: Gestalten Sie Ihre eigene Form und Gr\u00f6\u00dfe<\/li>\n<li>H\u00f6he: 35 mm \/ 1,38 Zoll<\/li>\n<\/ul>\n","protected":false},"excerpt":{"rendered":"<p>Spiralf\u00f6rmige 10-Zoll-Federn eignen sich am besten zur Herstellung der beliebten spiralf\u00f6rmigen Flu-Flu-Pfeile, wie auf dem Bild zu sehen. Volle L\u00e4nge rechte Fl\u00fcgelfedern haben ihre Kiele geschnitten, aber keine Form. Es gibt 8&#8243; guten schneidbaren Kiel und Feder. Sie k\u00f6nnen dann Ihren eigenen Schneider oder Brenner verwenden, um die gew\u00fcnschte Form und Gr\u00f6\u00dfe zu schneiden. Die [&#8230;]\n","protected":false},"featured_media":181836,"comment_status":"open","ping_status":"closed","template":"","meta":[],"product_brand":[],"product_cat":[1097],"product_tag":[],"class_list":{"0":"post-225307","1":"product","2":"type-product","3":"status-publish","4":"has-post-thumbnail","6":"product_cat-fletching-de","8":"first","9":"instock","10":"taxable","11":"shipping-taxable","12":"purchasable","13":"product-type-variable"},"composite_virtual":false,"composite_layout":"","composite_add_to_cart_form_location":"","composite_editable_in_cart":false,"composite_sold_individually_context":"","composite_shop_price_calc":"","composite_components":[],"composite_scenarios":[],"group_of_quantity":0,"min_quantity":0,"max_quantity":"","exclude_order_quantity_value_rules":"no","exclude_category_quantity_rules":"no","combine_variations":"no","exclude_global_add_ons":[],"addons":[],"_links":{"self":[{"href":"https:\/\/www.huntersfriend.eu\/de\/wp-json\/wp\/v2\/product\/225307","targetHints":{"allow":["GET"]}}],"collection":[{"href":"https:\/\/www.huntersfriend.eu\/de\/wp-json\/wp\/v2\/product"}],"about":[{"href":"https:\/\/www.huntersfriend.eu\/de\/wp-json\/wp\/v2\/types\/product"}],"replies":[{"embeddable":true,"href":"https:\/\/www.huntersfriend.eu\/de\/wp-json\/wp\/v2\/comments?post=225307"}],"wp:featuredmedia":[{"embeddable":true,"href":"https:\/\/www.huntersfriend.eu\/de\/wp-json\/wp\/v2\/media\/181836"}],"wp:attachment":[{"href":"https:\/\/www.huntersfriend.eu\/de\/wp-json\/wp\/v2\/media?parent=225307"}],"wp:term":[{"taxonomy":"product_brand","embeddable":true,"href":"https:\/\/www.huntersfriend.eu\/de\/wp-json\/wp\/v2\/product_brand?post=225307"},{"taxonomy":"product_cat","embeddable":true,"href":"https:\/\/www.huntersfriend.eu\/de\/wp-json\/wp\/v2\/product_cat?post=225307"},{"taxonomy":"product_tag","embeddable":true,"href":"https:\/\/www.huntersfriend.eu\/de\/wp-json\/wp\/v2\/product_tag?post=225307"}],"curies":[{"name":"wp","href":"https:\/\/api.w.org\/{rel}","templated":true}]}}