{"id":225304,"date":"2020-01-31T20:20:29","date_gmt":"2020-01-31T18:20:29","guid":{"rendered":"https:\/\/www.huntersfriend.eu\/product\/b3-alpha-swivel-release\/"},"modified":"2025-09-02T09:06:27","modified_gmt":"2025-09-02T07:06:27","slug":"b3-alpha-swivel-release","status":"publish","type":"product","link":"https:\/\/www.huntersfriend.eu\/de\/produkt\/b3-alpha-swivel-release\/","title":{"rendered":"B3 Alpha Drehfreigabe"},"content":{"rendered":"<p><img decoding=\"async\" class=\"alignnone size-full wp-image-380\" src=\"https:\/\/b3archery.com\/app\/uploads\/2018\/11\/alpha-logo.jpg\" alt=\"\" width=\"167\" height=\"50\"><\/p>\n<p><b>B3&#8217;S NEUESTE DOPPELZANGEN-AUSL\u00d6SEHILFE.<\/b><\/p>\n<p><strong>Die Alpha<\/strong> verf\u00fcgt \u00fcber ein Rollenabzugsdesign und einen einstellbaren Abzug. Die geschw\u00e4rzten Edelstahlbacken sind vollst\u00e4ndig abgerundet, und die Alpha kann direkt an der Bogensehne oder mit einer Sehnenschlaufe verwendet werden. Sie setzt neue Ma\u00dfst\u00e4be in der Welt der Doppelzangen-Ausl\u00f6sehilfen. Die Alpha wird mit dem Handgelenkriemen in Standardgr\u00f6\u00dfe und einem blauen Drehgelenk geliefert. Wenn Sie einen Handgelenkriemen in einer anderen Gr\u00f6\u00dfe f\u00fcr Ihr Release w\u00fcnschen, kontaktieren Sie uns bitte.    <\/p>\n<div class=\"page\" title=\"Seite 4\">\n<div class=\"section\">\n<div class=\"layoutArea\">\n<div class=\"column\">\n<p><strong>Verf\u00fcgbare Anschl\u00fcsse:<br \/>\n<\/strong>Drehgelenkstiel \u2014 11 L\u00e4ngeneinstellungen<br \/>\nPatentierter Laschenverschluss-Drehgelenkstiel<br \/>\nPatentierter Flex-Anschluss<\/p>\n<\/div>\n<\/div>\n<\/div>\n<\/div>\n","protected":false},"excerpt":{"rendered":"<p>Drehzapfen schwarz<\/p>\n","protected":false},"featured_media":226577,"comment_status":"open","ping_status":"closed","template":"","meta":[],"product_brand":[],"product_cat":[1095],"product_tag":[],"class_list":{"0":"post-225304","1":"product","2":"type-product","3":"status-publish","4":"has-post-thumbnail","6":"product_cat-handgelenks-release","8":"first","9":"instock","10":"taxable","11":"shipping-taxable","12":"purchasable","13":"product-type-simple"},"composite_virtual":false,"composite_layout":"","composite_add_to_cart_form_location":"","composite_editable_in_cart":false,"composite_sold_individually_context":"","composite_shop_price_calc":"","composite_components":[],"composite_scenarios":[],"group_of_quantity":0,"min_quantity":0,"max_quantity":"","exclude_order_quantity_value_rules":"no","exclude_category_quantity_rules":"no","combine_variations":"no","exclude_global_add_ons":[],"addons":[],"_links":{"self":[{"href":"https:\/\/www.huntersfriend.eu\/de\/wp-json\/wp\/v2\/product\/225304","targetHints":{"allow":["GET"]}}],"collection":[{"href":"https:\/\/www.huntersfriend.eu\/de\/wp-json\/wp\/v2\/product"}],"about":[{"href":"https:\/\/www.huntersfriend.eu\/de\/wp-json\/wp\/v2\/types\/product"}],"replies":[{"embeddable":true,"href":"https:\/\/www.huntersfriend.eu\/de\/wp-json\/wp\/v2\/comments?post=225304"}],"wp:featuredmedia":[{"embeddable":true,"href":"https:\/\/www.huntersfriend.eu\/de\/wp-json\/wp\/v2\/media\/226577"}],"wp:attachment":[{"href":"https:\/\/www.huntersfriend.eu\/de\/wp-json\/wp\/v2\/media?parent=225304"}],"wp:term":[{"taxonomy":"product_brand","embeddable":true,"href":"https:\/\/www.huntersfriend.eu\/de\/wp-json\/wp\/v2\/product_brand?post=225304"},{"taxonomy":"product_cat","embeddable":true,"href":"https:\/\/www.huntersfriend.eu\/de\/wp-json\/wp\/v2\/product_cat?post=225304"},{"taxonomy":"product_tag","embeddable":true,"href":"https:\/\/www.huntersfriend.eu\/de\/wp-json\/wp\/v2\/product_tag?post=225304"}],"curies":[{"name":"wp","href":"https:\/\/api.w.org\/{rel}","templated":true}]}}