{"id":225303,"date":"2020-01-31T20:20:30","date_gmt":"2020-01-31T18:20:30","guid":{"rendered":"https:\/\/www.huntersfriend.eu\/product\/b3-rival-flex-release\/"},"modified":"2025-09-02T09:06:03","modified_gmt":"2025-09-02T07:06:03","slug":"b3-rival-flex-release","status":"publish","type":"product","link":"https:\/\/www.huntersfriend.eu\/de\/produkt\/b3-rival-flex-release\/","title":{"rendered":"B3 Rival Flex Ausl\u00f6ser"},"content":{"rendered":"<p><img decoding=\"async\" class=\"alignnone size-full wp-image-485\" src=\"https:\/\/b3archery.com\/app\/uploads\/2019\/01\/rival-logo.jpg\" alt=\"\" width=\"200\" height=\"50\"><\/p>\n<p><b>B3S NEUESTER DOPPELZANGEN-AUSL\u00d6SER.<\/b><\/p>\n<p><strong>Der Rival<\/strong> verf\u00fcgt \u00fcber schwarze Aluminiumbacken und unsere exklusiven Abzugsgummib\u00e4nder. Er ist in Schwarz, Blau oder Gr\u00fcn erh\u00e4ltlich \u2013 mit einer farblich passenden Verbindungsplatte am Flex Connector System. Der Rival ist ein gut aussehender, hochwertiger Ausl\u00f6ser, der hervorragend funktioniert, ohne das Budget zu sprengen. Greifen Sie zum Rival. Wenn Sie eine Handgelenkschlaufe in einer anderen Gr\u00f6\u00dfe oder Farbe zu Ihrem Ausl\u00f6ser w\u00fcnschen, kontaktieren Sie uns gerne.    <\/p>\n<div class=\"page\" title=\"Seite 7\">\n<div class=\"section\">\n<div class=\"layoutArea\">\n<div class=\"column\">\n<p><strong>Verf\u00fcgbare Anschl\u00fcsse:<\/strong><br \/>\nPatentiertes Flex Connector System \u2014 Stufenlose L\u00e4ngenverstellung<\/p>\n<\/div>\n<\/div>\n<\/div>\n<\/div>\n","protected":false},"excerpt":{"rendered":"<p>Flex-Anschluss schwarz<\/p>\n","protected":false},"featured_media":210190,"comment_status":"open","ping_status":"closed","template":"","meta":[],"product_brand":[],"product_cat":[1095],"product_tag":[],"class_list":{"0":"post-225303","1":"product","2":"type-product","3":"status-publish","4":"has-post-thumbnail","6":"product_cat-handgelenks-release","8":"first","9":"instock","10":"taxable","11":"shipping-taxable","12":"purchasable","13":"product-type-simple"},"composite_virtual":false,"composite_layout":"","composite_add_to_cart_form_location":"","composite_editable_in_cart":false,"composite_sold_individually_context":"","composite_shop_price_calc":"","composite_components":[],"composite_scenarios":[],"group_of_quantity":0,"min_quantity":0,"max_quantity":"","exclude_order_quantity_value_rules":"no","exclude_category_quantity_rules":"no","combine_variations":"no","exclude_global_add_ons":[],"addons":[],"_links":{"self":[{"href":"https:\/\/www.huntersfriend.eu\/de\/wp-json\/wp\/v2\/product\/225303","targetHints":{"allow":["GET"]}}],"collection":[{"href":"https:\/\/www.huntersfriend.eu\/de\/wp-json\/wp\/v2\/product"}],"about":[{"href":"https:\/\/www.huntersfriend.eu\/de\/wp-json\/wp\/v2\/types\/product"}],"replies":[{"embeddable":true,"href":"https:\/\/www.huntersfriend.eu\/de\/wp-json\/wp\/v2\/comments?post=225303"}],"wp:featuredmedia":[{"embeddable":true,"href":"https:\/\/www.huntersfriend.eu\/de\/wp-json\/wp\/v2\/media\/210190"}],"wp:attachment":[{"href":"https:\/\/www.huntersfriend.eu\/de\/wp-json\/wp\/v2\/media?parent=225303"}],"wp:term":[{"taxonomy":"product_brand","embeddable":true,"href":"https:\/\/www.huntersfriend.eu\/de\/wp-json\/wp\/v2\/product_brand?post=225303"},{"taxonomy":"product_cat","embeddable":true,"href":"https:\/\/www.huntersfriend.eu\/de\/wp-json\/wp\/v2\/product_cat?post=225303"},{"taxonomy":"product_tag","embeddable":true,"href":"https:\/\/www.huntersfriend.eu\/de\/wp-json\/wp\/v2\/product_tag?post=225303"}],"curies":[{"name":"wp","href":"https:\/\/api.w.org\/{rel}","templated":true}]}}